{"id":4667,"date":"2023-08-11T14:25:38","date_gmt":"2023-08-11T17:25:38","guid":{"rendered":"https:\/\/lidertecsa.com.ar\/catalogo\/?post_type=product&#038;p=4667"},"modified":"2024-12-13T16:44:26","modified_gmt":"2024-12-13T19:44:26","slug":"resina-para-parche-plastico-reforzado","status":"publish","type":"product","link":"https:\/\/lidertecsa.com.ar\/catalogo\/producto\/resina-para-parche-plastico-reforzado\/","title":{"rendered":"Resina para Parche Pl\u00e1stico Reforzado"},"content":{"rendered":"<div class=\"ficprod-C13\">\n<div class=\"ficprod-C12\">Es un producto dise\u00f1ado para plastico reforzado de fibra de vidrio para reparaciones en frio. Resina poliester: universal de curado rapido con excelentes propiedades luego de su polimerizacion. Catalizador: Peroxido de benzoilo en pasta.<\/div>\n<div class=\"ficprod-C2 bordeinferior1\">\n<p><span class=\"ficprod-subtitsecc\">Caracter\u00edsticas<\/span><\/p>\n<ul class=\"ficprod-ul\">\n<li>Facil de usar: se utiliza para reparaciones peque\u00f1as o para reforzar superficies debilitadas abolladiras o rajaduras etc.<\/li>\n<li>Reparaciones resistentes: el fieltro de vidrio proporciona un excelente soporte , le da mayor resistencia a la superficie reparada.<\/li>\n<li>No remueve ni ataca los metales.<\/li>\n<li>Plasticos Reforzados: la mezcla de resinas esta dise\u00f1ada para adherirse a los plasticos reforzados con fibra\/fieltro de vidrio.<\/li>\n<li>Bajo costo: reparaciones economicas ya que se moldea en frioy no necesita cortar o soldar con otros elementos.<\/li>\n<\/ul>\n<\/div>\n<div class=\"ficprod-C3 bordeinferior1\">\n<p><span class=\"ficprod-subtitsecc\">Modo de preparaci\u00f3n<\/span><\/p>\n<ul class=\"ficprod-ul\">\n<li>Preparar la superficie a reparar, eliminando todo resto de oxido y\/o pintura, en un area algo mayor a la de la reparacion.<\/li>\n<li>Cortar un trozo de pa\u00f1o de lana de vidrio igual al tama\u00f1o de la zona ya limpia.<\/li>\n<li>Colocar la cantidad de Resina (componente A) que se estime necesario dentro del recipiente batea e incorporar el 2% en peso del endurecedor (componente B), mezclar hasta lograr una total homogeneizacion. A: 100 gr, B: 2 gr.<\/li>\n<li>A 20\u00ba C tendra un tiempo de trabajo de 10 a 20 minutos aproximadamente antes de que comience el endurecimiento de la mezcla.<\/li>\n<li>Con el pincel, aplicar una mano de la mezcla sobre la superficie preparada, colocar luego el trozo del pa\u00f1o sobre la misma y embeberlo con la resina catalizada, utilizando el pincel a manera de tapon, tratando de eliminar todo el aire contenido en el pa\u00f1o de la lana de vidrio. El curado del sistema se producira dentro de la hora, dependiendo de la temperatura ambiente.<\/li>\n<li>Si fuera necesario una segunda aplicaci\u00f3n, eliminar la pegajosidad propia de la resina con un trap\u00f3 de Thinner y aplicar otro pa\u00f1o procediendo en la misma forma ya indicada.<\/li>\n<li>Proceder a lijar al agua eliminando previamente en caso necesario la pegajosidad de superficie con un trapo con Thinner , masillar con ZEOCAR FORMULA POLIESTER UNIVERSAL y terminar el trabajo en forma habitual.<\/li>\n<li>Limpiar los elementos utilizados con Thinner o Acetona<\/li>\n<\/ul>\n<\/div>\n<div class=\"ficprod-C4 bordeinferior1\">\n<p><span class=\"ficprod-subtitsecc\">Precauciones<\/span><\/p>\n<ul class=\"ficprod-ul\">\n<li>H226. Liquidos y vapores inflamables. H319. Provoca irritacion ocular grave.<\/li>\n<li>P210. Mantener alejado del calor, superficies calientes, chispas, llamas al descubierto y otras fuentes de ignicion.NO FUMAR.<\/li>\n<li>P264. Lavarse cuidadosamente despues de la manipulacion. P280. Usar Guantes.<\/li>\n<li>P303-P361-P353. En caso de contacto con la piel o el pelo, quitar inmediatamente toda la ropa contaminada, enjuagar la piel con agua o ducharse.<\/li>\n<li>P305-P351-P338. En caso de contacto con los ojos, enjuagar con agua cuidadosamente durante varios minutos, quitar los lentes de contacto cuando esten presentes y pueda hacerse con facilidad, proseguir con el lavado. P337-P313. Si la irritacion ocular persiste consultar a un medico.<\/li>\n<li>P370-P378. En caso de incendio, utilizar niebla de agua, espuma, polvo quimico seco o dioxido de carbono (CO) para la extincion.<\/li>\n<li>Emergencia en Argentina Centro toxicol\u00f3gico Profesor A. Posadas Tel: 0-800-333-0160 \/ 011-4658-77.<\/li>\n<\/ul>\n<\/div>\n<div class=\"ficprod-C5 bordeinferior1\">\n<p><span class=\"ficprod-subtitsecc\">Contenidos y especificaciones<\/span><\/p>\n<div class=\"margen-inf-1\"><span class=\"ficprod-subtitseccitem\">Masilla<\/span><\/div>\n<div class=\"margen-inf-1\"><span class=\"ficprod-items\">-Color: Ambar.<\/span><\/div>\n<div class=\"margen-inf-1\"><span class=\"ficprod-items\">-Aspecto: traslucido viscoso.<\/span><\/div>\n<div class=\"margen-inf-1\"><span class=\"ficprod-items\">-Peso especifico a 20\u00b0C 1,08 &#8211; 1,10 k\/cm3.<\/span><\/div>\n<div class=\"margen-inf-1\"><\/div>\n<div class=\"margen-inf-1\"><span class=\"ficprod-subtitseccitem\">Presentaci\u00f3n<\/span><\/div>\n<ul>\n<li class=\"margen-inf-1\"><span class=\"ficprod-items\">Envase de 1,000 Lt &#8211; pack de 6 unidades.<\/span><\/li>\n<li class=\"margen-inf-1\"><span class=\"ficprod-items\">Envase de 4,000 Lt &#8211; pack de 2 unidades.<\/span><\/li>\n<\/ul>\n<\/div>\n<\/div>\n","protected":false},"excerpt":{"rendered":"<p>Resina para parche pl\u00e1stico reforzado Zeoparch<\/p>\n","protected":false},"featured_media":4668,"template":"","meta":{"_joinchat":[]},"product_cat":[938],"product_tag":[951,952],"class_list":{"0":"post-4667","1":"product","2":"type-product","3":"status-publish","4":"has-post-thumbnail","6":"product_cat-pulimentos-y-acabados","7":"product_tag-parche-de-fibra-de-vidrio","8":"product_tag-resina-para-parche","10":"first","11":"instock","12":"taxable","13":"shipping-taxable","14":"product-type-variable"},"_links":{"self":[{"href":"https:\/\/lidertecsa.com.ar\/catalogo\/wp-json\/wp\/v2\/product\/4667"}],"collection":[{"href":"https:\/\/lidertecsa.com.ar\/catalogo\/wp-json\/wp\/v2\/product"}],"about":[{"href":"https:\/\/lidertecsa.com.ar\/catalogo\/wp-json\/wp\/v2\/types\/product"}],"wp:featuredmedia":[{"embeddable":true,"href":"https:\/\/lidertecsa.com.ar\/catalogo\/wp-json\/wp\/v2\/media\/4668"}],"wp:attachment":[{"href":"https:\/\/lidertecsa.com.ar\/catalogo\/wp-json\/wp\/v2\/media?parent=4667"}],"wp:term":[{"taxonomy":"product_cat","embeddable":true,"href":"https:\/\/lidertecsa.com.ar\/catalogo\/wp-json\/wp\/v2\/product_cat?post=4667"},{"taxonomy":"product_tag","embeddable":true,"href":"https:\/\/lidertecsa.com.ar\/catalogo\/wp-json\/wp\/v2\/product_tag?post=4667"}],"curies":[{"name":"wp","href":"https:\/\/api.w.org\/{rel}","templated":true}]}}