{"id":466,"date":"2023-06-17T11:33:43","date_gmt":"2023-06-17T14:33:43","guid":{"rendered":"https:\/\/lidertecsa.com.ar\/catalogo\/?post_type=product&#038;p=466"},"modified":"2026-02-04T13:28:29","modified_gmt":"2026-02-04T16:28:29","slug":"siloc-pu52-sellador-de-poliuretano-para-parabrisas-8-hs","status":"publish","type":"product","link":"https:\/\/lidertecsa.com.ar\/catalogo\/producto\/siloc-pu52-sellador-de-poliuretano-para-parabrisas-8-hs\/","title":{"rendered":"SILOC PU52 &#8211; Sellador de Poliuretano p\/ Parabrisas x 310ml"},"content":{"rendered":"<div>\n<p>Puesta en servicio: 8 horas. Con filtro UV (no es afectado por la radiaci\u00f3n ultravioleta de los rayos solares). Permite la puesta en servicio del veh\u00edculo 8 horas despu\u00e9s de aplicado. En veh\u00edculos con airbag esperar 24 horas. De f\u00e1cil aplicaci\u00f3n. No requiere el uso de imprimadores (primers). Para m\u00e1xima seguridad es necesario limpiar \/ activar la superficie con el Cleaner 1001.<\/p>\n<ul class=\"ficha\">\n<li>Tiempo cura parcial (Minutos):\u00a0Forma piel en 30-50 minutos<\/li>\n<li>Tiempo cura total (Horas):\u00a04mm en 24 hs.<\/li>\n<li>Resistencia temperatura (\u00b0C):\u00a0-40 a +90 \u00baC<\/li>\n<li>Resistencia traccion (MPa):\u00a00,6 &#8211; 1,0<\/li>\n<li>Porcentaje elongacion (%):\u00a0400 &#8211; 600<\/li>\n<li>Dureza (Shore A):\u00a045-52<\/li>\n<\/ul>\n<\/div>\n","protected":false},"excerpt":{"rendered":"<h2><span style=\"font-size: 20px\">Sellador Poliuret\u00e1nico para parabrisas cura 8 Hs.<\/span><\/h2>\n","protected":false},"featured_media":467,"template":"","meta":{"_joinchat":[]},"product_cat":[158],"product_tag":[161],"class_list":{"0":"post-466","1":"product","2":"type-product","3":"status-publish","4":"has-post-thumbnail","6":"product_cat-siloc","7":"product_tag-sellador-poliuretanico","9":"first","10":"instock","11":"taxable","12":"shipping-taxable","13":"product-type-simple"},"_links":{"self":[{"href":"https:\/\/lidertecsa.com.ar\/catalogo\/wp-json\/wp\/v2\/product\/466"}],"collection":[{"href":"https:\/\/lidertecsa.com.ar\/catalogo\/wp-json\/wp\/v2\/product"}],"about":[{"href":"https:\/\/lidertecsa.com.ar\/catalogo\/wp-json\/wp\/v2\/types\/product"}],"wp:featuredmedia":[{"embeddable":true,"href":"https:\/\/lidertecsa.com.ar\/catalogo\/wp-json\/wp\/v2\/media\/467"}],"wp:attachment":[{"href":"https:\/\/lidertecsa.com.ar\/catalogo\/wp-json\/wp\/v2\/media?parent=466"}],"wp:term":[{"taxonomy":"product_cat","embeddable":true,"href":"https:\/\/lidertecsa.com.ar\/catalogo\/wp-json\/wp\/v2\/product_cat?post=466"},{"taxonomy":"product_tag","embeddable":true,"href":"https:\/\/lidertecsa.com.ar\/catalogo\/wp-json\/wp\/v2\/product_tag?post=466"}],"curies":[{"name":"wp","href":"https:\/\/api.w.org\/{rel}","templated":true}]}}