{"id":4657,"date":"2023-08-11T14:11:55","date_gmt":"2023-08-11T17:11:55","guid":{"rendered":"https:\/\/lidertecsa.com.ar\/catalogo\/?post_type=product&#038;p=4657"},"modified":"2024-12-13T16:44:25","modified_gmt":"2024-12-13T19:44:25","slug":"pasta-de-pulir-fina","status":"publish","type":"product","link":"https:\/\/lidertecsa.com.ar\/catalogo\/producto\/pasta-de-pulir-fina\/","title":{"rendered":"Pasta de Pulir Fina"},"content":{"rendered":"<div class=\"ficprod-C13\">\n<p class=\"ficprod-p\">La pasta de pulir ZEOCAR es un valioso auxiliar para acabados de cualquier superficie pintada recientemente, asi como el pulido de cualquier clase de plastico y metales. Indicada para superficies lisas, para usar como terminacion o para devolver el brillo original de superficies muy expuestas a la intemperie. La pasta de pulir ZEOCAR esta formulada para ser utilizada tanto a mano como a maquina. En caso de ser necesario bajar su consistencia, se puede agregar unas gotas de hasta 5% en peso de agua o kerosene en la zona de aplicaci\u00f3n.<\/p>\n<\/div>\n<div class=\"ficprod-C2 bordeinferior1\">\n<p><span class=\"ficprod-subtitsecc\">Caracter\u00edsticas<\/span><\/p>\n<ul class=\"ficprod-ul\">\n<li>Facil de utilizar: a mano (con estopa) o con maquina, deja unas peque\u00f1as rayas facil de remover.<\/li>\n<li>No contiene solventes agresivos: los solventes utilizados en la elaboracion de este producto no remueven ni atacan a las pinturas y metales.<\/li>\n<li>Elimina rayones: la mezcla de los distintos agentes abrasivos permite eliminar rayones gruesos y opacidad ocacionada por la prolongada exposicion a los agentes naturales.<\/li>\n<li>Limpia y pule a la vez: su formulacion permiten eliminar grasas y suciedad a la vez que se esta restaurando la pintura.<\/li>\n<\/ul>\n<\/div>\n<div class=\"ficprod-C3 bordeinferior1\">\n<p><span class=\"ficprod-subtitsecc\">Modo de preparaci\u00f3n<\/span><\/p>\n<ul class=\"ficprod-ul\">\n<li>Lavar y\/o limpiar la superficie de particulas grandes que puedan rayar (arena, tierra, etc).<\/li>\n<li>Aplicar a mano o con maquina pulidora con movimientos circulares.<\/li>\n<li>Se aconseja que se aplique en superficies no mayor a 50 cm por 50 cm para obtener un mayor rendimiento y en superficies frias (no aplicar bajo el solo en caliente).<\/li>\n<li>Evitar una presion excesiva ya sea con maquina pulidora o manualmente.<\/li>\n<li>Si el secado de la pasta en la aplicaci\u00f3n es rapido se aconseja humedecerla para que el grano de abrasivo se vaya rompiendo para mejorar el aspecto del acabado.<\/li>\n<li>Limpie con estop\u00e1 o franella.<\/li>\n<li>Para mejorar el brillo y proteger puede utilizar Machine Glaze, Hand Glaze y Zeowax.<\/li>\n<\/ul>\n<\/div>\n<div class=\"ficprod-C4 bordeinferior1\">\n<p><span class=\"ficprod-subtitsecc\">Precauciones<\/span><\/p>\n<ul class=\"ficprod-ul\">\n<li>Aplicar en \u00e1reas bien ventiladas o con extracci\u00f3n forzada de aire.<\/li>\n<li>Utilice los elementos de protecci\u00f3n correspondiente.<\/li>\n<li>Almacenar en lugares limpios y secos lejos de posibles fuentes de calor.<\/li>\n<li>Evitar el contacto con la piel, ojos y la inhalaci\u00f3n de los vapores.<\/li>\n<li>No utilizar en utensilios de cocina o en elementos que est\u00e9n en contacto con los alimentos.<\/li>\n<li>En caso de contacto en con la piel y\/o los ojos lavarse con abundante agua, de continuar con la zona irritada concurra al m\u00e9dico.<\/li>\n<li>En caso de ingesti\u00f3n no produzca el v\u00f3mito, si la persona est\u00e1 consiente dele de beber abundante agua y concurra al m\u00e9dico de inmediato.<\/li>\n<li>Mantenga el producto fuera del alcance de los ni\u00f1os. Emergencia en Argentina Centro toxicol\u00f3gico Profesor A. Posadas Tel: 0-800-333-0160 \/ 011-4658-77.<\/li>\n<\/ul>\n<\/div>\n<div class=\"ficprod-C5 bordeinferior1\">\n<p><span class=\"ficprod-subtitsecc\">Contenidos y especificaciones<\/span><\/p>\n<div class=\"margen-inf-1\"><span class=\"ficprod-subtitseccitem\">Masilla<\/span><\/div>\n<div class=\"margen-inf-1\"><span class=\"ficprod-items\">-Color: Beige claro.<\/span><\/div>\n<div class=\"margen-inf-1\"><span class=\"ficprod-items\">-Aspecto: Pasta suave.<\/span><\/div>\n<div class=\"margen-inf-1\"><span class=\"ficprod-items\">-Peso especifico a 20\u00b0C: 1,16 k\/cm3.<\/span><\/div>\n<div class=\"margen-inf-1\"><span class=\"ficprod-items\">-Ph a 25\u00ba C: 8,9 &#8211; 9,3.<\/span><\/div>\n<div class=\"margen-inf-1\"><\/div>\n<div class=\"margen-inf-1\"><span class=\"ficprod-subtitseccitem\">Presentaci\u00f3n<\/span><\/div>\n<ul>\n<li class=\"margen-inf-1\"><span class=\"ficprod-items\">Envase de 0,480 Lt &#8211; Pack de 6 unidades.<\/span><\/li>\n<li class=\"margen-inf-1\"><span class=\"ficprod-items\">Envase de 1,000 Lt &#8211; Pack de 6 unidades.<\/span><\/li>\n<li class=\"margen-inf-1\"><span class=\"ficprod-items\">Envase de 3,000 Lt &#8211; Pack de 4 unidades.<\/span><\/li>\n<\/ul>\n<\/div>\n","protected":false},"excerpt":{"rendered":"<p>Lustre ZEOCAR Hand Glaze<\/p>\n","protected":false},"featured_media":4658,"template":"","meta":{"_joinchat":[]},"product_cat":[938],"product_tag":[946],"class_list":{"0":"post-4657","1":"product","2":"type-product","3":"status-publish","4":"has-post-thumbnail","6":"product_cat-pulimentos-y-acabados","7":"product_tag-pasta-de-pulir","9":"first","10":"instock","11":"taxable","12":"shipping-taxable","13":"product-type-variable"},"_links":{"self":[{"href":"https:\/\/lidertecsa.com.ar\/catalogo\/wp-json\/wp\/v2\/product\/4657"}],"collection":[{"href":"https:\/\/lidertecsa.com.ar\/catalogo\/wp-json\/wp\/v2\/product"}],"about":[{"href":"https:\/\/lidertecsa.com.ar\/catalogo\/wp-json\/wp\/v2\/types\/product"}],"wp:featuredmedia":[{"embeddable":true,"href":"https:\/\/lidertecsa.com.ar\/catalogo\/wp-json\/wp\/v2\/media\/4658"}],"wp:attachment":[{"href":"https:\/\/lidertecsa.com.ar\/catalogo\/wp-json\/wp\/v2\/media?parent=4657"}],"wp:term":[{"taxonomy":"product_cat","embeddable":true,"href":"https:\/\/lidertecsa.com.ar\/catalogo\/wp-json\/wp\/v2\/product_cat?post=4657"},{"taxonomy":"product_tag","embeddable":true,"href":"https:\/\/lidertecsa.com.ar\/catalogo\/wp-json\/wp\/v2\/product_tag?post=4657"}],"curies":[{"name":"wp","href":"https:\/\/api.w.org\/{rel}","templated":true}]}}