{"id":4655,"date":"2023-08-11T14:08:21","date_gmt":"2023-08-11T17:08:21","guid":{"rendered":"https:\/\/lidertecsa.com.ar\/catalogo\/?post_type=product&#038;p=4655"},"modified":"2024-12-13T16:44:24","modified_gmt":"2024-12-13T19:44:24","slug":"lustre-hand-glaze","status":"publish","type":"product","link":"https:\/\/lidertecsa.com.ar\/catalogo\/producto\/lustre-hand-glaze\/","title":{"rendered":"Lustre HAND GLAZE"},"content":{"rendered":"<div class=\"ficprod-C13\">\n<div class=\"ficprod-C13\">\n<div class=\"ficprod-C13\">\n<p class=\"ficprod-p\">Es una emulsion en base acuosa destinada a dar brillo a superficies de la carroceria del automotor aplicable a mano. Exclusivo para profesionales. Puede usasrse solo como complemento de las Pastas de Pulir ZEOCAR o como parte del sistema de Detailing ZEOCAR , luego de la aplicaci\u00f3n de ZEOCAR Fine Paste y\/o ZEOCAR Machine Glaze. Es diluible en agua y no contiene ceras ni siliconas.<\/p>\n<\/div>\n<div class=\"ficprod-C2 bordeinferior1\">\n<p><span class=\"ficprod-subtitsecc\">Caracter\u00edsticas<\/span><\/p>\n<ul class=\"ficprod-ul\">\n<li>Brillo y limpieza: su aplicaci\u00f3n limpia la superficie de contaminantes y realza el brillo obtenido del pulimiento.<\/li>\n<li>Facil de utilizar: aplicaci\u00f3n manual.<\/li>\n<li>No contiene solventes agresivos.<\/li>\n<li>Elimina peque\u00f1os rayones.<\/li>\n<li>Se puede diluir con agua para una mejor aplicaci\u00f3n.<\/li>\n<\/ul>\n<\/div>\n<div class=\"ficprod-C3 bordeinferior1\">\n<p><span class=\"ficprod-subtitsecc\">Modo de preparaci\u00f3n<\/span><\/p>\n<ul class=\"ficprod-ul\">\n<li>Lavar y\/o limpiar la superficie de particulas grandesque puedan rayar (arena, tierra, etc).<\/li>\n<li>Aplicar a mano con movimientos circulares.<\/li>\n<li>Se aconseja que se aplique en superficies no mayor a 80 cm por 80 cm para obtener un mayor rendimiento y en superficies frias (no aplicar bajo el solo en caliente).<\/li>\n<li>Limpie con pa\u00f1o de microfibra.<\/li>\n<li>Para mejorar el brillo y proteger puede utilizar Zeowax.<\/li>\n<\/ul>\n<\/div>\n<div class=\"ficprod-C4 bordeinferior1\">\n<p><span class=\"ficprod-subtitsecc\">Precauciones<\/span><\/p>\n<ul class=\"ficprod-ul\">\n<li>R21\/22 Nocivo en contacto con la piel y por ingestion.<\/li>\n<li>R36\/38 Irrita la piel y los ojos.<\/li>\n<li>S46 En caso de ingestion acuda inmediatamente al medico y muestrele la etiqueta o el envase.<\/li>\n<li>S32\/38 No respirar los vapores\/aerosoles, En caso de ventilacion insuficiente, debera usarse equipo respiratorio adecuado.<\/li>\n<li>S26 En caso de contacto con los ojos, lavese inmediatamente con abundante agua y acuda inmediatamente al medico.<\/li>\n<li>S36\/37 Usese indumentaria y guantes de proteccion adecuados. No se almacene ni aplique cerca del fuego o fuentes de calor. Lavese profusamente las manos con agua y jabon despues de manupular el producto.Mantengase fuera del alcance de los ni\u00f1os<\/li>\n<li>En caso de ingesti\u00f3n: no inducir el v\u00f3mito, busque atenci\u00f3n m\u00e9dica. Emergencia en Argentina Centro toxicol\u00f3gico Profesor A. Posadas Tel: 0-800-333-0160 \/ 011-4658-77<\/li>\n<\/ul>\n<\/div>\n<div class=\"ficprod-C5 bordeinferior1\">\n<p><span class=\"ficprod-subtitsecc\">Contenidos y especificaciones<\/span><\/p>\n<div class=\"margen-inf-1\"><span class=\"ficprod-subtitseccitem\">Masilla<\/span><\/div>\n<div class=\"margen-inf-1\"><span class=\"ficprod-items\">-Color: Blanco.<\/span><\/div>\n<div class=\"margen-inf-1\"><span class=\"ficprod-items\">-Aspecto: Liquido espeso.<\/span><\/div>\n<div class=\"margen-inf-1\"><span class=\"ficprod-items\">-Peso especifico a 20\u00b0C: 0,929 k\/cm3.<\/span><span class=\"ficprod-items\">Ph a 25\u00ba C: 8,5 &#8211; 9,1.<\/span><\/div>\n<div class=\"margen-inf-1\"><\/div>\n<div class=\"margen-inf-1\"><span class=\"ficprod-subtitseccitem\">Presentaci\u00f3n<\/span><\/div>\n<ul>\n<li class=\"margen-inf-1\"><span class=\"ficprod-items\">Pomo de 0,200 Lt &#8211; Caja de 15 unidades.<\/span><\/li>\n<li class=\"margen-inf-1\"><span class=\"ficprod-items\">Envase de 0,500 Lt &#8211; Pack de 9 unidades.<\/span><\/li>\n<li class=\"margen-inf-1\"><span class=\"ficprod-items\">Envase de 1,000 Lt &#8211; Pack de 6 unidades.<\/span><\/li>\n<\/ul>\n<\/div>\n<\/div>\n<\/div>\n","protected":false},"excerpt":{"rendered":"<p>Lustre ZEOCAR Hand Glaze<\/p>\n","protected":false},"featured_media":4656,"template":"","meta":{"_joinchat":[]},"product_cat":[938],"product_tag":[948],"class_list":{"0":"post-4655","1":"product","2":"type-product","3":"status-publish","4":"has-post-thumbnail","6":"product_cat-pulimentos-y-acabados","7":"product_tag-lostrador-automotor","9":"first","10":"instock","11":"taxable","12":"shipping-taxable","13":"product-type-variable"},"_links":{"self":[{"href":"https:\/\/lidertecsa.com.ar\/catalogo\/wp-json\/wp\/v2\/product\/4655"}],"collection":[{"href":"https:\/\/lidertecsa.com.ar\/catalogo\/wp-json\/wp\/v2\/product"}],"about":[{"href":"https:\/\/lidertecsa.com.ar\/catalogo\/wp-json\/wp\/v2\/types\/product"}],"wp:featuredmedia":[{"embeddable":true,"href":"https:\/\/lidertecsa.com.ar\/catalogo\/wp-json\/wp\/v2\/media\/4656"}],"wp:attachment":[{"href":"https:\/\/lidertecsa.com.ar\/catalogo\/wp-json\/wp\/v2\/media?parent=4655"}],"wp:term":[{"taxonomy":"product_cat","embeddable":true,"href":"https:\/\/lidertecsa.com.ar\/catalogo\/wp-json\/wp\/v2\/product_cat?post=4655"},{"taxonomy":"product_tag","embeddable":true,"href":"https:\/\/lidertecsa.com.ar\/catalogo\/wp-json\/wp\/v2\/product_tag?post=4655"}],"curies":[{"name":"wp","href":"https:\/\/api.w.org\/{rel}","templated":true}]}}