{"id":4653,"date":"2023-08-11T14:05:53","date_gmt":"2023-08-11T17:05:53","guid":{"rendered":"https:\/\/lidertecsa.com.ar\/catalogo\/?post_type=product&#038;p=4653"},"modified":"2024-12-13T16:44:24","modified_gmt":"2024-12-13T19:44:24","slug":"abrillantador-mchine-glaze","status":"publish","type":"product","link":"https:\/\/lidertecsa.com.ar\/catalogo\/producto\/abrillantador-mchine-glaze\/","title":{"rendered":"Abrillantador MCHINE GLAZE"},"content":{"rendered":"<div class=\"ficprod-C13\">\n<div class=\"ficprod-C13\">\n<p class=\"ficprod-p\">Es una emulsion en base acuosa destinada a dar brillo a superficies de la carroceria del automotor aplicable a maquina pulidora. Uso exclusivo para profesionales. Puede usasrse solo o como parte del sistema de Detailing ZEOCAR luego de la aplicaci\u00f3n de ZEOCAR Fine Paste. Para zonas de dificil acceso con maquina utilizar ZEOCAR Hand Glaze. Es diluible en agua y no contiene ceras ni siliconas.<\/p>\n<\/div>\n<div class=\"ficprod-C2 bordeinferior1\">\n<p><span class=\"ficprod-subtitsecc\">Caracter\u00edsticas<\/span><\/p>\n<ul class=\"ficprod-ul\">\n<li>Limpieza, pulido y abrillantador: para una mejor aplicaci\u00f3n de la pasta, se puede diluir con agua realza el brillo y mejora el acabado.<\/li>\n<li>Elimina peque\u00f1os rayones: posee una leve cantidad de abrasivo, lo cual permite eliminar peque\u00f1os rayones y opacidad debido a la exposicion prolongada a los agentes naturales.<\/li>\n<li>F\u00e1cil de utilizar: se utiliza para pulido a mano o con maquina pulidora. (pa\u00f1o goma espuma).<\/li>\n<li>No contiene solventes agresivos.<\/li>\n<\/ul>\n<\/div>\n<div class=\"ficprod-C3 bordeinferior1\">\n<p><span class=\"ficprod-subtitsecc\">Modo de preparaci\u00f3n<\/span><\/p>\n<ul class=\"ficprod-ul\">\n<li>Lavar y\/o limpiar la superficie de particulas grandesque puedan rayar (arena, tierra, etc).<\/li>\n<li>Aplicar a mano o con maquina pulidora con movimientos circulares.<\/li>\n<li>Se aconseja que se aplique en superficies no mayor a 80 cm por 80 cm para obtener un mayor rendimiento y en superficies frias (no aplicar bajo el solo en caliente).<\/li>\n<li>Evitar una presion excesiva ya sea con maquina pulidora o manualmente.<\/li>\n<li>Si el secado de la pasta en la aplicaci\u00f3n es rapido se aconseja humedecerla para que el grano de abrasivo se vaya rompiendo para mejorar el aspecto del acabado.<\/li>\n<li>Limpie con estop\u00e1 o franella.<\/li>\n<li>Para mejorar el brillo y proteger puede utilizar Hand Glaze y Zeowax.<\/li>\n<\/ul>\n<\/div>\n<div class=\"ficprod-C4 bordeinferior1\">\n<p><span class=\"ficprod-subtitsecc\">Precauciones<\/span><\/p>\n<ul class=\"ficprod-ul\">\n<li>R21\/22 Nocivo en contacto con la piel y por ingestion.<\/li>\n<li>R36\/38 Irrita la piel y los ojos.<\/li>\n<li>S46 En caso de ingestion acuda inmediatamente al medico y muestrele la etiqueta o el envase.<\/li>\n<li>S32\/38 No respirar los vapores\/aerosoles, En caso de ventilacion insuficiente, debera usarse equipo respiratorio adecuado.<\/li>\n<li>S26 En caso de contacto con los ojos, lavese inmediatamente con abundante agua y acuda inmediatamente al medico.<\/li>\n<li>S36\/37 Usese indumentaria y guantes de proteccion adecuados. No se almacene ni aplique cerca del fuego o fuentes de calor. Lavese profusamente las manos con agua y jabon despues de manupular el producto.Mantengase fuera del alcance de los ni\u00f1os.<\/li>\n<li>En caso de ingesti\u00f3n: no inducir el v\u00f3mito, busque atenci\u00f3n m\u00e9dica. Emergencia en Argentina Centro toxicol\u00f3gico Profesor A. Posadas Tel: 0-800-333-0160 \/ 011-4658-77.<\/li>\n<\/ul>\n<\/div>\n<div class=\"ficprod-C5 bordeinferior1\">\n<p><span class=\"ficprod-subtitsecc\">Contenidos y especificaciones<\/span><\/p>\n<div class=\"margen-inf-1\"><span class=\"ficprod-subtitseccitem\">Masilla<\/span><\/div>\n<div class=\"margen-inf-1\"><span class=\"ficprod-items\">-Color: Beige.<\/span><\/div>\n<div class=\"margen-inf-1\"><span class=\"ficprod-items\">-Aspecto: Pasta suave.<\/span><\/div>\n<div class=\"margen-inf-1\"><span class=\"ficprod-items\">-Peso especifico a 20\u00b0C: 1,13 k\/cm3.<\/span><span class=\"ficprod-items\">Ph a 25\u00ba C: 8,5 &#8211; 9,1.<\/span><\/div>\n<div class=\"margen-inf-1\"><\/div>\n<div class=\"margen-inf-1\"><span class=\"ficprod-subtitseccitem\">Presentaci\u00f3n<\/span><\/div>\n<ul>\n<li class=\"margen-inf-1\"><span class=\"ficprod-items\">Pomo de 0,200 Lt &#8211; Caja de 15 unidades.<\/span><\/li>\n<li class=\"margen-inf-1\"><span class=\"ficprod-items\">Envase de 0,500 Lt &#8211; Pack de 9 unidades.<\/span><\/li>\n<li class=\"margen-inf-1\"><span class=\"ficprod-items\">Envase de 1,000 Lt &#8211; Pack de 6 unidades.<\/span><\/li>\n<\/ul>\n<\/div>\n<div class=\"ficprod-C6\"><\/div>\n<\/div>\n","protected":false},"excerpt":{"rendered":"<p>Abrillantador ZEOCAR Machine Glaze<\/p>\n","protected":false},"featured_media":4654,"template":"","meta":{"_joinchat":[]},"product_cat":[938],"product_tag":[947],"class_list":{"0":"post-4653","1":"product","2":"type-product","3":"status-publish","4":"has-post-thumbnail","6":"product_cat-pulimentos-y-acabados","7":"product_tag-abrillantador","9":"first","10":"instock","11":"taxable","12":"shipping-taxable","13":"product-type-variable"},"_links":{"self":[{"href":"https:\/\/lidertecsa.com.ar\/catalogo\/wp-json\/wp\/v2\/product\/4653"}],"collection":[{"href":"https:\/\/lidertecsa.com.ar\/catalogo\/wp-json\/wp\/v2\/product"}],"about":[{"href":"https:\/\/lidertecsa.com.ar\/catalogo\/wp-json\/wp\/v2\/types\/product"}],"wp:featuredmedia":[{"embeddable":true,"href":"https:\/\/lidertecsa.com.ar\/catalogo\/wp-json\/wp\/v2\/media\/4654"}],"wp:attachment":[{"href":"https:\/\/lidertecsa.com.ar\/catalogo\/wp-json\/wp\/v2\/media?parent=4653"}],"wp:term":[{"taxonomy":"product_cat","embeddable":true,"href":"https:\/\/lidertecsa.com.ar\/catalogo\/wp-json\/wp\/v2\/product_cat?post=4653"},{"taxonomy":"product_tag","embeddable":true,"href":"https:\/\/lidertecsa.com.ar\/catalogo\/wp-json\/wp\/v2\/product_tag?post=4653"}],"curies":[{"name":"wp","href":"https:\/\/api.w.org\/{rel}","templated":true}]}}