{"id":4651,"date":"2023-08-11T14:01:44","date_gmt":"2023-08-11T17:01:44","guid":{"rendered":"https:\/\/lidertecsa.com.ar\/catalogo\/?post_type=product&#038;p=4651"},"modified":"2024-12-13T16:36:27","modified_gmt":"2024-12-13T19:36:27","slug":"fine-paste","status":"publish","type":"product","link":"https:\/\/lidertecsa.com.ar\/catalogo\/producto\/fine-paste\/","title":{"rendered":"Fine Paste"},"content":{"rendered":"<div class=\"ficprod-C13\">\n<p class=\"ficprod-p\">Es una emulsion abrasiva en base acuosa para pulir y dar brillo a acabados de superficies de la carrocerias de automoviles. Uso exclusivo para profesionales. Puede usasrse solo o como base del sistema de Detailing ZEOCAR, luego de la aplicaci\u00f3n de ZEOCAR Fine Paste aplicar ZEOCAR Machine Glaze y para zonas de dificil acceso para el disco de pulir utilizar ZEOCAR Hand Glaze. Es diluible en agua y no contiene ceras ni siliconas.<\/p>\n<\/div>\n<div class=\"ficprod-C2 bordeinferior1\">\n<p><span class=\"ficprod-subtitsecc\">Caracter\u00edsticas<\/span><\/p>\n<ul class=\"ficprod-ul\">\n<li>Gran poder de corte: Es el primer paso del sistema de restauracion de brillo original de superficies, la mezcla de los distintos agentes abrasivos permite eliminar marcas, rayones y opacidad generada debido a la exposicion prolongada de los agentes naturales.<\/li>\n<li>Reduce los tiempos de limpieza luego de su aplicaci\u00f3n. El agente limpiador de su formula permite remover la grasa, la suciedad y restos de emulsion<\/li>\n<li>Producto concentrado de alto rendimiento: se recomienda rociar agua sobre la superficie durante la operaci\u00f3n.<\/li>\n<li>Facil de utilizar: se utiliza para pulido a mano o con maquina pulidora.<\/li>\n<\/ul>\n<\/div>\n<div class=\"ficprod-C3 bordeinferior1\">\n<p><span class=\"ficprod-subtitsecc\">Modo de preparaci\u00f3n<\/span><\/p>\n<ul class=\"ficprod-ul\">\n<li>Lavar y\/o limpiar la superficie de particulas grandesque puedan rayar (arena, tierra, etc).<\/li>\n<li>Aplicar a mano o con maquina pulidora con movimientos circulares.<\/li>\n<li>Se aconseja que se aplique en superficies no mayor a 80 cm por 80 cm para obtener un mayor rendimiento y en superficies frias (no aplicar bajo el solo en caliente).<\/li>\n<li>Evitar una presion excesiva ya sea con maquina pulidora o manualmente.<\/li>\n<li>Si el secado de la pasta en la aplicaci\u00f3n es rapido se aconseja humedecerla para que el grano de abrasivo se vaya rompiendo para mejorar el aspecto del acabado.<\/li>\n<li>Limpie con estop\u00e1 o franella.<\/li>\n<li>Para mejorar el brillo y proteger puede utilizar Machine Glaze, Hand Glaze y Zeowax.<\/li>\n<\/ul>\n<\/div>\n<div class=\"ficprod-C4 bordeinferior1\">\n<p><span class=\"ficprod-subtitsecc\">Precauciones<\/span><\/p>\n<ul class=\"ficprod-ul\">\n<li>R21\/22 Nocivo en contacto con la piel y por ingestion.<\/li>\n<li>R36\/38 Irrita la piel y los ojos.<\/li>\n<li>S46 En caso de ingestion acuda inmediatamente al medico y muestrele la etiqueta o el envase.<\/li>\n<li>S32\/38 No respirar los vapores\/aerosoles, En caso de ventilacion insuficiente, debera usarse equipo respiratorio adecuado.<\/li>\n<li>S26 En caso de contacto con los ojos, lavese inmediatamente con abundante agua y acudainmediatamente al medico.<\/li>\n<li>S36\/37 Usese indumentaria y guantes de proteccion adecuados. No se almacene ni aplique cercadel fuego o fuentes de calor. Lavese profusamente las manos con agua y jabon despues de manupular el producto.Mantengase fuera del alcance de los ni\u00f1os.<\/li>\n<li>En caso de ingesti\u00f3n: no inducir el v\u00f3mito, busque atenci\u00f3n m\u00e9dica. Emergencia en Argentina Centro toxicol\u00f3gico Profesor A. Posadas Tel: 0-800-333-0160 \/ 011-4658-77.<\/li>\n<\/ul>\n<\/div>\n<div class=\"ficprod-C5 bordeinferior1\">\n<p><span class=\"ficprod-subtitsecc\">Contenidos y especificaciones<\/span><\/p>\n<div class=\"margen-inf-1\"><span class=\"ficprod-subtitseccitem\">Masilla<\/span><\/div>\n<div class=\"margen-inf-1\"><span class=\"ficprod-items\">-Color: Blanco.<\/span><\/div>\n<div class=\"margen-inf-1\"><span class=\"ficprod-items\">-Aspecto: Pasta suave.<\/span><\/div>\n<div class=\"margen-inf-1\"><span class=\"ficprod-items\">-Peso especifico a 20\u00b0C: 1,23 k\/cm3.<\/span><span class=\"ficprod-items\">Ph a 25\u00ba C: 8,5 &#8211; 9,1.<\/span><\/div>\n<div class=\"margen-inf-1\"><\/div>\n<div class=\"margen-inf-1\"><span class=\"ficprod-subtitseccitem\">Presentaci\u00f3n<\/span><\/div>\n<ul>\n<li class=\"margen-inf-1\"><span class=\"ficprod-items\">Pomo de 0,200 Lt &#8211; Caja de 15 unidades.<\/span><\/li>\n<li class=\"margen-inf-1\"><span class=\"ficprod-items\">Envase de 0,500 Lt &#8211; Pack de 9 unidades.<\/span><\/li>\n<li class=\"margen-inf-1\"><span class=\"ficprod-items\">Envase de 1,000 Lt &#8211; Pack de 6 unidades.<\/span><\/li>\n<\/ul>\n<\/div>\n","protected":false},"excerpt":{"rendered":"<p>Abrillantador ZEOCAR Fine Paste<\/p>\n","protected":false},"featured_media":4652,"template":"","meta":{"_joinchat":[]},"product_cat":[938],"product_tag":[946],"class_list":{"0":"post-4651","1":"product","2":"type-product","3":"status-publish","4":"has-post-thumbnail","6":"product_cat-pulimentos-y-acabados","7":"product_tag-pasta-de-pulir","9":"first","10":"instock","11":"taxable","12":"shipping-taxable","13":"product-type-simple"},"_links":{"self":[{"href":"https:\/\/lidertecsa.com.ar\/catalogo\/wp-json\/wp\/v2\/product\/4651"}],"collection":[{"href":"https:\/\/lidertecsa.com.ar\/catalogo\/wp-json\/wp\/v2\/product"}],"about":[{"href":"https:\/\/lidertecsa.com.ar\/catalogo\/wp-json\/wp\/v2\/types\/product"}],"wp:featuredmedia":[{"embeddable":true,"href":"https:\/\/lidertecsa.com.ar\/catalogo\/wp-json\/wp\/v2\/media\/4652"}],"wp:attachment":[{"href":"https:\/\/lidertecsa.com.ar\/catalogo\/wp-json\/wp\/v2\/media?parent=4651"}],"wp:term":[{"taxonomy":"product_cat","embeddable":true,"href":"https:\/\/lidertecsa.com.ar\/catalogo\/wp-json\/wp\/v2\/product_cat?post=4651"},{"taxonomy":"product_tag","embeddable":true,"href":"https:\/\/lidertecsa.com.ar\/catalogo\/wp-json\/wp\/v2\/product_tag?post=4651"}],"curies":[{"name":"wp","href":"https:\/\/api.w.org\/{rel}","templated":true}]}}