{"id":4639,"date":"2023-08-11T13:31:52","date_gmt":"2023-08-11T16:31:52","guid":{"rendered":"https:\/\/lidertecsa.com.ar\/catalogo\/?post_type=product&#038;p=4639"},"modified":"2024-12-13T16:44:17","modified_gmt":"2024-12-13T19:44:17","slug":"masilla-zeocar-finish","status":"publish","type":"product","link":"https:\/\/lidertecsa.com.ar\/catalogo\/producto\/masilla-zeocar-finish\/","title":{"rendered":"Masilla Zeocar FINISH"},"content":{"rendered":"<div class=\"ficprod-C13\">\n<p class=\"ficprod-p\">Es una Masilla Poli\u00e9ster de dos componentes ( A + B ) de alto rendimiento. El componente A es una Masilla Poli\u00e9ster de Terminaci\u00f3n y el componente B es el endurecedor. Desarrollado exclusivamente para uso profesional. Indicado para reparaci\u00f3n de abolladuras, irregularidades e imperfecciones de superficies de carrocer\u00edas automotrices.<\/p>\n<\/div>\n<div class=\"ficprod-C2 bordeinferior1\">\n<p><span class=\"ficprod-subtitsecc\">Caracter\u00edsticas<\/span><\/p>\n<ul class=\"ficprod-ul\">\n<li>Excelente terminacion.<\/li>\n<li>Exelente capacidad para dar la forma desada a la carrocer\u00eda.<\/li>\n<li>Extraordinaria lijabilidad.<\/li>\n<li>Excelente espatulabilidad.<\/li>\n<\/ul>\n<\/div>\n<div class=\"ficprod-C3 bordeinferior1\">\n<p><span class=\"ficprod-subtitsecc\">Modo de preparaci\u00f3n<\/span><\/p>\n<ul class=\"ficprod-ul\">\n<li>Remover totalmente el acabado y\/o el \u00f3xido de la superficie a reparar, lijar la misma con P80<\/li>\n<li>Tratar la superficie dej\u00e1ndola completamente limpia y seca.<\/li>\n<li>Homogeneizar individualmente los componentes A (Masilla) y B (Endurecedor).<\/li>\n<li>Separar la cantidad de Masilla (Componente A) a aplicar, agregarle el 2% en peso de endurecedor. (Componente B) y mezclar hasta lograr una total homogeneizaci\u00f3n.NOTA: Nunca retorne la Mezcla (Masilla con Endurecedor) al envase pues se endurecer\u00e1 todo el contenido del mismo.<\/li>\n<li>Aplicar la mezcla, presionando firmemente sobre la superficie preparada, en delgadas capas.<\/li>\n<li>A una temperatura ambiente de 20\u00b0 Cent\u00edgrados, podr\u00e1 comenzar a lijar a partir de 30 minutos con Lija P150-P280.<\/li>\n<li>En caso de considerar necesario incrementar la cantidad de relleno, repetir el mismo esquema.<\/li>\n<li>NOTA Importante: Recuerde que los tiempos de trabajo y de lijado son afectados por la temperatura ambiente, a baja temperatura los tiempos de curado se prolongan y a alta temperatura los tiempos se acortan. No se debe exceder el 2 % de endurecedor ni debe estar por debajo del 1,5 %, porque puede acarrear problemas posteriores.<\/li>\n<\/ul>\n<\/div>\n<div class=\"ficprod-C4 bordeinferior1\">\n<p><span class=\"ficprod-subtitsecc\">Precauciones<\/span><\/p>\n<ul class=\"ficprod-ul\">\n<li>De uso exclusivo para profesionales.<\/li>\n<li>R10: Inflamable. R20\/21\/22: Nocivo en contacto con la pile, por ingesti\u00f3n e inhalaci\u00f3n.<\/li>\n<li>R36\/38: Irrita los ojos y la piel. R48\/20: Nocivo : Riesgo de efectos graves para la salud en caso de exposici\u00f3n prolongada por inhalaci\u00f3n.<\/li>\n<li>S1\/2: Cons\u00e9rvese bajo llave y mant\u00e9ngase fuera del alcance de los ni\u00f1os. S3\/9\/49<\/li>\n<li>Cons\u00e9rvese \u00fanicamente en el recipiente de origen, en lugar fresco y bien ventilado.<\/li>\n<li>S26 En caso de contacto con los ojos, l\u00e1vese inmediata y abundantemente con agua y ac\u00fadase a un m\u00e9dico.<\/li>\n<li>S28 En caso de contacto con la piel l\u00e1vese inmediata y abundantemente con agua y Jab\u00f3n.<\/li>\n<li>S46: En caso de ingesti\u00f3n ac\u00fadase inmediatamente al m\u00e9dico y mu\u00e9stresele la etiqueta o el envase.<\/li>\n<\/ul>\n<\/div>\n<div class=\"ficprod-C5 bordeinferior1\">\n<p><span class=\"ficprod-subtitsecc\">Contenidos y especificaciones<\/span><\/p>\n<div class=\"margen-inf-1\"><span class=\"ficprod-subtitseccitem\">Masilla<\/span><\/div>\n<div class=\"margen-inf-1\"><span class=\"ficprod-items\">-Color: Beige claro.<\/span><\/div>\n<div class=\"margen-inf-1\"><span class=\"ficprod-items\">-Aspecto: Masa cremosa<\/span><\/div>\n<div class=\"margen-inf-1\"><span class=\"ficprod-items\">-Peso especifico a 20\u00b0C: 1,74 k\/cm3<\/span><\/div>\n<div class=\"margen-inf-1\"><span class=\"ficprod-items\">-Resistencia al agua: excelente<\/span><\/div>\n<div class=\"margen-inf-1\"><span class=\"ficprod-items\">-Resistencia a los solventes: excelente<\/span><\/div>\n<div class=\"margen-inf-1\"><span class=\"ficprod-items\">-Finura: muy buena<\/span><\/div>\n<div><\/div>\n<ul>\n<li class=\"margen-inf-1\"><span class=\"ficprod-subtitseccitem\">Presentaci\u00f3n: <\/span><span class=\"ficprod-items\">Envase de 1 kg + endurecedor &#8211; Pack de 6 unidades<\/span><\/li>\n<li class=\"margen-inf-1\"><span class=\"ficprod-items\">Envase de 2,5 kg + endurecedor &#8211; Pack de 4 unidades<\/span><\/li>\n<li class=\"margen-inf-1\"><span class=\"ficprod-items\">Envase de 4 kg + endurecedor &#8211; Pack de 4 unidades<\/span><\/li>\n<\/ul>\n<\/div>\n","protected":false},"excerpt":{"rendered":"<p>Masilla Finish de Poli\u00e9ster de 2 componentes.<\/p>\n","protected":false},"featured_media":4640,"template":"","meta":{"_joinchat":[]},"product_cat":[937],"product_tag":[941],"class_list":{"0":"post-4639","1":"product","2":"type-product","3":"status-publish","4":"has-post-thumbnail","6":"product_cat-masillas","7":"product_tag-masilla-finish","9":"first","10":"instock","11":"taxable","12":"shipping-taxable","13":"product-type-variable"},"_links":{"self":[{"href":"https:\/\/lidertecsa.com.ar\/catalogo\/wp-json\/wp\/v2\/product\/4639"}],"collection":[{"href":"https:\/\/lidertecsa.com.ar\/catalogo\/wp-json\/wp\/v2\/product"}],"about":[{"href":"https:\/\/lidertecsa.com.ar\/catalogo\/wp-json\/wp\/v2\/types\/product"}],"wp:featuredmedia":[{"embeddable":true,"href":"https:\/\/lidertecsa.com.ar\/catalogo\/wp-json\/wp\/v2\/media\/4640"}],"wp:attachment":[{"href":"https:\/\/lidertecsa.com.ar\/catalogo\/wp-json\/wp\/v2\/media?parent=4639"}],"wp:term":[{"taxonomy":"product_cat","embeddable":true,"href":"https:\/\/lidertecsa.com.ar\/catalogo\/wp-json\/wp\/v2\/product_cat?post=4639"},{"taxonomy":"product_tag","embeddable":true,"href":"https:\/\/lidertecsa.com.ar\/catalogo\/wp-json\/wp\/v2\/product_tag?post=4639"}],"curies":[{"name":"wp","href":"https:\/\/api.w.org\/{rel}","templated":true}]}}