{"id":4591,"date":"2023-08-08T12:16:02","date_gmt":"2023-08-08T15:16:02","guid":{"rendered":"https:\/\/lidertecsa.com.ar\/catalogo\/?post_type=product&#038;p=4591"},"modified":"2024-12-13T16:36:20","modified_gmt":"2024-12-13T19:36:20","slug":"tornillo-de-hormigon-pca","status":"publish","type":"product","link":"https:\/\/lidertecsa.com.ar\/catalogo\/producto\/tornillo-de-hormigon-pca\/","title":{"rendered":"Tornillo de Hormig\u00f3n PCA"},"content":{"rendered":"<p class=\"avanceennota\">TORNILLO DE HORMIG\u00d3N<\/p>\n<p>Ancla Mec\u00e1nica tipo de perno atornillado sin expansi\u00f3n. Producido en acero al carbono medio, templado, acabado organomet\u00e1lico, aplicable a hormig\u00f3n y mamposter\u00eda maciza.<\/p>\n<p>CARACTER\u00cdSTICAS Y VENTAJAS<br \/>\n&#8211; Velocidad de instalaci\u00f3n, por aplicaci\u00f3n directa sobre la pieza met\u00e1lica.<br \/>\n&#8211; Debido al dise\u00f1o del hilo, puede laminar el material base.<br \/>\n&#8211; Aplicaci\u00f3n directa, sin necesidad de utilizar tacos de nylon o pl\u00e1stico.<br \/>\n&#8211; Tratamiento de superficie diferenciado y ecol\u00f3gico 500 h de Spray de Sal. (*)<br \/>\n&#8211; Distancias entre fijaciones y borde reducidas, ya que no hay dilataciones ni tensiones.<br \/>\n&#8211; Extra\u00edble y reutilizable.<br \/>\n&#8211; Carga distribuida por todo el cuerpo del ancla.<br \/>\n&#8211; Aplicaci\u00f3n con un destornillador adecuado.<br \/>\n&#8211; Aplicaci\u00f3n con llave de impacto o manual.<\/p>\n<p>(*) Tratamiento realizado mediante una dispersi\u00f3n acuosa que contiene escamas de Zinc y Aluminio y otros agentes qu\u00edmicos espec\u00edficos, formulada para proteger sustratos de Hierro (acero), Aluminio, Zinc etc. Es un recubrimiento b\u00e1sico para piezas met\u00e1licas que necesitan un alto grado de protecci\u00f3n con un espesor de capa m\u00ednimo y ausencia total de fragilizaci\u00f3n por hidr\u00f3geno. Proceso sin cromo.<\/p>\n<p>APLICACIONES PRINCIPALES<\/p>\n<ul>\n<li>Estructuras y soportes met\u00e1licos.<\/li>\n<li>Sistemas de almacenamiento y manipulaci\u00f3n.<\/li>\n<li>Instalaciones en general.<\/li>\n<li>Marcos y fachadas.<\/li>\n<li>Marco de acero.<\/li>\n<li>Instalaci\u00f3n de seguridad y se\u00f1alizaci\u00f3n.<\/li>\n<li>Fijaci\u00f3n de sistemas de hormig\u00f3n prefabricado.<\/li>\n<\/ul>\n<p><a href=\"https:\/\/lidertecsa.com.ar\/catalogo\/wp-content\/uploads\/2023\/08\/producto-cuadro-pca.png\"><img decoding=\"async\" class=\"alignnone size-full wp-image-4593\" src=\"https:\/\/lidertecsa.com.ar\/catalogo\/wp-content\/uploads\/2023\/08\/producto-cuadro-pca.png\" alt=\"\" width=\"1000\" height=\"726\" srcset=\"https:\/\/lidertecsa.com.ar\/catalogo\/wp-content\/uploads\/2023\/08\/producto-cuadro-pca.png 1000w, https:\/\/lidertecsa.com.ar\/catalogo\/wp-content\/uploads\/2023\/08\/producto-cuadro-pca-300x218.png 300w, https:\/\/lidertecsa.com.ar\/catalogo\/wp-content\/uploads\/2023\/08\/producto-cuadro-pca-768x558.png 768w, https:\/\/lidertecsa.com.ar\/catalogo\/wp-content\/uploads\/2023\/08\/producto-cuadro-pca-416x302.png 416w\" sizes=\"(max-width: 1000px) 100vw, 1000px\" \/><\/a><\/p>\n","protected":false},"excerpt":{"rendered":"<p>Tornillo de hormig\u00f3n PCA<\/p>\n","protected":false},"featured_media":4592,"template":"","meta":{"_joinchat":[]},"product_cat":[910],"product_tag":[918],"class_list":{"0":"post-4591","1":"product","2":"type-product","3":"status-publish","4":"has-post-thumbnail","6":"product_cat-fijacion-ancora","7":"product_tag-tornillo-para-hormigon","9":"first","10":"instock","11":"taxable","12":"shipping-taxable","13":"product-type-simple"},"_links":{"self":[{"href":"https:\/\/lidertecsa.com.ar\/catalogo\/wp-json\/wp\/v2\/product\/4591"}],"collection":[{"href":"https:\/\/lidertecsa.com.ar\/catalogo\/wp-json\/wp\/v2\/product"}],"about":[{"href":"https:\/\/lidertecsa.com.ar\/catalogo\/wp-json\/wp\/v2\/types\/product"}],"wp:featuredmedia":[{"embeddable":true,"href":"https:\/\/lidertecsa.com.ar\/catalogo\/wp-json\/wp\/v2\/media\/4592"}],"wp:attachment":[{"href":"https:\/\/lidertecsa.com.ar\/catalogo\/wp-json\/wp\/v2\/media?parent=4591"}],"wp:term":[{"taxonomy":"product_cat","embeddable":true,"href":"https:\/\/lidertecsa.com.ar\/catalogo\/wp-json\/wp\/v2\/product_cat?post=4591"},{"taxonomy":"product_tag","embeddable":true,"href":"https:\/\/lidertecsa.com.ar\/catalogo\/wp-json\/wp\/v2\/product_tag?post=4591"}],"curies":[{"name":"wp","href":"https:\/\/api.w.org\/{rel}","templated":true}]}}