{"id":4588,"date":"2023-08-08T12:09:38","date_gmt":"2023-08-08T15:09:38","guid":{"rendered":"https:\/\/lidertecsa.com.ar\/catalogo\/?post_type=product&#038;p=4588"},"modified":"2024-12-13T16:44:01","modified_gmt":"2024-12-13T19:44:01","slug":"tornillo-con-rosca-interna-nutbolt","status":"publish","type":"product","link":"https:\/\/lidertecsa.com.ar\/catalogo\/producto\/tornillo-con-rosca-interna-nutbolt\/","title":{"rendered":"Tornillo con Rosca Interna NUTBOLT"},"content":{"rendered":"<p class=\"avanceennota\">TORNILLO MEC\u00c1NICO DE ANCLAJE CON ROSCA INTERIOR<\/p>\n<p>Ancla mec\u00e1nica tipo tornillo de rosca y sin expansi\u00f3n, con rosca interna en la cabeza para la instalaci\u00f3n de piezas roscadas. Sus principales caracter\u00edsticas son una aplicaci\u00f3n r\u00e1pida y sencilla. Material bajo en carbono, templado, endurecido, con tratamiento superficial cincado blanco y resistencia a la corrosi\u00f3n de 48 horas CMB (corrosi\u00f3n del metal base) en salt spray seg\u00fan los par\u00e1metros vigentes de la norma ABNT NBR 8094.<\/p>\n<p>CARACTER\u00cdSTICAS Y VENTAJAS<\/p>\n<ul>\n<li>El propio tornillo de anclaje forma roscas en el hormig\u00f3n.<\/li>\n<li>Aplicaci\u00f3n con llave de impacto.<\/li>\n<li>No se expande en el agujero, por lo que no genera tensiones.<\/li>\n<li>Permite aplicaciones cerca del borde y un espacio reducido entre las fijaciones.<\/li>\n<\/ul>\n<p>APLICACIONES PRINCIPALES<\/p>\n<ul>\n<li>Instalaciones hidr\u00e1ulicas.<\/li>\n<li>Instalaciones el\u00e9ctricas.<\/li>\n<li>Sistemas de aire acondicionado.<\/li>\n<li>Sistemas de incendio.<\/li>\n<\/ul>\n<p><a href=\"https:\/\/lidertecsa.com.ar\/catalogo\/wp-content\/uploads\/2023\/08\/producto-cuadro-nutbolt.png\"><img decoding=\"async\" class=\"alignnone size-full wp-image-4590\" src=\"https:\/\/lidertecsa.com.ar\/catalogo\/wp-content\/uploads\/2023\/08\/producto-cuadro-nutbolt.png\" alt=\"\" width=\"1000\" height=\"783\" srcset=\"https:\/\/lidertecsa.com.ar\/catalogo\/wp-content\/uploads\/2023\/08\/producto-cuadro-nutbolt.png 1000w, https:\/\/lidertecsa.com.ar\/catalogo\/wp-content\/uploads\/2023\/08\/producto-cuadro-nutbolt-300x235.png 300w, https:\/\/lidertecsa.com.ar\/catalogo\/wp-content\/uploads\/2023\/08\/producto-cuadro-nutbolt-768x601.png 768w, https:\/\/lidertecsa.com.ar\/catalogo\/wp-content\/uploads\/2023\/08\/producto-cuadro-nutbolt-416x326.png 416w\" sizes=\"(max-width: 1000px) 100vw, 1000px\" \/><\/a><\/p>\n","protected":false},"excerpt":{"rendered":"<p>Tornillo mec\u00e1nico de anclaje con rosca interior<\/p>\n","protected":false},"featured_media":4589,"template":"","meta":{"_joinchat":[]},"product_cat":[910],"product_tag":[919],"class_list":{"0":"post-4588","1":"product","2":"type-product","3":"status-publish","4":"has-post-thumbnail","6":"product_cat-fijacion-ancora","7":"product_tag-tornillo-de-anclaje-con-rosca-interna","9":"first","10":"instock","11":"taxable","12":"shipping-taxable","13":"product-type-variable"},"_links":{"self":[{"href":"https:\/\/lidertecsa.com.ar\/catalogo\/wp-json\/wp\/v2\/product\/4588"}],"collection":[{"href":"https:\/\/lidertecsa.com.ar\/catalogo\/wp-json\/wp\/v2\/product"}],"about":[{"href":"https:\/\/lidertecsa.com.ar\/catalogo\/wp-json\/wp\/v2\/types\/product"}],"wp:featuredmedia":[{"embeddable":true,"href":"https:\/\/lidertecsa.com.ar\/catalogo\/wp-json\/wp\/v2\/media\/4589"}],"wp:attachment":[{"href":"https:\/\/lidertecsa.com.ar\/catalogo\/wp-json\/wp\/v2\/media?parent=4588"}],"wp:term":[{"taxonomy":"product_cat","embeddable":true,"href":"https:\/\/lidertecsa.com.ar\/catalogo\/wp-json\/wp\/v2\/product_cat?post=4588"},{"taxonomy":"product_tag","embeddable":true,"href":"https:\/\/lidertecsa.com.ar\/catalogo\/wp-json\/wp\/v2\/product_tag?post=4588"}],"curies":[{"name":"wp","href":"https:\/\/api.w.org\/{rel}","templated":true}]}}