{"id":4585,"date":"2023-08-08T12:03:29","date_gmt":"2023-08-08T15:03:29","guid":{"rendered":"https:\/\/lidertecsa.com.ar\/catalogo\/?post_type=product&#038;p=4585"},"modified":"2024-12-13T16:44:08","modified_gmt":"2024-12-13T19:44:08","slug":"tornillo-para-hormigon-pce","status":"publish","type":"product","link":"https:\/\/lidertecsa.com.ar\/catalogo\/producto\/tornillo-para-hormigon-pce\/","title":{"rendered":"Tornillo para Hormig\u00f3n PCE"},"content":{"rendered":"<p class=\"avanceennota\">TORNILLO DE HORMIGON<\/p>\n<p>Ancla mec\u00e1nica tipo tornillo de rosca y sin expansi\u00f3n. Sus principales caracter\u00edsticas son una aplicaci\u00f3n r\u00e1pida y sencilla.<\/p>\n<p>CARACTER\u00cdSTICAS Y VENTAJAS:<\/p>\n<ul>\n<li>Velocidad de instalaci\u00f3n.<\/li>\n<li>Fijaci\u00f3n realizada a trav\u00e9s de la placa de metal.<\/li>\n<li>Distancias entre pernos de anclaje y cantos reducidas.<\/li>\n<li>Extra\u00edble y reutilizable.<\/li>\n<li>Identificaci\u00f3n en la cabeza del sujetador.<\/li>\n<li>Di\u00e1metro del agujero igual al di\u00e1metro del fijador.<\/li>\n<li>Aplicaci\u00f3n con llave de impacto o manual.<\/li>\n<li>Perfil de rosca lamina el hormig\u00f3n.<\/li>\n<li>Carga distribuida por todo el cuerpo del ancla.<\/li>\n<\/ul>\n<p>APLICACIONES PRINCIPALES<\/p>\n<ul>\n<li>Estructuras y soportes met\u00e1licos.<\/li>\n<li>Sistemas de almacenamiento y manipulaci\u00f3n.<\/li>\n<li>Instalaciones en general.<\/li>\n<li>Marcos y fachadas.<\/li>\n<li>Marco de acero.<\/li>\n<li>Instalaci\u00f3n de seguridad y se\u00f1alizaci\u00f3n.<\/li>\n<li>Fijaci\u00f3n de sistemas de hormig\u00f3n prefabricado.<\/li>\n<\/ul>\n<p><a href=\"https:\/\/lidertecsa.com.ar\/catalogo\/wp-content\/uploads\/2023\/08\/producto-cuadro-pce.png\"><img decoding=\"async\" class=\"alignnone size-full wp-image-4587\" src=\"https:\/\/lidertecsa.com.ar\/catalogo\/wp-content\/uploads\/2023\/08\/producto-cuadro-pce.png\" alt=\"\" width=\"1001\" height=\"884\" srcset=\"https:\/\/lidertecsa.com.ar\/catalogo\/wp-content\/uploads\/2023\/08\/producto-cuadro-pce.png 1001w, https:\/\/lidertecsa.com.ar\/catalogo\/wp-content\/uploads\/2023\/08\/producto-cuadro-pce-300x265.png 300w, https:\/\/lidertecsa.com.ar\/catalogo\/wp-content\/uploads\/2023\/08\/producto-cuadro-pce-768x678.png 768w, https:\/\/lidertecsa.com.ar\/catalogo\/wp-content\/uploads\/2023\/08\/producto-cuadro-pce-416x367.png 416w\" sizes=\"(max-width: 1001px) 100vw, 1001px\" \/><\/a><\/p>\n","protected":false},"excerpt":{"rendered":"<p>Tornillo de hormig\u00f3n<\/p>\n","protected":false},"featured_media":4586,"template":"","meta":{"_joinchat":[]},"product_cat":[910],"product_tag":[918],"class_list":{"0":"post-4585","1":"product","2":"type-product","3":"status-publish","4":"has-post-thumbnail","6":"product_cat-fijacion-ancora","7":"product_tag-tornillo-para-hormigon","9":"first","10":"instock","11":"taxable","12":"shipping-taxable","13":"product-type-variable"},"_links":{"self":[{"href":"https:\/\/lidertecsa.com.ar\/catalogo\/wp-json\/wp\/v2\/product\/4585"}],"collection":[{"href":"https:\/\/lidertecsa.com.ar\/catalogo\/wp-json\/wp\/v2\/product"}],"about":[{"href":"https:\/\/lidertecsa.com.ar\/catalogo\/wp-json\/wp\/v2\/types\/product"}],"wp:featuredmedia":[{"embeddable":true,"href":"https:\/\/lidertecsa.com.ar\/catalogo\/wp-json\/wp\/v2\/media\/4586"}],"wp:attachment":[{"href":"https:\/\/lidertecsa.com.ar\/catalogo\/wp-json\/wp\/v2\/media?parent=4585"}],"wp:term":[{"taxonomy":"product_cat","embeddable":true,"href":"https:\/\/lidertecsa.com.ar\/catalogo\/wp-json\/wp\/v2\/product_cat?post=4585"},{"taxonomy":"product_tag","embeddable":true,"href":"https:\/\/lidertecsa.com.ar\/catalogo\/wp-json\/wp\/v2\/product_tag?post=4585"}],"curies":[{"name":"wp","href":"https:\/\/api.w.org\/{rel}","templated":true}]}}