{"id":4524,"date":"2023-08-07T16:46:46","date_gmt":"2023-08-07T19:46:46","guid":{"rendered":"https:\/\/lidertecsa.com.ar\/catalogo\/?post_type=product&#038;p=4524"},"modified":"2024-12-13T16:36:13","modified_gmt":"2024-12-13T19:36:13","slug":"pantalon-de-trabajo-pampero-beige","status":"publish","type":"product","link":"https:\/\/lidertecsa.com.ar\/catalogo\/producto\/pantalon-de-trabajo-pampero-beige\/","title":{"rendered":"Pantal\u00f3n de Trabajo Pampero Beige"},"content":{"rendered":"<p>El pantal\u00f3n de trabajo est\u00e1 pensado para cualquier actividad laboral. Es muy pr\u00e1ctico ya que cuenta con varios bolsillos.<\/p>\n<p>Talles disponibles: 36 &#8211; 38 &#8211; 40 &#8211; 42- 44- 46 &#8211; 48 &#8211; 50 &#8211; 52 &#8211; 54 &#8211; 56 &#8211; 58 &#8211; 60<\/p>\n","protected":false},"excerpt":{"rendered":"<p>Pantal\u00f3n de trabajo Pampero color beige<\/p>\n","protected":false},"featured_media":4525,"template":"","meta":{"_joinchat":[]},"product_cat":[902],"product_tag":[830],"class_list":{"0":"post-4524","1":"product","2":"type-product","3":"status-publish","4":"has-post-thumbnail","6":"product_cat-camisas-y-pantalones-de-trabajo","7":"product_tag-pantalon-de-trabajo","9":"first","10":"instock","11":"taxable","12":"shipping-taxable","13":"product-type-simple"},"_links":{"self":[{"href":"https:\/\/lidertecsa.com.ar\/catalogo\/wp-json\/wp\/v2\/product\/4524"}],"collection":[{"href":"https:\/\/lidertecsa.com.ar\/catalogo\/wp-json\/wp\/v2\/product"}],"about":[{"href":"https:\/\/lidertecsa.com.ar\/catalogo\/wp-json\/wp\/v2\/types\/product"}],"wp:featuredmedia":[{"embeddable":true,"href":"https:\/\/lidertecsa.com.ar\/catalogo\/wp-json\/wp\/v2\/media\/4525"}],"wp:attachment":[{"href":"https:\/\/lidertecsa.com.ar\/catalogo\/wp-json\/wp\/v2\/media?parent=4524"}],"wp:term":[{"taxonomy":"product_cat","embeddable":true,"href":"https:\/\/lidertecsa.com.ar\/catalogo\/wp-json\/wp\/v2\/product_cat?post=4524"},{"taxonomy":"product_tag","embeddable":true,"href":"https:\/\/lidertecsa.com.ar\/catalogo\/wp-json\/wp\/v2\/product_tag?post=4524"}],"curies":[{"name":"wp","href":"https:\/\/api.w.org\/{rel}","templated":true}]}}