{"id":4520,"date":"2023-08-07T16:10:27","date_gmt":"2023-08-07T19:10:27","guid":{"rendered":"https:\/\/lidertecsa.com.ar\/catalogo\/?post_type=product&#038;p=4520"},"modified":"2024-12-13T16:36:13","modified_gmt":"2024-12-13T19:36:13","slug":"pantalon-campo-pampero","status":"publish","type":"product","link":"https:\/\/lidertecsa.com.ar\/catalogo\/producto\/pantalon-campo-pampero\/","title":{"rendered":"Pantal\u00f3n Campo Pampero"},"content":{"rendered":"<p>Un cl\u00e1sico por el material denim y muy f\u00e1cil de combinar para un uso diario. Es de tiro medio y cintura con ojal y bot\u00f3n.<\/p>\n<ul>\n<li>Pantal\u00f3n urbano 5 bolsillos de corte cl\u00e1sico.<\/li>\n<li>Confeccionado en denim 100% algod\u00f3n.<\/li>\n<li>Tiro medio, cintura con ojal y bot\u00f3n.<\/li>\n<li>Presillas para el cintur\u00f3n.<\/li>\n<li>Acceso cierre de metal.<\/li>\n<\/ul>\n<p>Composici\u00f3n: 100% Algod\u00f3n<\/p>\n<p>Talles: 38 &#8211; 40 &#8211; 42 &#8211; 44 &#8211; 46 &#8211; 48 &#8211; 50 &#8211; 52 &#8211; 54 &#8211; 56<\/p>\n","protected":false},"excerpt":{"rendered":"<p>Pantal\u00f3n Campo Pampero<\/p>\n","protected":false},"featured_media":4521,"template":"","meta":{"_joinchat":[]},"product_cat":[902],"product_tag":[906],"class_list":{"0":"post-4520","1":"product","2":"type-product","3":"status-publish","4":"has-post-thumbnail","6":"product_cat-camisas-y-pantalones-de-trabajo","7":"product_tag-pantalon-de-jean","9":"first","10":"instock","11":"taxable","12":"shipping-taxable","13":"product-type-simple"},"_links":{"self":[{"href":"https:\/\/lidertecsa.com.ar\/catalogo\/wp-json\/wp\/v2\/product\/4520"}],"collection":[{"href":"https:\/\/lidertecsa.com.ar\/catalogo\/wp-json\/wp\/v2\/product"}],"about":[{"href":"https:\/\/lidertecsa.com.ar\/catalogo\/wp-json\/wp\/v2\/types\/product"}],"wp:featuredmedia":[{"embeddable":true,"href":"https:\/\/lidertecsa.com.ar\/catalogo\/wp-json\/wp\/v2\/media\/4521"}],"wp:attachment":[{"href":"https:\/\/lidertecsa.com.ar\/catalogo\/wp-json\/wp\/v2\/media?parent=4520"}],"wp:term":[{"taxonomy":"product_cat","embeddable":true,"href":"https:\/\/lidertecsa.com.ar\/catalogo\/wp-json\/wp\/v2\/product_cat?post=4520"},{"taxonomy":"product_tag","embeddable":true,"href":"https:\/\/lidertecsa.com.ar\/catalogo\/wp-json\/wp\/v2\/product_tag?post=4520"}],"curies":[{"name":"wp","href":"https:\/\/api.w.org\/{rel}","templated":true}]}}