{"id":449,"date":"2023-06-17T10:30:51","date_gmt":"2023-06-17T13:30:51","guid":{"rendered":"https:\/\/lidertecsa.com.ar\/catalogo\/?post_type=product&#038;p=449"},"modified":"2026-02-04T12:21:44","modified_gmt":"2026-02-04T15:21:44","slug":"trabasil-activador-t-aerosol-x-240-ml","status":"publish","type":"product","link":"https:\/\/lidertecsa.com.ar\/catalogo\/producto\/trabasil-activador-t-aerosol-x-240-ml\/","title":{"rendered":"Trabasil Activador T aerosol x 240 ml"},"content":{"rendered":"<p>El uso del Activador T es necesario en los siguientes casos, para una correcta cura de la traba anaer\u00f3bica: en superficies inactivas (materiales inertes o qu\u00edmicamente estables) como los pl\u00e1sticos, aceros inoxidables, superficioes zincadas, cromadas, fosfatizadas y otras. Cuando se requiere acelerar el curado. Cuando la temperatura ambiente es baja (menos de +6\u00baC). Con holguras m\u00e1ximas.<\/p>\n<ul class=\"ficha\">\n<li>Usos:\u00a0Usos: &#8211; En superficies inactivas como los pl\u00e1sticos, aceros inoxidables, superficies zincadas, cromadas, fosfatizadas y otras. &#8211; Cuando la temperatura ambiente es baja (menor a +6\u00b0C) . &#8211; En piezas con holguras m\u00e1ximas.<\/li>\n<\/ul>\n","protected":false},"excerpt":{"rendered":"<p>Activador T en aerosol.<\/p>\n","protected":false},"featured_media":450,"template":"","meta":{"_joinchat":[]},"product_cat":[46],"product_tag":[153],"class_list":{"0":"post-449","1":"product","2":"type-product","3":"status-publish","4":"has-post-thumbnail","6":"product_cat-activadores","7":"product_tag-activadores","9":"first","10":"instock","11":"taxable","12":"shipping-taxable","13":"product-type-simple"},"_links":{"self":[{"href":"https:\/\/lidertecsa.com.ar\/catalogo\/wp-json\/wp\/v2\/product\/449"}],"collection":[{"href":"https:\/\/lidertecsa.com.ar\/catalogo\/wp-json\/wp\/v2\/product"}],"about":[{"href":"https:\/\/lidertecsa.com.ar\/catalogo\/wp-json\/wp\/v2\/types\/product"}],"wp:featuredmedia":[{"embeddable":true,"href":"https:\/\/lidertecsa.com.ar\/catalogo\/wp-json\/wp\/v2\/media\/450"}],"wp:attachment":[{"href":"https:\/\/lidertecsa.com.ar\/catalogo\/wp-json\/wp\/v2\/media?parent=449"}],"wp:term":[{"taxonomy":"product_cat","embeddable":true,"href":"https:\/\/lidertecsa.com.ar\/catalogo\/wp-json\/wp\/v2\/product_cat?post=449"},{"taxonomy":"product_tag","embeddable":true,"href":"https:\/\/lidertecsa.com.ar\/catalogo\/wp-json\/wp\/v2\/product_tag?post=449"}],"curies":[{"name":"wp","href":"https:\/\/api.w.org\/{rel}","templated":true}]}}