{"id":446,"date":"2023-06-17T10:23:53","date_gmt":"2023-06-17T13:23:53","guid":{"rendered":"https:\/\/lidertecsa.com.ar\/catalogo\/?post_type=product&#038;p=446"},"modified":"2026-02-04T12:28:24","modified_gmt":"2026-02-04T15:28:24","slug":"trabasil-gas-rojo-x-50-grs-frasco","status":"publish","type":"product","link":"https:\/\/lidertecsa.com.ar\/catalogo\/producto\/trabasil-gas-rojo-x-50-grs-frasco\/","title":{"rendered":"Trabasil GAS ROJO x 50 grs. frasco"},"content":{"rendered":"<div class=\"content\">\n<div class=\"ttl-cat-producto\">SELLADO DE CONEXIONES DE GAS<\/div>\n<\/div>\n<h2>Gas Rojo<\/h2>\n<p>Sellador de torque fuerte y curado r\u00e1pido. Permite dar servicio en 15 minutos. Aprobado por el IGA Matr\u00edcula n\u00b0 1573-01<\/p>\n<ul class=\"ficha\">\n<li>Usos:\u00a0Usos: Sellado y fijaci\u00f3n de ca\u00f1er\u00edas, accesorios (v\u00e1lvulas, codos, niples, etc.) y artefactos de Gas Natural Comprimido.<\/li>\n<\/ul>\n","protected":false},"excerpt":{"rendered":"<p>Sellador para conexiones de gas.<\/p>\n","protected":false},"featured_media":447,"template":"","meta":{"_joinchat":[]},"product_cat":[21],"product_tag":[152],"class_list":{"0":"post-446","1":"product","2":"type-product","3":"status-publish","4":"has-post-thumbnail","6":"product_cat-serie-roja","7":"product_tag-gas-rojo","9":"first","10":"instock","11":"taxable","12":"shipping-taxable","13":"product-type-simple"},"_links":{"self":[{"href":"https:\/\/lidertecsa.com.ar\/catalogo\/wp-json\/wp\/v2\/product\/446"}],"collection":[{"href":"https:\/\/lidertecsa.com.ar\/catalogo\/wp-json\/wp\/v2\/product"}],"about":[{"href":"https:\/\/lidertecsa.com.ar\/catalogo\/wp-json\/wp\/v2\/types\/product"}],"wp:featuredmedia":[{"embeddable":true,"href":"https:\/\/lidertecsa.com.ar\/catalogo\/wp-json\/wp\/v2\/media\/447"}],"wp:attachment":[{"href":"https:\/\/lidertecsa.com.ar\/catalogo\/wp-json\/wp\/v2\/media?parent=446"}],"wp:term":[{"taxonomy":"product_cat","embeddable":true,"href":"https:\/\/lidertecsa.com.ar\/catalogo\/wp-json\/wp\/v2\/product_cat?post=446"},{"taxonomy":"product_tag","embeddable":true,"href":"https:\/\/lidertecsa.com.ar\/catalogo\/wp-json\/wp\/v2\/product_tag?post=446"}],"curies":[{"name":"wp","href":"https:\/\/api.w.org\/{rel}","templated":true}]}}