{"id":44,"date":"2023-06-01T13:53:15","date_gmt":"2023-06-01T16:53:15","guid":{"rendered":"https:\/\/lidertecsa.com.ar\/catalogo\/producto\/pegamil-inst-2g-est-c120\/"},"modified":"2026-02-04T09:32:11","modified_gmt":"2026-02-04T12:32:11","slug":"pegamil-inst-2g-est-c120","status":"publish","type":"product","link":"https:\/\/lidertecsa.com.ar\/catalogo\/producto\/pegamil-inst-2g-est-c120\/","title":{"rendered":"Pegamil Instant\u00e1neo x 2g Estuche"},"content":{"rendered":"<h2>Adhesivo instant\u00e1neo<\/h2>\n<p>Pega en segundos y definitivamente una amplia gama de materiales: pl\u00e1sticos, goma, porcelana, madera , cuero, cuerina, hierro, metales, papel, cart\u00f3n, corcho, cer\u00e1mica. Para reparaciones en el hogar, el taller y para realizar hobbies y manualidades.<\/p>\n","protected":false},"excerpt":{"rendered":"<h2>Adhesivo instant\u00e1neo<\/h2>\n","protected":false},"featured_media":58,"template":"","meta":{"_joinchat":[]},"product_cat":[29],"product_tag":[68],"class_list":{"0":"post-44","1":"product","2":"type-product","3":"status-publish","4":"has-post-thumbnail","6":"product_cat-pegamil","7":"product_tag-instantaneo","9":"first","10":"instock","11":"taxable","12":"shipping-taxable","13":"product-type-simple"},"_links":{"self":[{"href":"https:\/\/lidertecsa.com.ar\/catalogo\/wp-json\/wp\/v2\/product\/44"}],"collection":[{"href":"https:\/\/lidertecsa.com.ar\/catalogo\/wp-json\/wp\/v2\/product"}],"about":[{"href":"https:\/\/lidertecsa.com.ar\/catalogo\/wp-json\/wp\/v2\/types\/product"}],"wp:featuredmedia":[{"embeddable":true,"href":"https:\/\/lidertecsa.com.ar\/catalogo\/wp-json\/wp\/v2\/media\/58"}],"wp:attachment":[{"href":"https:\/\/lidertecsa.com.ar\/catalogo\/wp-json\/wp\/v2\/media?parent=44"}],"wp:term":[{"taxonomy":"product_cat","embeddable":true,"href":"https:\/\/lidertecsa.com.ar\/catalogo\/wp-json\/wp\/v2\/product_cat?post=44"},{"taxonomy":"product_tag","embeddable":true,"href":"https:\/\/lidertecsa.com.ar\/catalogo\/wp-json\/wp\/v2\/product_tag?post=44"}],"curies":[{"name":"wp","href":"https:\/\/api.w.org\/{rel}","templated":true}]}}