{"id":428,"date":"2023-06-17T09:54:57","date_gmt":"2023-06-17T12:54:57","guid":{"rendered":"https:\/\/lidertecsa.com.ar\/catalogo\/?post_type=product&#038;p=428"},"modified":"2026-02-04T11:31:33","modified_gmt":"2026-02-04T14:31:33","slug":"trabasil-ra3-x-15-grs-frasco","status":"publish","type":"product","link":"https:\/\/lidertecsa.com.ar\/catalogo\/producto\/trabasil-ra3-x-15-grs-frasco\/","title":{"rendered":"Trabasil RA3 x 15 grs. frasco"},"content":{"rendered":"<div class=\"content\">\n<div class=\"ttl-subcat-producto\">TORQUE ALTO &#8211; PIEZAS CON DESGASTE<\/div>\n<\/div>\n<p>Esp\u00e1rragos o torniller\u00eda de gran di\u00e1metro o con desgaste. Desarme con herramientas de alto poder.<\/p>\n<ul class=\"ficha\">\n<li>Holgura m\u00e1xima diametral (mm.):\u00a00.45<\/li>\n<li>Viscosidad (mPa.s) :\u00a0L\u00edquido viscoso 7000<\/li>\n<li>Torque quiebre (N.m):\u00a030-45<\/li>\n<li>Torque remanente (N.m):\u00a025-40<\/li>\n<li>Tiempo cura parcial (Minutos):\u00a05-20<\/li>\n<li>Tiempo cura total (Horas):\u00a06<\/li>\n<li>Resistencia temperatura (\u00b0C):\u00a0-50\u00b0C a +150\u00baC<\/li>\n<li>Usos:\u00a0Bulones de volante de motor, de fijaci\u00f3n de pata de motor, extremos de direcci\u00f3n con desgaste y mucha holgura.<\/li>\n<\/ul>\n","protected":false},"excerpt":{"rendered":"<p>Traba rosca Torque Alto.<\/p>\n","protected":false},"featured_media":429,"template":"","meta":{"_joinchat":[]},"product_cat":[21],"product_tag":[23],"class_list":{"0":"post-428","1":"product","2":"type-product","3":"status-publish","4":"has-post-thumbnail","6":"product_cat-serie-roja","7":"product_tag-traba-roscas","9":"first","10":"instock","11":"taxable","12":"shipping-taxable","13":"product-type-simple"},"_links":{"self":[{"href":"https:\/\/lidertecsa.com.ar\/catalogo\/wp-json\/wp\/v2\/product\/428"}],"collection":[{"href":"https:\/\/lidertecsa.com.ar\/catalogo\/wp-json\/wp\/v2\/product"}],"about":[{"href":"https:\/\/lidertecsa.com.ar\/catalogo\/wp-json\/wp\/v2\/types\/product"}],"wp:featuredmedia":[{"embeddable":true,"href":"https:\/\/lidertecsa.com.ar\/catalogo\/wp-json\/wp\/v2\/media\/429"}],"wp:attachment":[{"href":"https:\/\/lidertecsa.com.ar\/catalogo\/wp-json\/wp\/v2\/media?parent=428"}],"wp:term":[{"taxonomy":"product_cat","embeddable":true,"href":"https:\/\/lidertecsa.com.ar\/catalogo\/wp-json\/wp\/v2\/product_cat?post=428"},{"taxonomy":"product_tag","embeddable":true,"href":"https:\/\/lidertecsa.com.ar\/catalogo\/wp-json\/wp\/v2\/product_tag?post=428"}],"curies":[{"name":"wp","href":"https:\/\/api.w.org\/{rel}","templated":true}]}}