{"id":424,"date":"2023-06-17T09:46:58","date_gmt":"2023-06-17T12:46:58","guid":{"rendered":"https:\/\/lidertecsa.com.ar\/catalogo\/?post_type=product&#038;p=424"},"modified":"2026-02-04T11:27:24","modified_gmt":"2026-02-04T14:27:24","slug":"trabasil-ra2-x-15-grs-frasco","status":"publish","type":"product","link":"https:\/\/lidertecsa.com.ar\/catalogo\/producto\/trabasil-ra2-x-15-grs-frasco\/","title":{"rendered":"Trabasil RA2 x 15 grs. frasco"},"content":{"rendered":"<div class=\"content\">\n<div class=\"ttl-subcat-producto\">TORQUE ALTO<\/div>\n<\/div>\n<p>Esp\u00e1rragos o torniller\u00eda de gran di\u00e1metro (m\u00e1s de 10mm) Para el desarme es necesaria una fuerza elevada.<\/p>\n<ul class=\"ficha\">\n<li>Holgura m\u00e1xima diametral (mm.):\u00a00.22<\/li>\n<li>Viscosidad (mPa.s) :\u00a0L\u00edquido 600<\/li>\n<li>Torque quiebre (N.m):\u00a020-35<\/li>\n<li>Torque remanente (N.m):\u00a015-30<\/li>\n<li>Tiempo cura parcial (Minutos):\u00a05-20<\/li>\n<li>Tiempo cura total (Horas):\u00a04<\/li>\n<li>Resistencia temperatura (\u00b0C):\u00a0-50\u00b0C a +150\u00baC<\/li>\n<li>Usos:\u00a0Bulones de volante de motor, de fijaci\u00f3n de pata de motor, extremos de direcci\u00f3n.<\/li>\n<\/ul>\n","protected":false},"excerpt":{"rendered":"<p>Traba rosca Torque Alto.<\/p>\n","protected":false},"featured_media":425,"template":"","meta":{"_joinchat":[]},"product_cat":[21],"product_tag":[23],"class_list":{"0":"post-424","1":"product","2":"type-product","3":"status-publish","4":"has-post-thumbnail","6":"product_cat-serie-roja","7":"product_tag-traba-roscas","9":"first","10":"instock","11":"taxable","12":"shipping-taxable","13":"product-type-simple"},"_links":{"self":[{"href":"https:\/\/lidertecsa.com.ar\/catalogo\/wp-json\/wp\/v2\/product\/424"}],"collection":[{"href":"https:\/\/lidertecsa.com.ar\/catalogo\/wp-json\/wp\/v2\/product"}],"about":[{"href":"https:\/\/lidertecsa.com.ar\/catalogo\/wp-json\/wp\/v2\/types\/product"}],"wp:featuredmedia":[{"embeddable":true,"href":"https:\/\/lidertecsa.com.ar\/catalogo\/wp-json\/wp\/v2\/media\/425"}],"wp:attachment":[{"href":"https:\/\/lidertecsa.com.ar\/catalogo\/wp-json\/wp\/v2\/media?parent=424"}],"wp:term":[{"taxonomy":"product_cat","embeddable":true,"href":"https:\/\/lidertecsa.com.ar\/catalogo\/wp-json\/wp\/v2\/product_cat?post=424"},{"taxonomy":"product_tag","embeddable":true,"href":"https:\/\/lidertecsa.com.ar\/catalogo\/wp-json\/wp\/v2\/product_tag?post=424"}],"curies":[{"name":"wp","href":"https:\/\/api.w.org\/{rel}","templated":true}]}}