{"id":423,"date":"2023-06-17T09:45:09","date_gmt":"2023-06-17T12:45:09","guid":{"rendered":"https:\/\/lidertecsa.com.ar\/catalogo\/?post_type=product&#038;p=423"},"modified":"2026-02-04T11:26:35","modified_gmt":"2026-02-04T14:26:35","slug":"trabasil-rm1-x-250-grs-frasco","status":"publish","type":"product","link":"https:\/\/lidertecsa.com.ar\/catalogo\/producto\/trabasil-rm1-x-250-grs-frasco\/","title":{"rendered":"Trabasil RM1 x 250 grs. frasco"},"content":{"rendered":"<h2>RM1<\/h2>\n<div class=\"content\">\n<div class=\"ttl-subcat-producto\">TORQUE MEDIO<\/div>\n<\/div>\n<p>Torniller\u00eda de di\u00e1metro medio. Desarme con herramientas comunes.<\/p>\n<ul class=\"ficha\">\n<li>Holgura m\u00e1xima diametral (mm.):\u00a00.14<\/li>\n<li>Viscosidad (mPa.s) :\u00a0L\u00edquido tixotr\u00f3pico<\/li>\n<li>Torque quiebre (N.m):\u00a011-20<\/li>\n<li>Torque remanente (N.m):\u00a010-18<\/li>\n<li>Tiempo cura parcial (Minutos):\u00a010-30<\/li>\n<li>Tiempo cura total (Horas):\u00a06<\/li>\n<li>Resistencia temperatura (\u00b0C):\u00a0-50\u00b0C a +150\u00baC<\/li>\n<li>Usos:\u00a0Tornillos de fijaci\u00f3n de mordaza de frenos y barra de direcci\u00f3n, placa de embrague, tensores, cajas de direcci\u00f3n, enfriador de aceite, plato de freno trasero, tuercas de fijaci\u00f3n de pi\u00f1\u00f3n de transmisi\u00f3n.<\/li>\n<\/ul>\n","protected":false},"excerpt":{"rendered":"<p>Traba rosca Torque Medio<\/p>\n","protected":false},"featured_media":17,"template":"","meta":{"_joinchat":[]},"product_cat":[21],"product_tag":[23],"class_list":{"0":"post-423","1":"product","2":"type-product","3":"status-publish","4":"has-post-thumbnail","6":"product_cat-serie-roja","7":"product_tag-traba-roscas","9":"first","10":"instock","11":"taxable","12":"shipping-taxable","13":"product-type-simple"},"_links":{"self":[{"href":"https:\/\/lidertecsa.com.ar\/catalogo\/wp-json\/wp\/v2\/product\/423"}],"collection":[{"href":"https:\/\/lidertecsa.com.ar\/catalogo\/wp-json\/wp\/v2\/product"}],"about":[{"href":"https:\/\/lidertecsa.com.ar\/catalogo\/wp-json\/wp\/v2\/types\/product"}],"wp:featuredmedia":[{"embeddable":true,"href":"https:\/\/lidertecsa.com.ar\/catalogo\/wp-json\/wp\/v2\/media\/17"}],"wp:attachment":[{"href":"https:\/\/lidertecsa.com.ar\/catalogo\/wp-json\/wp\/v2\/media?parent=423"}],"wp:term":[{"taxonomy":"product_cat","embeddable":true,"href":"https:\/\/lidertecsa.com.ar\/catalogo\/wp-json\/wp\/v2\/product_cat?post=423"},{"taxonomy":"product_tag","embeddable":true,"href":"https:\/\/lidertecsa.com.ar\/catalogo\/wp-json\/wp\/v2\/product_tag?post=423"}],"curies":[{"name":"wp","href":"https:\/\/api.w.org\/{rel}","templated":true}]}}