{"id":4195,"date":"2023-07-31T10:19:20","date_gmt":"2023-07-31T13:19:20","guid":{"rendered":"https:\/\/lidertecsa.com.ar\/catalogo\/?post_type=product&#038;p=4195"},"modified":"2024-12-13T16:39:39","modified_gmt":"2024-12-13T19:39:39","slug":"borcegui-blues-kamet","status":"publish","type":"product","link":"https:\/\/lidertecsa.com.ar\/catalogo\/producto\/borcegui-blues-kamet\/","title":{"rendered":"Borcegu\u00ed Blues Work Line. KAMET"},"content":{"rendered":"<p>BORCEGU\u00cd BLUES<\/p>\n<p><strong>Color:<\/strong> MARR\u00d3N<br \/>\n<strong>Tallas:<\/strong> 35 al 48<\/p>\n<p>DETALLES CONSTRUCTIVOS<br \/>\nSistema de Aparado: AUTOM\u00c1TICO<br \/>\nSistema de Armado: STROBEL<br \/>\nSistema de Visualizaci\u00f3n: DETALLES REFLECTIVOS<br \/>\nAplicaci\u00f3n de Planta Exterior: INYECCI\u00d3N DIRECTA AL CORTE<\/p>\n<p>DETALLES DE MATERIALES<br \/>\nPuntera: ACERO<br \/>\nCapellada: CUERO FLOR HIDRO\/OLEOFUGADO HQ<br \/>\nCa\u00f1a: CUERO FLOR HIDRO\/OLEOFUGADO HQ<br \/>\nCuello: POL\u00cdMERO DE ALTA PERFORMANCE<br \/>\nFuelle: POL\u00cdMERO DE ALTA PERFORMANCE<br \/>\nForro de Capellada: TEXTIL T\u00c9RMICO E IMPERMEABLE<br \/>\nForro de Ca\u00f1a: TEXTIL T\u00c9RMICO E IMPERMEABLE<br \/>\nForro de Fuelle: TEXTIL T\u00c9RMICO E IMPERMEABLE<br \/>\nPlantilla de Armado: NO TEJIDO CON SOPORTE DE RAFIA<br \/>\nPlantilla de Confort: EVA TERMOCONFORMADA CON MICROPERFORACIONES.<br \/>\nPlanta Exterior: POLIURETANO BIDENSIDAD BICOLOR<\/p>\n<p>REQUISITOS NORMATIVOS<\/p>\n<p>Generales<br \/>\n&#8211; Planta Exterior Resistente a los Hidrocarburos<br \/>\n&#8211; Resistente a la Compresi\u00f3n<br \/>\n&#8211; Resistente al Impacto<br \/>\n&#8211; Planta Exterior Resistente a la Flexi\u00f3n<br \/>\n&#8211; Planta Exterior Resistente a la Abrasi\u00f3n<br \/>\n&#8211; Permeabilidad al Vapor de Agua<\/p>\n<p>Adicionales<br \/>\n&#8211; D &#8211; Diel\u00e9ctrico<br \/>\n&#8211; E &#8211; Absorci\u00f3n de Energ\u00eda en el Tal\u00f3n<br \/>\n&#8211; WR &#8211; Resistente al agua<br \/>\n&#8211; SRC &#8211; Resistente al deslizamiento<br \/>\n&#8211; HI + CI &#8211; Aislamiento al Calor y al Frio del Piso<\/p>\n<p>CERTIFICACIONES OPCIONALES<\/p>\n<p>Resistencia al calor por contacto<\/p>\n<p>Antiest\u00e1tico<\/p>\n<p>Resistencia a la perforaci\u00f3n<\/p>\n","protected":false},"excerpt":{"rendered":"<p>Borcegu\u00ed de Seguridad modelo Blues<\/p>\n","protected":false},"featured_media":9571,"template":"","meta":{"_joinchat":[]},"product_cat":[800,829],"product_tag":[839],"class_list":{"0":"post-4195","1":"product","2":"type-product","3":"status-publish","4":"has-post-thumbnail","6":"product_cat-calzado-de-seguridad-proteccion-personal","7":"product_cat-calzado-de-seguridad-kamet","8":"product_tag-borcego-de-seguridad","10":"first","11":"instock","12":"taxable","13":"shipping-taxable","14":"product-type-variable"},"_links":{"self":[{"href":"https:\/\/lidertecsa.com.ar\/catalogo\/wp-json\/wp\/v2\/product\/4195"}],"collection":[{"href":"https:\/\/lidertecsa.com.ar\/catalogo\/wp-json\/wp\/v2\/product"}],"about":[{"href":"https:\/\/lidertecsa.com.ar\/catalogo\/wp-json\/wp\/v2\/types\/product"}],"wp:featuredmedia":[{"embeddable":true,"href":"https:\/\/lidertecsa.com.ar\/catalogo\/wp-json\/wp\/v2\/media\/9571"}],"wp:attachment":[{"href":"https:\/\/lidertecsa.com.ar\/catalogo\/wp-json\/wp\/v2\/media?parent=4195"}],"wp:term":[{"taxonomy":"product_cat","embeddable":true,"href":"https:\/\/lidertecsa.com.ar\/catalogo\/wp-json\/wp\/v2\/product_cat?post=4195"},{"taxonomy":"product_tag","embeddable":true,"href":"https:\/\/lidertecsa.com.ar\/catalogo\/wp-json\/wp\/v2\/product_tag?post=4195"}],"curies":[{"name":"wp","href":"https:\/\/api.w.org\/{rel}","templated":true}]}}