{"id":4179,"date":"2023-07-28T14:35:18","date_gmt":"2023-07-28T17:35:18","guid":{"rendered":"https:\/\/lidertecsa.com.ar\/catalogo\/?post_type=product&#038;p=4179"},"modified":"2024-12-13T16:35:37","modified_gmt":"2024-12-13T19:35:37","slug":"mameluco-chapelco-pampero","status":"publish","type":"product","link":"https:\/\/lidertecsa.com.ar\/catalogo\/producto\/mameluco-chapelco-pampero\/","title":{"rendered":"Mameluco Chapelco Pampero"},"content":{"rendered":"<div class=\"media-content\">\n<div class=\"mbr-section-text\">\n<div class=\"media-content\">\n<div class=\"mbr-section-text\">\n<div class=\"media-content\">\n<div class=\"mbr-section-text\">\n<section id=\"content6-1r\" class=\"mbr-section content6 cid-r0wuESR6L0\">\n<div class=\"container\">\n<div class=\"media-container-row\">\n<div class=\"col-12 col-md-8\">\n<div class=\"media-container-row\">\n<div class=\"media-content\">\n<div class=\"mbr-section-text\">\n<div class=\"media-content\">\n<div class=\"mbr-section-text\">\n<div class=\"media-content\">\n<div class=\"mbr-section-text\">\n<p class=\"mbr-text align-right mb-0 mbr-fonts-style display-7\"><strong>Mameluco Chapelco<\/strong><br \/>\nTela Trucker, entretela de guata matelaseada, capucha desmontable, pu\u00f1os elastizados, cierre en botamanga con cartera y carter\u00f3n delantero. Bolsillo en el pecho, plaqu\u00e9 con cierre, dos bolsillos delanteros plaqu\u00e9. Acceso lateral con cierre. Reflectivos. Talles del S al 3XL. Colores naranja, azul y negro. Producto disponible en linea\u00a0<strong>Pampero<\/strong>.<\/p>\n<\/div>\n<\/div>\n<div class=\"mbr-figure\"><\/div>\n<\/div>\n<\/div>\n<\/div>\n<\/div>\n<\/div>\n<\/div>\n<\/div>\n<\/div>\n<\/section>\n<\/div>\n<\/div>\n<\/div>\n<\/div>\n<\/div>\n<\/div>\n","protected":false},"excerpt":{"rendered":"<p>Mameluco Chapelco Pampero<\/p>\n","protected":false},"featured_media":4180,"template":"","meta":{"_joinchat":[]},"product_cat":[786],"product_tag":[836],"class_list":{"0":"post-4179","1":"product","2":"type-product","3":"status-publish","4":"has-post-thumbnail","6":"product_cat-proteccion-cuerpo","7":"product_tag-mameluco","9":"first","10":"instock","11":"taxable","12":"shipping-taxable","13":"product-type-simple"},"_links":{"self":[{"href":"https:\/\/lidertecsa.com.ar\/catalogo\/wp-json\/wp\/v2\/product\/4179"}],"collection":[{"href":"https:\/\/lidertecsa.com.ar\/catalogo\/wp-json\/wp\/v2\/product"}],"about":[{"href":"https:\/\/lidertecsa.com.ar\/catalogo\/wp-json\/wp\/v2\/types\/product"}],"wp:featuredmedia":[{"embeddable":true,"href":"https:\/\/lidertecsa.com.ar\/catalogo\/wp-json\/wp\/v2\/media\/4180"}],"wp:attachment":[{"href":"https:\/\/lidertecsa.com.ar\/catalogo\/wp-json\/wp\/v2\/media?parent=4179"}],"wp:term":[{"taxonomy":"product_cat","embeddable":true,"href":"https:\/\/lidertecsa.com.ar\/catalogo\/wp-json\/wp\/v2\/product_cat?post=4179"},{"taxonomy":"product_tag","embeddable":true,"href":"https:\/\/lidertecsa.com.ar\/catalogo\/wp-json\/wp\/v2\/product_tag?post=4179"}],"curies":[{"name":"wp","href":"https:\/\/api.w.org\/{rel}","templated":true}]}}