{"id":4133,"date":"2023-07-28T12:22:39","date_gmt":"2023-07-28T15:22:39","guid":{"rendered":"https:\/\/lidertecsa.com.ar\/catalogo\/?post_type=product&#038;p=4133"},"modified":"2024-12-13T16:40:36","modified_gmt":"2024-12-13T19:40:36","slug":"botin-dager-marron-punta-de-acero-kamet","status":"publish","type":"product","link":"https:\/\/lidertecsa.com.ar\/catalogo\/producto\/botin-dager-marron-punta-de-acero-kamet\/","title":{"rendered":"Bot\u00edn Dager NG. KAMET"},"content":{"rendered":"<p>Bot\u00edn de Seguridad, Modelo Dager, L\u00ednea KMT.<br \/>\nCumplen Normas IRAM 3610, con Sello S de Seguridad seg\u00fan Resoluci\u00f3n S.I.C. y M. N\u00ba 896\/99.<br \/>\nUtilizado en todas las industrias del pais.<br \/>\nCapellada con plastron y laterales perforados para mayor ventilaci\u00f3n.<br \/>\nTecnologia 3D. Calzado Triple Densidad.<br \/>\nPlantilla de PU, con Estabilizador del Retropie, Arco Evolvente y Oliva Metatarsal.<br \/>\nMaximo confort reduciendo la fatiga plantar.<\/p>\n<p><strong>Color<\/strong>: MARR\u00d3N<br \/>\n<strong>Tallas<\/strong>: 36 al 47<\/p>\n<p>DETALLES CONSTRUCTIVOS<br \/>\nSistema de Aparado: AUTOM\u00c1TICO<br \/>\nSistema de Armado: STROBEL<br \/>\nSistema de Visualizaci\u00f3n: DETALLES REFLECTIVOS<br \/>\nAplicaci\u00f3n de Planta Exterior: INYECCI\u00d3N DIRECTA AL CORTE<\/p>\n<p>DETALLES DE MATERIALES<br \/>\nPuntera: ACERO \/ COMPOSITE (OPCIONAL)<br \/>\nCapellada: CUERO FLOR TERMINADO HQ<br \/>\nCa\u00f1a: CUERO FLOR TERMINADO HQ<br \/>\nCuello: TEXTIL ACOLCHADO<br \/>\nFuelle: TEXTIL ACOLCHADO<br \/>\nForro de Capellada: NO TEJIDO<br \/>\nForro de Ca\u00f1a: TEJIDO DOBLE FRONTURA ANTIMICROBIANO<br \/>\nForro de Fuelle: TEJIDO DOBLE FRONTURA ANTIMICROBIANO<br \/>\nPlantilla de Armado: NO TEJIDO CON SOPORTE DE RAFIA<br \/>\nPlantilla de Confort: PIQU\u00c9 CON SOPORTE DE EVA MICROPERFORADA<br \/>\nPlanta Exterior: POLIURETANO BIDENSIDAD BICOLOR<\/p>\n<p>REQUISITOS NORMATIVOS<br \/>\nGenerales<br \/>\n&#8211; Planta Exterior Resistente a los Hidrocarburos<br \/>\n&#8211; Resistente a la Compresi\u00f3n<br \/>\n&#8211; Resistente al Impacto<br \/>\n&#8211; Planta Exterior Resistente a la Flexi\u00f3n<br \/>\n&#8211; Planta Exterior Resistente a la Abrasi\u00f3n<br \/>\n&#8211; Permeabilidad al Vapor de Agua<\/p>\n<p>Adicionales<br \/>\n&#8211; D &#8211; Diel\u00e9ctrico<br \/>\n&#8211; E &#8211; Absorci\u00f3n de Energ\u00eda en el Tal\u00f3n<br \/>\n&#8211; WR &#8211; Resistente al Agua<br \/>\n&#8211; SRA &#8211; Resistente al Deslizamiento<br \/>\n&#8211; HI + CI &#8211; Aislamiento al Calor y Frio del Piso<\/p>\n","protected":false},"excerpt":{"rendered":"<p>Bot\u00edn de Seguridad, Modelo Dager, L\u00ednea KMT.<\/p>\n<p><strong>Tallas<\/strong>: 36 al 47<\/p>\n","protected":false},"featured_media":9723,"template":"","meta":{"_joinchat":[]},"product_cat":[800,829],"product_tag":[583],"class_list":{"0":"post-4133","1":"product","2":"type-product","3":"status-publish","4":"has-post-thumbnail","6":"product_cat-calzado-de-seguridad-proteccion-personal","7":"product_cat-calzado-de-seguridad-kamet","8":"product_tag-botin-de-seguridad","10":"first","11":"instock","12":"taxable","13":"shipping-taxable","14":"product-type-variable"},"_links":{"self":[{"href":"https:\/\/lidertecsa.com.ar\/catalogo\/wp-json\/wp\/v2\/product\/4133"}],"collection":[{"href":"https:\/\/lidertecsa.com.ar\/catalogo\/wp-json\/wp\/v2\/product"}],"about":[{"href":"https:\/\/lidertecsa.com.ar\/catalogo\/wp-json\/wp\/v2\/types\/product"}],"wp:featuredmedia":[{"embeddable":true,"href":"https:\/\/lidertecsa.com.ar\/catalogo\/wp-json\/wp\/v2\/media\/9723"}],"wp:attachment":[{"href":"https:\/\/lidertecsa.com.ar\/catalogo\/wp-json\/wp\/v2\/media?parent=4133"}],"wp:term":[{"taxonomy":"product_cat","embeddable":true,"href":"https:\/\/lidertecsa.com.ar\/catalogo\/wp-json\/wp\/v2\/product_cat?post=4133"},{"taxonomy":"product_tag","embeddable":true,"href":"https:\/\/lidertecsa.com.ar\/catalogo\/wp-json\/wp\/v2\/product_tag?post=4133"}],"curies":[{"name":"wp","href":"https:\/\/api.w.org\/{rel}","templated":true}]}}