{"id":411,"date":"2023-06-17T09:24:16","date_gmt":"2023-06-17T12:24:16","guid":{"rendered":"https:\/\/lidertecsa.com.ar\/catalogo\/?post_type=product&#038;p=411"},"modified":"2026-02-04T13:41:52","modified_gmt":"2026-02-04T16:41:52","slug":"w80-grasa-de-litio-multiproposito-x-100-grs","status":"publish","type":"product","link":"https:\/\/lidertecsa.com.ar\/catalogo\/producto\/w80-grasa-de-litio-multiproposito-x-100-grs\/","title":{"rendered":"W80 &#8211; Grasa de Litio Multiprop\u00f3sito x 100 grs."},"content":{"rendered":"<p>Grasa de litio de alta calidad y resistencia, ideal para piezas sometidas a condiciones de temperatura, presi\u00f3n y carga extremas. Es muy estable, resiste el agua, no se ablanda con el uso. Gran adherencia a los metales, proporciona m\u00e1xima protecci\u00f3n anti-desgaste, antifricci\u00f3n, anticorrosiva y antioxidante. Soporta temperaturas entre -20\u00b0c y + 150\u00b0C. Indicada para cojinetes planos, rodamientos de velocidades medias o bajas, engranajes, chasis, crucetas, suspensi\u00f3n, direcci\u00f3n, bujes, pernos, r\u00f3tulas, bombas de agua, motores el\u00e9ctricos, correderas, gu\u00edas, articulaciones.<\/p>\n","protected":false},"excerpt":{"rendered":"<p>Grasa de Litio Roja Multiprop\u00f3sito.<\/p>\n","protected":false},"featured_media":412,"template":"","meta":{"_joinchat":[]},"product_cat":[42],"product_tag":[148],"class_list":{"0":"post-411","1":"product","2":"type-product","3":"status-publish","4":"has-post-thumbnail","6":"product_cat-w80","7":"product_tag-grasa-de-litio","9":"first","10":"instock","11":"taxable","12":"shipping-taxable","13":"product-type-simple"},"_links":{"self":[{"href":"https:\/\/lidertecsa.com.ar\/catalogo\/wp-json\/wp\/v2\/product\/411"}],"collection":[{"href":"https:\/\/lidertecsa.com.ar\/catalogo\/wp-json\/wp\/v2\/product"}],"about":[{"href":"https:\/\/lidertecsa.com.ar\/catalogo\/wp-json\/wp\/v2\/types\/product"}],"wp:featuredmedia":[{"embeddable":true,"href":"https:\/\/lidertecsa.com.ar\/catalogo\/wp-json\/wp\/v2\/media\/412"}],"wp:attachment":[{"href":"https:\/\/lidertecsa.com.ar\/catalogo\/wp-json\/wp\/v2\/media?parent=411"}],"wp:term":[{"taxonomy":"product_cat","embeddable":true,"href":"https:\/\/lidertecsa.com.ar\/catalogo\/wp-json\/wp\/v2\/product_cat?post=411"},{"taxonomy":"product_tag","embeddable":true,"href":"https:\/\/lidertecsa.com.ar\/catalogo\/wp-json\/wp\/v2\/product_tag?post=411"}],"curies":[{"name":"wp","href":"https:\/\/api.w.org\/{rel}","templated":true}]}}