{"id":4071,"date":"2023-07-27T14:31:20","date_gmt":"2023-07-27T17:31:20","guid":{"rendered":"https:\/\/lidertecsa.com.ar\/catalogo\/?post_type=product&#038;p=4071"},"modified":"2024-12-13T16:35:26","modified_gmt":"2024-12-13T19:35:26","slug":"semimascara-bifiltro","status":"publish","type":"product","link":"https:\/\/lidertecsa.com.ar\/catalogo\/producto\/semimascara-bifiltro\/","title":{"rendered":"Semimascara Bifiltro"},"content":{"rendered":"<p>Pieza facial de bajo mantenimiento de Media Cara (o semim\u00e1scara) de filtros reemplazables ayuda a lograr un buen ajuste en distintas configuraciones faciales gracias a la disposici\u00f3n de tres tama\u00f1os (peque\u00f1o, mediano y grande). Es muy liviana por lo que facilita el trabajo en tiempos prolongados.<\/p>\n<p>ESTE PRODUCTO SE VENDE SIN LOS FILTROS, DICHOS FILTROS SE VENDEN POR SEPARADO<\/p>\n<p>Talles:<\/p>\n<ul>\n<li>6100: S<\/li>\n<li>6200: M<\/li>\n<li>6300: L<\/li>\n<\/ul>\n<p>&nbsp;<\/p>\n","protected":false},"excerpt":{"rendered":"<p>Semimascara Bifiltro 3M<\/p>\n","protected":false},"featured_media":4072,"template":"","meta":{"_joinchat":[]},"product_cat":[787],"product_tag":[822],"class_list":{"0":"post-4071","1":"product","2":"type-product","3":"status-publish","4":"has-post-thumbnail","6":"product_cat-proteccion-de-cabeza","7":"product_tag-semimascara","9":"first","10":"instock","11":"taxable","12":"shipping-taxable","13":"product-type-simple"},"_links":{"self":[{"href":"https:\/\/lidertecsa.com.ar\/catalogo\/wp-json\/wp\/v2\/product\/4071"}],"collection":[{"href":"https:\/\/lidertecsa.com.ar\/catalogo\/wp-json\/wp\/v2\/product"}],"about":[{"href":"https:\/\/lidertecsa.com.ar\/catalogo\/wp-json\/wp\/v2\/types\/product"}],"wp:featuredmedia":[{"embeddable":true,"href":"https:\/\/lidertecsa.com.ar\/catalogo\/wp-json\/wp\/v2\/media\/4072"}],"wp:attachment":[{"href":"https:\/\/lidertecsa.com.ar\/catalogo\/wp-json\/wp\/v2\/media?parent=4071"}],"wp:term":[{"taxonomy":"product_cat","embeddable":true,"href":"https:\/\/lidertecsa.com.ar\/catalogo\/wp-json\/wp\/v2\/product_cat?post=4071"},{"taxonomy":"product_tag","embeddable":true,"href":"https:\/\/lidertecsa.com.ar\/catalogo\/wp-json\/wp\/v2\/product_tag?post=4071"}],"curies":[{"name":"wp","href":"https:\/\/api.w.org\/{rel}","templated":true}]}}