{"id":405,"date":"2023-06-17T09:15:38","date_gmt":"2023-06-17T12:15:38","guid":{"rendered":"https:\/\/lidertecsa.com.ar\/catalogo\/?post_type=product&#038;p=405"},"modified":"2026-02-04T13:39:30","modified_gmt":"2026-02-04T16:39:30","slug":"w80-limpia-contactos-x-240-ml","status":"publish","type":"product","link":"https:\/\/lidertecsa.com.ar\/catalogo\/producto\/w80-limpia-contactos-x-240-ml\/","title":{"rendered":"W80 &#8211; Limpia Contactos x 240 ml"},"content":{"rendered":"<p>Eficaz limpiador y desengrasante para contactos, circuitos el\u00e9ctricos y todo equipo electr\u00f3nico, conectores, terminales, cabezales magn\u00e9ticos, microrel\u00e9s, borneras, llaves de contacto, botoneras, mecanismos de precisi\u00f3n. zip drives, mouse. De r\u00e1pida evaporaci\u00f3n, no deja residuos ni humedece las piezas.Penetra r\u00e1pidamente y limpia en profundidad cualquier suciedad.Su v\u00e1lvula 360\u00b0 permite aplicarlo desde cualquier \u00e1ngulo. Compatible con la mayor\u00eda de los pl\u00e1sticos y todos los metales. No contiene solventes clorados.<\/p>\n<ul class=\"ficha\">\n<li>Usos:\u00a0Bornes de bater\u00edas, conectores, terminales, plaquetas y teclas en general.<\/li>\n<\/ul>\n","protected":false},"excerpt":{"rendered":"<p>Limpia Contactos en aerosol.<\/p>\n","protected":false},"featured_media":406,"template":"","meta":{"_joinchat":[]},"product_cat":[42],"product_tag":[145],"class_list":{"0":"post-405","1":"product","2":"type-product","3":"status-publish","4":"has-post-thumbnail","6":"product_cat-w80","7":"product_tag-limpia-contactos","9":"first","10":"instock","11":"taxable","12":"shipping-taxable","13":"product-type-simple"},"_links":{"self":[{"href":"https:\/\/lidertecsa.com.ar\/catalogo\/wp-json\/wp\/v2\/product\/405"}],"collection":[{"href":"https:\/\/lidertecsa.com.ar\/catalogo\/wp-json\/wp\/v2\/product"}],"about":[{"href":"https:\/\/lidertecsa.com.ar\/catalogo\/wp-json\/wp\/v2\/types\/product"}],"wp:featuredmedia":[{"embeddable":true,"href":"https:\/\/lidertecsa.com.ar\/catalogo\/wp-json\/wp\/v2\/media\/406"}],"wp:attachment":[{"href":"https:\/\/lidertecsa.com.ar\/catalogo\/wp-json\/wp\/v2\/media?parent=405"}],"wp:term":[{"taxonomy":"product_cat","embeddable":true,"href":"https:\/\/lidertecsa.com.ar\/catalogo\/wp-json\/wp\/v2\/product_cat?post=405"},{"taxonomy":"product_tag","embeddable":true,"href":"https:\/\/lidertecsa.com.ar\/catalogo\/wp-json\/wp\/v2\/product_tag?post=405"}],"curies":[{"name":"wp","href":"https:\/\/api.w.org\/{rel}","templated":true}]}}