{"id":4045,"date":"2023-07-27T13:19:45","date_gmt":"2023-07-27T16:19:45","guid":{"rendered":"https:\/\/lidertecsa.com.ar\/catalogo\/?post_type=product&#038;p=4045"},"modified":"2024-12-13T16:35:22","modified_gmt":"2024-12-13T19:35:22","slug":"guantes-latex-cana-extra-largo-sin-polvo","status":"publish","type":"product","link":"https:\/\/lidertecsa.com.ar\/catalogo\/producto\/guantes-latex-cana-extra-largo-sin-polvo\/","title":{"rendered":"Guantes L\u00e1tex Ca\u00f1a Extra Largo Sin Polvo"},"content":{"rendered":"<p><strong>Descripci\u00f3n:<\/strong><\/p>\n<p>Cajas de 100 unidades c\/u.<\/p>\n<p><strong>Marca:<\/strong>\u00a0MEDIGLOVE<\/p>\n<p><strong>Color:<\/strong>\u00a0Amarillo<\/p>\n<p><strong>Largo:<\/strong>\u00a0300 mm<\/p>\n<p><strong>Talle<\/strong>: S, M, L, XL<\/p>\n<p><strong>Calidad superior<\/strong>\u00a0grip excelente de mayor grosor al standar ca\u00f1a extra larga excelentes<\/p>\n<p><strong>Sin polvo. Latex natural doble clorinados<\/strong><\/p>\n","protected":false},"excerpt":{"rendered":"<p>Guantes de L\u00e1tex Sin Polvo<\/p>\n","protected":false},"featured_media":9849,"template":"","meta":{"_joinchat":[]},"product_cat":[1517,785],"product_tag":[815],"class_list":{"0":"post-4045","1":"product","2":"type-product","3":"status-publish","4":"has-post-thumbnail","6":"product_cat-natural-latex","7":"product_cat-proteccion-manos-barazos","8":"product_tag-guantes-de-latex","10":"first","11":"instock","12":"taxable","13":"shipping-taxable","14":"product-type-simple"},"_links":{"self":[{"href":"https:\/\/lidertecsa.com.ar\/catalogo\/wp-json\/wp\/v2\/product\/4045"}],"collection":[{"href":"https:\/\/lidertecsa.com.ar\/catalogo\/wp-json\/wp\/v2\/product"}],"about":[{"href":"https:\/\/lidertecsa.com.ar\/catalogo\/wp-json\/wp\/v2\/types\/product"}],"wp:featuredmedia":[{"embeddable":true,"href":"https:\/\/lidertecsa.com.ar\/catalogo\/wp-json\/wp\/v2\/media\/9849"}],"wp:attachment":[{"href":"https:\/\/lidertecsa.com.ar\/catalogo\/wp-json\/wp\/v2\/media?parent=4045"}],"wp:term":[{"taxonomy":"product_cat","embeddable":true,"href":"https:\/\/lidertecsa.com.ar\/catalogo\/wp-json\/wp\/v2\/product_cat?post=4045"},{"taxonomy":"product_tag","embeddable":true,"href":"https:\/\/lidertecsa.com.ar\/catalogo\/wp-json\/wp\/v2\/product_tag?post=4045"}],"curies":[{"name":"wp","href":"https:\/\/api.w.org\/{rel}","templated":true}]}}