{"id":402,"date":"2023-06-17T09:12:56","date_gmt":"2023-06-17T12:12:56","guid":{"rendered":"https:\/\/lidertecsa.com.ar\/catalogo\/?post_type=product&#038;p=402"},"modified":"2026-02-04T13:38:56","modified_gmt":"2026-02-04T16:38:56","slug":"w80-grasa-de-litio-blanca-x-240-ml","status":"publish","type":"product","link":"https:\/\/lidertecsa.com.ar\/catalogo\/producto\/w80-grasa-de-litio-blanca-x-240-ml\/","title":{"rendered":"W80 &#8211; Grasa de Litio Blanca x 240 ml"},"content":{"rendered":"<p>Grasa de litio de Grado 2. F\u00f3rmula en base a aceites sint\u00e9ticos sumamente refinados, aditivos antioxidantes, anticorrosivos y de extrema presi\u00f3n. Para aplicaciones muy exigidas. Forma una pel\u00edcula resistente y de alta viscosidad que no pierde consistencia. Excelente resistencia al agua. Soporta temperaturas de -20\u00b0C a +150\u00b0C. Para rodamientos, ejes, engranajes, bisagras, resortes, lubricaci\u00f3n general de maquinarias, correderas, equipos, chasis, y todo mecanismo exigido, en contacto metal-metal y metal-pl\u00e1stico.<\/p>\n","protected":false},"excerpt":{"rendered":"<p>Grasa de Litio Blanca en aerosol.<\/p>\n","protected":false},"featured_media":404,"template":"","meta":{"_joinchat":[]},"product_cat":[42],"product_tag":[144],"class_list":{"0":"post-402","1":"product","2":"type-product","3":"status-publish","4":"has-post-thumbnail","6":"product_cat-w80","7":"product_tag-grasa-de-litio-blanca","9":"first","10":"instock","11":"taxable","12":"shipping-taxable","13":"product-type-simple"},"_links":{"self":[{"href":"https:\/\/lidertecsa.com.ar\/catalogo\/wp-json\/wp\/v2\/product\/402"}],"collection":[{"href":"https:\/\/lidertecsa.com.ar\/catalogo\/wp-json\/wp\/v2\/product"}],"about":[{"href":"https:\/\/lidertecsa.com.ar\/catalogo\/wp-json\/wp\/v2\/types\/product"}],"wp:featuredmedia":[{"embeddable":true,"href":"https:\/\/lidertecsa.com.ar\/catalogo\/wp-json\/wp\/v2\/media\/404"}],"wp:attachment":[{"href":"https:\/\/lidertecsa.com.ar\/catalogo\/wp-json\/wp\/v2\/media?parent=402"}],"wp:term":[{"taxonomy":"product_cat","embeddable":true,"href":"https:\/\/lidertecsa.com.ar\/catalogo\/wp-json\/wp\/v2\/product_cat?post=402"},{"taxonomy":"product_tag","embeddable":true,"href":"https:\/\/lidertecsa.com.ar\/catalogo\/wp-json\/wp\/v2\/product_tag?post=402"}],"curies":[{"name":"wp","href":"https:\/\/api.w.org\/{rel}","templated":true}]}}