{"id":400,"date":"2023-06-17T09:07:45","date_gmt":"2023-06-17T12:07:45","guid":{"rendered":"https:\/\/lidertecsa.com.ar\/catalogo\/?post_type=product&#038;p=400"},"modified":"2026-02-04T13:37:54","modified_gmt":"2026-02-04T16:37:54","slug":"w80-lubricante-de-siliconas-x-240-ml","status":"publish","type":"product","link":"https:\/\/lidertecsa.com.ar\/catalogo\/producto\/w80-lubricante-de-siliconas-x-240-ml\/","title":{"rendered":"W80 &#8211; Lubricante de Siliconas x 240 ml"},"content":{"rendered":"<p>Lubricante formulado con aceites de silicona de alta pureza. No da\u00f1a ni afecta las superficies pl\u00e1sticas, de goma, pintadas o met\u00e1licas. Proporciona lubricaci\u00f3n y protecci\u00f3n extra duradera. Repele el agua. Es aislante electrico. Resiste temperaturas de -40\u00b0C a +150\u00b0C. Para correderas de cajones, ventanas, cerraduras, bisagras, juntas y burletes de goma, sistemas de ignici\u00f3n, interruptores, etc. Para montajes de ca\u00f1er\u00edas con sello de goma.<\/p>\n","protected":false},"excerpt":{"rendered":"<p>Lubricante de Siliconas en aerosol.<\/p>\n","protected":false},"featured_media":401,"template":"","meta":{"_joinchat":[]},"product_cat":[42],"product_tag":[143],"class_list":{"0":"post-400","1":"product","2":"type-product","3":"status-publish","4":"has-post-thumbnail","6":"product_cat-w80","7":"product_tag-lubricante-de-siliconas","9":"first","10":"instock","11":"taxable","12":"shipping-taxable","13":"product-type-simple"},"_links":{"self":[{"href":"https:\/\/lidertecsa.com.ar\/catalogo\/wp-json\/wp\/v2\/product\/400"}],"collection":[{"href":"https:\/\/lidertecsa.com.ar\/catalogo\/wp-json\/wp\/v2\/product"}],"about":[{"href":"https:\/\/lidertecsa.com.ar\/catalogo\/wp-json\/wp\/v2\/types\/product"}],"wp:featuredmedia":[{"embeddable":true,"href":"https:\/\/lidertecsa.com.ar\/catalogo\/wp-json\/wp\/v2\/media\/401"}],"wp:attachment":[{"href":"https:\/\/lidertecsa.com.ar\/catalogo\/wp-json\/wp\/v2\/media?parent=400"}],"wp:term":[{"taxonomy":"product_cat","embeddable":true,"href":"https:\/\/lidertecsa.com.ar\/catalogo\/wp-json\/wp\/v2\/product_cat?post=400"},{"taxonomy":"product_tag","embeddable":true,"href":"https:\/\/lidertecsa.com.ar\/catalogo\/wp-json\/wp\/v2\/product_tag?post=400"}],"curies":[{"name":"wp","href":"https:\/\/api.w.org\/{rel}","templated":true}]}}