{"id":3971,"date":"2023-07-26T13:32:39","date_gmt":"2023-07-26T16:32:39","guid":{"rendered":"https:\/\/lidertecsa.com.ar\/catalogo\/?post_type=product&#038;p=3971"},"modified":"2024-12-13T16:35:17","modified_gmt":"2024-12-13T19:35:17","slug":"guantes-de-polietileno-descartables","status":"publish","type":"product","link":"https:\/\/lidertecsa.com.ar\/catalogo\/producto\/guantes-de-polietileno-descartables\/","title":{"rendered":"Guantes de Polietileno Descartables"},"content":{"rendered":"<div id=\"short_description_block\">\n<div id=\"short_description_content\" class=\"rte align_justify\">\n<p>Construido \u00edntegramente en polietileno, dise\u00f1ado para que el usuario pueda realizar su trabajo normalmente y no le produzca molestias que se opongan a la realizaci\u00f3n del trabajo.<\/p>\n<\/div>\n<\/div>\n<div class=\"box-info-product\">\n<div class=\"content_prices clearfix\">\n<table class=\"tab-block table-data-sheet\">\n<tbody>\n<tr class=\"odd\">\n<td>COLOR<\/td>\n<td>Transparente<\/td>\n<\/tr>\n<\/tbody>\n<\/table>\n<\/div>\n<\/div>\n<p>&nbsp;<\/p>\n","protected":false},"excerpt":{"rendered":"<p>Construido \u00edntegramente en polietileno, dise\u00f1ado para que el usuario pueda realizar su trabajo normalmente y no le produzca molestias que se opongan a la realizaci\u00f3n del trabajo.<\/p>\n","protected":false},"featured_media":3973,"template":"","meta":{"_joinchat":[]},"product_cat":[785],"product_tag":[794],"class_list":{"0":"post-3971","1":"product","2":"type-product","3":"status-publish","4":"has-post-thumbnail","6":"product_cat-proteccion-manos-barazos","7":"product_tag-guantes-descartables","9":"first","10":"instock","11":"taxable","12":"shipping-taxable","13":"product-type-simple"},"_links":{"self":[{"href":"https:\/\/lidertecsa.com.ar\/catalogo\/wp-json\/wp\/v2\/product\/3971"}],"collection":[{"href":"https:\/\/lidertecsa.com.ar\/catalogo\/wp-json\/wp\/v2\/product"}],"about":[{"href":"https:\/\/lidertecsa.com.ar\/catalogo\/wp-json\/wp\/v2\/types\/product"}],"wp:featuredmedia":[{"embeddable":true,"href":"https:\/\/lidertecsa.com.ar\/catalogo\/wp-json\/wp\/v2\/media\/3973"}],"wp:attachment":[{"href":"https:\/\/lidertecsa.com.ar\/catalogo\/wp-json\/wp\/v2\/media?parent=3971"}],"wp:term":[{"taxonomy":"product_cat","embeddable":true,"href":"https:\/\/lidertecsa.com.ar\/catalogo\/wp-json\/wp\/v2\/product_cat?post=3971"},{"taxonomy":"product_tag","embeddable":true,"href":"https:\/\/lidertecsa.com.ar\/catalogo\/wp-json\/wp\/v2\/product_tag?post=3971"}],"curies":[{"name":"wp","href":"https:\/\/api.w.org\/{rel}","templated":true}]}}