{"id":396,"date":"2023-06-17T09:01:56","date_gmt":"2023-06-17T12:01:56","guid":{"rendered":"https:\/\/lidertecsa.com.ar\/catalogo\/?post_type=product&#038;p=396"},"modified":"2026-02-04T13:38:25","modified_gmt":"2026-02-04T16:38:25","slug":"w80-aflojatodo-limpiador-x-426-ml","status":"publish","type":"product","link":"https:\/\/lidertecsa.com.ar\/catalogo\/producto\/w80-aflojatodo-limpiador-x-426-ml\/","title":{"rendered":"W80 &#8211; Aflojatodo &#8211; Limpiador x 426 ml"},"content":{"rendered":"<p>Exclusiva mezcla de aceites finos y penetrantes con aditivos espec\u00edficos para remover oxido, corrosi\u00f3n e incrustaciones. S\u00faper penetrante. Afloja piezas oxidadas, tuercas, tornillos, bulones. Libera piezas pintadas y engomadas. Remueve el \u00f3xido y la corrosi\u00f3n.<\/p>\n","protected":false},"excerpt":{"rendered":"<p>Aflojatodo &#8211; Limpiador en Aerosol.<\/p>\n","protected":false},"featured_media":395,"template":"","meta":{"_joinchat":[]},"product_cat":[42],"product_tag":[141],"class_list":{"0":"post-396","1":"product","2":"type-product","3":"status-publish","4":"has-post-thumbnail","6":"product_cat-w80","7":"product_tag-aflojatodo-limpiador","9":"first","10":"instock","11":"taxable","12":"shipping-taxable","13":"product-type-simple"},"_links":{"self":[{"href":"https:\/\/lidertecsa.com.ar\/catalogo\/wp-json\/wp\/v2\/product\/396"}],"collection":[{"href":"https:\/\/lidertecsa.com.ar\/catalogo\/wp-json\/wp\/v2\/product"}],"about":[{"href":"https:\/\/lidertecsa.com.ar\/catalogo\/wp-json\/wp\/v2\/types\/product"}],"wp:featuredmedia":[{"embeddable":true,"href":"https:\/\/lidertecsa.com.ar\/catalogo\/wp-json\/wp\/v2\/media\/395"}],"wp:attachment":[{"href":"https:\/\/lidertecsa.com.ar\/catalogo\/wp-json\/wp\/v2\/media?parent=396"}],"wp:term":[{"taxonomy":"product_cat","embeddable":true,"href":"https:\/\/lidertecsa.com.ar\/catalogo\/wp-json\/wp\/v2\/product_cat?post=396"},{"taxonomy":"product_tag","embeddable":true,"href":"https:\/\/lidertecsa.com.ar\/catalogo\/wp-json\/wp\/v2\/product_tag?post=396"}],"curies":[{"name":"wp","href":"https:\/\/api.w.org\/{rel}","templated":true}]}}