{"id":3949,"date":"2023-07-26T13:07:09","date_gmt":"2023-07-26T16:07:09","guid":{"rendered":"https:\/\/lidertecsa.com.ar\/catalogo\/?post_type=product&#038;p=3949"},"modified":"2024-12-13T16:35:17","modified_gmt":"2024-12-13T19:35:17","slug":"guantes-de-algodon-con-palma-de-descarne","status":"publish","type":"product","link":"https:\/\/lidertecsa.com.ar\/catalogo\/producto\/guantes-de-algodon-con-palma-de-descarne\/","title":{"rendered":"Guantes de Algod\u00f3n con Palma de Descarne"},"content":{"rendered":"<p>Guante desarrollado en algod\u00f3n y poli\u00e9ster de alta tenacidad. Para el desarrollo de este producto se<br \/>\neligieron las mejores materias primas disponibles, para prolongar su duraci\u00f3n al m\u00e1ximo posible. Eficientes en la absorci\u00f3n de la respiraci\u00f3n y ventilaci\u00f3n en su tela. Sumamente confortable.<\/p>\n<table class=\"tab-block table-data-sheet\">\n<tbody>\n<tr class=\"even\">\n<td>USO GUANTES<\/td>\n<td>Protecci\u00f3n Anticorte<\/td>\n<\/tr>\n<tr class=\"odd\">\n<td>MATERIAL GUANTES<\/td>\n<td>Algod\u00f3n<\/td>\n<\/tr>\n<\/tbody>\n<\/table>\n","protected":false},"excerpt":{"rendered":"<p>Guante desarrollado en algod\u00f3n y poli\u00e9ster de alta tenacidad.<\/p>\n","protected":false},"featured_media":3950,"template":"","meta":{"_joinchat":[]},"product_cat":[785],"product_tag":[792],"class_list":{"0":"post-3949","1":"product","2":"type-product","3":"status-publish","4":"has-post-thumbnail","6":"product_cat-proteccion-manos-barazos","7":"product_tag-guante-de-algodon","9":"first","10":"instock","11":"taxable","12":"shipping-taxable","13":"product-type-simple"},"_links":{"self":[{"href":"https:\/\/lidertecsa.com.ar\/catalogo\/wp-json\/wp\/v2\/product\/3949"}],"collection":[{"href":"https:\/\/lidertecsa.com.ar\/catalogo\/wp-json\/wp\/v2\/product"}],"about":[{"href":"https:\/\/lidertecsa.com.ar\/catalogo\/wp-json\/wp\/v2\/types\/product"}],"wp:featuredmedia":[{"embeddable":true,"href":"https:\/\/lidertecsa.com.ar\/catalogo\/wp-json\/wp\/v2\/media\/3950"}],"wp:attachment":[{"href":"https:\/\/lidertecsa.com.ar\/catalogo\/wp-json\/wp\/v2\/media?parent=3949"}],"wp:term":[{"taxonomy":"product_cat","embeddable":true,"href":"https:\/\/lidertecsa.com.ar\/catalogo\/wp-json\/wp\/v2\/product_cat?post=3949"},{"taxonomy":"product_tag","embeddable":true,"href":"https:\/\/lidertecsa.com.ar\/catalogo\/wp-json\/wp\/v2\/product_tag?post=3949"}],"curies":[{"name":"wp","href":"https:\/\/api.w.org\/{rel}","templated":true}]}}