{"id":3947,"date":"2023-07-26T12:52:24","date_gmt":"2023-07-26T15:52:24","guid":{"rendered":"https:\/\/lidertecsa.com.ar\/catalogo\/?post_type=product&#038;p=3947"},"modified":"2024-12-13T16:35:17","modified_gmt":"2024-12-13T19:35:17","slug":"guantes-de-terrycloth-con-puno-de-descarne","status":"publish","type":"product","link":"https:\/\/lidertecsa.com.ar\/catalogo\/producto\/guantes-de-terrycloth-con-puno-de-descarne\/","title":{"rendered":"Guantes de Terrycloth con Pu\u00f1o de Descarne"},"content":{"rendered":"<p>Guante tejido en trama terrycloth, en fibra aram\u00eddica de kevlar, que brinda una excelente protecci\u00f3n tanto al corte, como a la abrasi\u00f3n y al calor. Brinda una capacidad de absorci\u00f3n mayor a los l\u00edquidos, lo que se traduce en mejor performance en lugares propensos a dichos elementos.\u00a0Con forro de algod\u00f3n en el interior y pu\u00f1o de cuero descarne.<\/p>\n<table class=\"tab-block table-data-sheet\">\n<tbody>\n<tr class=\"even\">\n<td>USO GUANTES<\/td>\n<td>Protecci\u00f3n T\u00e9rmica<\/td>\n<\/tr>\n<\/tbody>\n<\/table>\n","protected":false},"excerpt":{"rendered":"<p>Guante tejido en trama terrycloth, en fibra aram\u00eddica de kevlar<\/p>\n","protected":false},"featured_media":3948,"template":"","meta":{"_joinchat":[]},"product_cat":[785],"product_tag":[791],"class_list":{"0":"post-3947","1":"product","2":"type-product","3":"status-publish","4":"has-post-thumbnail","6":"product_cat-proteccion-manos-barazos","7":"product_tag-guantes-de-terrycloth","9":"first","10":"instock","11":"taxable","12":"shipping-taxable","13":"product-type-simple"},"_links":{"self":[{"href":"https:\/\/lidertecsa.com.ar\/catalogo\/wp-json\/wp\/v2\/product\/3947"}],"collection":[{"href":"https:\/\/lidertecsa.com.ar\/catalogo\/wp-json\/wp\/v2\/product"}],"about":[{"href":"https:\/\/lidertecsa.com.ar\/catalogo\/wp-json\/wp\/v2\/types\/product"}],"wp:featuredmedia":[{"embeddable":true,"href":"https:\/\/lidertecsa.com.ar\/catalogo\/wp-json\/wp\/v2\/media\/3948"}],"wp:attachment":[{"href":"https:\/\/lidertecsa.com.ar\/catalogo\/wp-json\/wp\/v2\/media?parent=3947"}],"wp:term":[{"taxonomy":"product_cat","embeddable":true,"href":"https:\/\/lidertecsa.com.ar\/catalogo\/wp-json\/wp\/v2\/product_cat?post=3947"},{"taxonomy":"product_tag","embeddable":true,"href":"https:\/\/lidertecsa.com.ar\/catalogo\/wp-json\/wp\/v2\/product_tag?post=3947"}],"curies":[{"name":"wp","href":"https:\/\/api.w.org\/{rel}","templated":true}]}}