{"id":393,"date":"2023-06-17T07:52:55","date_gmt":"2023-06-17T10:52:55","guid":{"rendered":"https:\/\/lidertecsa.com.ar\/catalogo\/?post_type=product&#038;p=393"},"modified":"2026-02-04T13:36:14","modified_gmt":"2026-02-04T16:36:14","slug":"w80-lubricante-multiuso-con-teflon-x-426-ml","status":"publish","type":"product","link":"https:\/\/lidertecsa.com.ar\/catalogo\/producto\/w80-lubricante-multiuso-con-teflon-x-426-ml\/","title":{"rendered":"W80 &#8211; Lubricante Multiuso con Tefl\u00f3n x 426 ml"},"content":{"rendered":"<p>F\u00f3rmulado con aceites de alta viscosidad y PTFE. Logra resultados m\u00e1s efectivos y duraderos que cualquier otro producto de caracter\u00edsticas similares. Elimina ruidos, desplaza la humedad, destraba mecanismos, evita la corrosi\u00f3n, protege los metales. Forma una pel\u00edcula protectora con efecto residual.<\/p>\n","protected":false},"excerpt":{"rendered":"<p>Lubricante Multiuso con Tefl\u00f3n<\/p>\n","protected":false},"featured_media":392,"template":"","meta":{"_joinchat":[]},"product_cat":[42],"product_tag":[140],"class_list":{"0":"post-393","1":"product","2":"type-product","3":"status-publish","4":"has-post-thumbnail","6":"product_cat-w80","7":"product_tag-lubricante-multiuso","9":"first","10":"instock","11":"taxable","12":"shipping-taxable","13":"product-type-simple"},"_links":{"self":[{"href":"https:\/\/lidertecsa.com.ar\/catalogo\/wp-json\/wp\/v2\/product\/393"}],"collection":[{"href":"https:\/\/lidertecsa.com.ar\/catalogo\/wp-json\/wp\/v2\/product"}],"about":[{"href":"https:\/\/lidertecsa.com.ar\/catalogo\/wp-json\/wp\/v2\/types\/product"}],"wp:featuredmedia":[{"embeddable":true,"href":"https:\/\/lidertecsa.com.ar\/catalogo\/wp-json\/wp\/v2\/media\/392"}],"wp:attachment":[{"href":"https:\/\/lidertecsa.com.ar\/catalogo\/wp-json\/wp\/v2\/media?parent=393"}],"wp:term":[{"taxonomy":"product_cat","embeddable":true,"href":"https:\/\/lidertecsa.com.ar\/catalogo\/wp-json\/wp\/v2\/product_cat?post=393"},{"taxonomy":"product_tag","embeddable":true,"href":"https:\/\/lidertecsa.com.ar\/catalogo\/wp-json\/wp\/v2\/product_tag?post=393"}],"curies":[{"name":"wp","href":"https:\/\/api.w.org\/{rel}","templated":true}]}}