{"id":3927,"date":"2023-07-26T11:44:05","date_gmt":"2023-07-26T14:44:05","guid":{"rendered":"https:\/\/lidertecsa.com.ar\/catalogo\/?post_type=product&#038;p=3927"},"modified":"2025-06-27T18:01:22","modified_gmt":"2025-06-27T21:01:22","slug":"guante-de-algodon-moteado","status":"publish","type":"product","link":"https:\/\/lidertecsa.com.ar\/catalogo\/producto\/guante-de-algodon-moteado\/","title":{"rendered":"Guante de Algod\u00f3n Moteado"},"content":{"rendered":"<p>Guante enterizo de una sola pieza desarrollado en algod\u00f3n y poli\u00e9ster de alta tenacidad. Para el desarrollo\u00a0de este producto se eligieron las mejores materias primas disponibles, para prolongar su duraci\u00f3n al\u00a0m\u00e1ximo posible. No tiene costuras. Eficientes en la absorci\u00f3n de la respiraci\u00f3n y ventilaci\u00f3n en su tela. Sumamente confortables.<\/p>\n","protected":false},"excerpt":{"rendered":"<p>Guante enterizo de algod\u00f3n moteado para usos generales<\/p>\n","protected":false},"featured_media":10699,"template":"","meta":{"_joinchat":[]},"product_cat":[785],"product_tag":[788],"class_list":{"0":"post-3927","1":"product","2":"type-product","3":"status-publish","4":"has-post-thumbnail","6":"product_cat-proteccion-manos-barazos","7":"product_tag-guante-moteado","9":"first","10":"instock","11":"taxable","12":"shipping-taxable","13":"product-type-simple"},"_links":{"self":[{"href":"https:\/\/lidertecsa.com.ar\/catalogo\/wp-json\/wp\/v2\/product\/3927"}],"collection":[{"href":"https:\/\/lidertecsa.com.ar\/catalogo\/wp-json\/wp\/v2\/product"}],"about":[{"href":"https:\/\/lidertecsa.com.ar\/catalogo\/wp-json\/wp\/v2\/types\/product"}],"wp:featuredmedia":[{"embeddable":true,"href":"https:\/\/lidertecsa.com.ar\/catalogo\/wp-json\/wp\/v2\/media\/10699"}],"wp:attachment":[{"href":"https:\/\/lidertecsa.com.ar\/catalogo\/wp-json\/wp\/v2\/media?parent=3927"}],"wp:term":[{"taxonomy":"product_cat","embeddable":true,"href":"https:\/\/lidertecsa.com.ar\/catalogo\/wp-json\/wp\/v2\/product_cat?post=3927"},{"taxonomy":"product_tag","embeddable":true,"href":"https:\/\/lidertecsa.com.ar\/catalogo\/wp-json\/wp\/v2\/product_tag?post=3927"}],"curies":[{"name":"wp","href":"https:\/\/api.w.org\/{rel}","templated":true}]}}