{"id":3923,"date":"2023-07-26T11:17:59","date_gmt":"2023-07-26T14:17:59","guid":{"rendered":"https:\/\/lidertecsa.com.ar\/catalogo\/?post_type=product&#038;p=3923"},"modified":"2024-12-13T16:35:15","modified_gmt":"2024-12-13T19:35:15","slug":"broca-corta-para-mamposteria-cabo-reducido","status":"publish","type":"product","link":"https:\/\/lidertecsa.com.ar\/catalogo\/producto\/broca-corta-para-mamposteria-cabo-reducido\/","title":{"rendered":"Broca Corta para Mamposter\u00eda Cabo Reducido"},"content":{"rendered":"<p><strong>HERRAMIENTA ESTANDAR<br \/>\nNorma:\u00a0<\/strong>DIN 8039<\/p>\n<p>Materia prima: Plaqueta de Metal Duro K20 de mayor espesor y m\u00e1xima resistencia al desgaste. (Origen: Luxemburgo-UE)<br \/>\n<strong>Terminaci\u00f3n Superficial:<\/strong>\u00a0Vaporizado<br \/>\n<strong>Angulo de Afilado:<\/strong>\u00a0130\u00ba<br \/>\n<strong>V\u00e1stago:<\/strong>\u00a0Cil\u00edndrico<br \/>\n<strong>Corte:<\/strong>\u00a0Derecha<\/p>\n<p><strong>RANGO DE PRODUCCI\u00d3N:<\/strong>\u00a0Di\u00e1metros 14,00 mm \u2013 25,00 mm<\/p>\n<p><strong>APLICACI\u00d3N<\/strong><br \/>\nPara perforado de muros, mamposter\u00eda y cementicios no estructurales<br \/>\nUso: Para uso en taladros de percusi\u00f3n liviana.<\/p>\n<p><strong>SEGURIDAD:<\/strong><\/p>\n<p><img decoding=\"async\" class=\"alignnone wp-image-4032 \" src=\"https:\/\/www.ezeta.com\/wp-content\/uploads\/2023\/04\/seguridad-1.jpg\" alt=\"\" width=\"244\" height=\"75\" \/><\/p>\n<p>Use protecci\u00f3n ocular, auditiva, m\u00e1scara, guantes y casco.<\/p>\n<p><strong>PRESENTACION<\/strong><br \/>\n<strong>Paquete 6 unidades:<\/strong>\u00a0Di\u00e1metro 14,00 mm<br \/>\n-Por Unidad<\/p>\n","protected":false},"excerpt":{"rendered":"<div class=\"woocommerce-product-details__short-description\">\n<p>Broca de cabo cil\u00edndrico reducido con inserto de Metal Duro K-20 (TCT) afilado biselado 130\u00ba con cuerpo templado para taladro de percusi\u00f3n hobbista, acabado negro.<br \/>\nBroca de gran rendimiento para muros, mamposter\u00eda y cementicios no estructurales, incluso con taladros de percusi\u00f3n. No apto para hormig\u00f3n armado<\/p>\n<\/div>\n","protected":false},"featured_media":3924,"template":"","meta":{"_joinchat":[]},"product_cat":[857],"product_tag":[783],"class_list":{"0":"post-3923","1":"product","2":"type-product","3":"status-publish","4":"has-post-thumbnail","6":"product_cat-metal-duro-insertado","7":"product_tag-broca-para-mamposteria-y-ceramicos","9":"first","10":"instock","11":"taxable","12":"shipping-taxable","13":"product-type-simple"},"_links":{"self":[{"href":"https:\/\/lidertecsa.com.ar\/catalogo\/wp-json\/wp\/v2\/product\/3923"}],"collection":[{"href":"https:\/\/lidertecsa.com.ar\/catalogo\/wp-json\/wp\/v2\/product"}],"about":[{"href":"https:\/\/lidertecsa.com.ar\/catalogo\/wp-json\/wp\/v2\/types\/product"}],"wp:featuredmedia":[{"embeddable":true,"href":"https:\/\/lidertecsa.com.ar\/catalogo\/wp-json\/wp\/v2\/media\/3924"}],"wp:attachment":[{"href":"https:\/\/lidertecsa.com.ar\/catalogo\/wp-json\/wp\/v2\/media?parent=3923"}],"wp:term":[{"taxonomy":"product_cat","embeddable":true,"href":"https:\/\/lidertecsa.com.ar\/catalogo\/wp-json\/wp\/v2\/product_cat?post=3923"},{"taxonomy":"product_tag","embeddable":true,"href":"https:\/\/lidertecsa.com.ar\/catalogo\/wp-json\/wp\/v2\/product_tag?post=3923"}],"curies":[{"name":"wp","href":"https:\/\/api.w.org\/{rel}","templated":true}]}}