{"id":3921,"date":"2023-07-26T11:13:30","date_gmt":"2023-07-26T14:13:30","guid":{"rendered":"https:\/\/lidertecsa.com.ar\/catalogo\/?post_type=product&#038;p=3921"},"modified":"2024-12-13T16:35:15","modified_gmt":"2024-12-13T19:35:15","slug":"broca-corta-para-muros","status":"publish","type":"product","link":"https:\/\/lidertecsa.com.ar\/catalogo\/producto\/broca-corta-para-muros\/","title":{"rendered":"Broca Corta para Muros"},"content":{"rendered":"<p><strong>HERRAMIENTA ESTANDAR<\/strong><strong><br \/>\nNorma:\u00a0<\/strong>DIN 8039<\/p>\n<p><strong>Materia prima:<\/strong>\u00a0Placa de Metal Duro K20 insertada en cuerpo de acero templado.<\/p>\n<p><strong>Terminaci\u00f3n Superficial:<\/strong>\u00a0Metal duro insertado color verde<br \/>\n<strong>Canal:\u00a0<\/strong>Oxidado negro<br \/>\n<strong>Dorsal:<\/strong>\u00a0Oxidado negro<br \/>\n<strong>V\u00e1stago:<\/strong>\u00a0Oxidado negro<br \/>\n<strong>Detalles del V\u00e1stago:<\/strong>\u00a0Cil\u00edndrico hasta 12,00mm, rebajado hasta 25,00mm.<br \/>\n<strong>Faceta:\u00a0<\/strong>\u00a0no<br \/>\n<strong>Punta:<\/strong>\u00a0Biselada pintada color verde<\/p>\n<p><strong>Angulo de Afilado:<\/strong>\u00a0 130\u00ba<br \/>\n<strong>V\u00e1stago:\u00a0<\/strong>Cil\u00edndrico<br \/>\n<strong>Corte:\u00a0<\/strong>Derecha<strong>\u00a0<\/strong><\/p>\n<p><strong>RANGO DE PRODUCCI\u00d3N:<\/strong>\u00a0Di\u00e1metros 03,00 mm \u2013 25,00 mm<strong>\u00a0<\/strong><\/p>\n<p><strong>APLICACI\u00d3N<\/strong><br \/>\nPara perforado de muros, mamposter\u00eda y concretos no estructurales, ladrillo cer\u00e1mico, ladrillo aglomerado, ladrillo de cemento, placas de construcci\u00f3n en seco, etc.<br \/>\nUso: Para uso en taladros manuales con o sin percusi\u00f3n.<\/p>\n<p><strong>SEGURIDAD:<\/strong><\/p>\n<p><img decoding=\"async\" class=\"alignnone wp-image-4032\" src=\"https:\/\/www.ezeta.com\/wp-content\/uploads\/2023\/04\/seguridad-1.jpg\" alt=\"\" width=\"244\" height=\"75\" \/><\/p>\n<p>Use protecci\u00f3n ocular, auditiva, m\u00e1scara, guantes y casco<\/p>\n<p><strong>PRESENTACION<\/strong><strong><br \/>\nPaquete de 12 unidades (sobre PVC unitario):\u00a0<\/strong>Di\u00e1metros 3,00 \u2013 8,00 mm<br \/>\n<strong>Paquete de 6 unidades (sobre PVC unitario):\u00a0<\/strong>Di\u00e1metros 10,00 \u2013 14,00 mm<br \/>\n<strong>Paquete unitario (sobre PVC unitario):\u00a0<\/strong>Di\u00e1metros 16,00 \u2013 25,00 mm<\/p>\n","protected":false},"excerpt":{"rendered":"<div class=\"woocommerce-product-details__short-description\">\n<p>Broca de cabo cil\u00edndrico con inserto de Metal Duro K-20 (TCT) afilado biselado 130\u00ba con cuerpo templado para taladro de percusi\u00f3n hobbista, acabado negro.<br \/>\nBroca de gran rendimiento para muros, mamposter\u00eda y cementicios no estructurales, incluso con taladros de percusi\u00f3n. No apto para hormig\u00f3n armado<\/p>\n<\/div>\n","protected":false},"featured_media":3922,"template":"","meta":{"_joinchat":[]},"product_cat":[857],"product_tag":[782],"class_list":{"0":"post-3921","1":"product","2":"type-product","3":"status-publish","4":"has-post-thumbnail","6":"product_cat-metal-duro-insertado","7":"product_tag-broca-para-muros","9":"first","10":"instock","11":"taxable","12":"shipping-taxable","13":"product-type-simple"},"_links":{"self":[{"href":"https:\/\/lidertecsa.com.ar\/catalogo\/wp-json\/wp\/v2\/product\/3921"}],"collection":[{"href":"https:\/\/lidertecsa.com.ar\/catalogo\/wp-json\/wp\/v2\/product"}],"about":[{"href":"https:\/\/lidertecsa.com.ar\/catalogo\/wp-json\/wp\/v2\/types\/product"}],"wp:featuredmedia":[{"embeddable":true,"href":"https:\/\/lidertecsa.com.ar\/catalogo\/wp-json\/wp\/v2\/media\/3922"}],"wp:attachment":[{"href":"https:\/\/lidertecsa.com.ar\/catalogo\/wp-json\/wp\/v2\/media?parent=3921"}],"wp:term":[{"taxonomy":"product_cat","embeddable":true,"href":"https:\/\/lidertecsa.com.ar\/catalogo\/wp-json\/wp\/v2\/product_cat?post=3921"},{"taxonomy":"product_tag","embeddable":true,"href":"https:\/\/lidertecsa.com.ar\/catalogo\/wp-json\/wp\/v2\/product_tag?post=3921"}],"curies":[{"name":"wp","href":"https:\/\/api.w.org\/{rel}","templated":true}]}}