{"id":3848,"date":"2023-07-25T15:26:11","date_gmt":"2023-07-25T18:26:11","guid":{"rendered":"https:\/\/lidertecsa.com.ar\/catalogo\/?post_type=product&#038;p=3848"},"modified":"2024-12-13T16:35:13","modified_gmt":"2024-12-13T19:35:13","slug":"broca-corta-de-acero-cobalto","status":"publish","type":"product","link":"https:\/\/lidertecsa.com.ar\/catalogo\/producto\/broca-corta-de-acero-cobalto\/","title":{"rendered":"Broca Corta de Acero Cobalto"},"content":{"rendered":"<p><strong>HERRAMIENTA ESTANDAR<br \/>\nNorma:\u00a0<\/strong>DIN 338 SR<\/p>\n<p><strong>Materia Prima: acero r\u00e1pido AISI M35<\/strong><strong><br \/>\nTerminaci\u00f3n Superficial:<\/strong>\u00a0Rectificada<br \/>\n<strong>Canal:<\/strong>\u00a0Brillante<br \/>\n<strong>Dorsal:<\/strong>\u00a0Brillante<br \/>\n<strong>V\u00e1stago:<\/strong>\u00a0Brillante<br \/>\n<strong>Detalles del V\u00e1stago:<\/strong>\u00a0Cil\u00edndrico<br \/>\n<strong>Faceta<\/strong>: Unica brillante<br \/>\n<strong>Punta<\/strong>: Simple 130\u00b0<\/p>\n<p><strong>Revestimiento:<\/strong>\u00a0Rectificado<br \/>\n<strong>\u00c1ngulo de afilado<\/strong>: Simple 130\u00b0<br \/>\n<strong>Corte:<\/strong>\u00a0Derecha<br \/>\n<strong>Geometr\u00eda:<\/strong>\u00a0 Perfil S<br \/>\n<strong>\u00c1ngulo de h\u00e9lice:<\/strong>\u00a030\/32\u00b0\u00b0<br \/>\n<strong>Tolerancia:<\/strong>\u00a0h8<\/p>\n<p><strong>PROFUNDIDAD DE PERFORADO:<\/strong>\u00a04 x D (menor a 5 veces el di\u00e1metro)<\/p>\n<p><strong>RANGO DE PRODUCCI\u00d3N:<\/strong>\u00a0Di\u00e1metros 2,00 mm \u2013 13,00 mm<\/p>\n<p><strong>APLICACI\u00d3N<\/strong><br \/>\nPara perforado de aceros duros e inoxidables. El Cobalto confiere propiedades anti-desgaste al resistir a la temperatura m\u00e1s alta. La geometr\u00eda S y el afilado son espec\u00edficos al uso.<br \/>\nUso: en taladros manuales, de banco, tornos, CNC.<\/p>\n<p><strong>PRESENTACION<br \/>\nBlister de 5 unidades:\u00a0<\/strong>Di\u00e1metros 2,00 \u2013 2,50 mm<br \/>\n<strong>Blister de 3 unidades:\u00a0<\/strong>Di\u00e1metros 2,75 \u2013 5,00 mm<br \/>\n<strong>Blister de 2 unidades:\u00a0<\/strong>Di\u00e1metros 5,25 \u2013 7,50 mm<strong><br \/>\nPor unidad:\u00a0<\/strong>Di\u00e1metros 7,75 \u2013 13,00 mm<\/p>\n","protected":false},"excerpt":{"rendered":"<p>L\u00ednea de rendimiento superior para uso en aceros duros e inoxidables con resistencia hasta 1400 N\/mm2. El acero cobalto entrega un rendimiento superior al revenir a temperaturas m\u00e1s altas que el acero r\u00e1pido com\u00fan. La geometr\u00eda de perfil S y el \u00e1ngulo de la punta se adaptan al corte de materiales duros.<br \/>\nUso: en herramientas el\u00e9ctricas, taladros manuales y de banco, tornos, CNC.<\/p>\n","protected":false},"featured_media":3849,"template":"","meta":{"_joinchat":[]},"product_cat":[775],"product_tag":[777],"class_list":{"0":"post-3848","1":"product","2":"type-product","3":"status-publish","4":"has-post-thumbnail","6":"product_cat-metales-en-general","7":"product_tag-broca-de-acero-cobalto","9":"first","10":"instock","11":"taxable","12":"shipping-taxable","13":"product-type-simple"},"_links":{"self":[{"href":"https:\/\/lidertecsa.com.ar\/catalogo\/wp-json\/wp\/v2\/product\/3848"}],"collection":[{"href":"https:\/\/lidertecsa.com.ar\/catalogo\/wp-json\/wp\/v2\/product"}],"about":[{"href":"https:\/\/lidertecsa.com.ar\/catalogo\/wp-json\/wp\/v2\/types\/product"}],"wp:featuredmedia":[{"embeddable":true,"href":"https:\/\/lidertecsa.com.ar\/catalogo\/wp-json\/wp\/v2\/media\/3849"}],"wp:attachment":[{"href":"https:\/\/lidertecsa.com.ar\/catalogo\/wp-json\/wp\/v2\/media?parent=3848"}],"wp:term":[{"taxonomy":"product_cat","embeddable":true,"href":"https:\/\/lidertecsa.com.ar\/catalogo\/wp-json\/wp\/v2\/product_cat?post=3848"},{"taxonomy":"product_tag","embeddable":true,"href":"https:\/\/lidertecsa.com.ar\/catalogo\/wp-json\/wp\/v2\/product_tag?post=3848"}],"curies":[{"name":"wp","href":"https:\/\/api.w.org\/{rel}","templated":true}]}}