{"id":3846,"date":"2023-07-25T15:24:31","date_gmt":"2023-07-25T18:24:31","guid":{"rendered":"https:\/\/lidertecsa.com.ar\/catalogo\/?post_type=product&#038;p=3846"},"modified":"2024-12-13T16:35:13","modified_gmt":"2024-12-13T19:35:13","slug":"broca-corta-de-acero-rapido-con-revestimiento-de-titanio-y-punta-de-oro","status":"publish","type":"product","link":"https:\/\/lidertecsa.com.ar\/catalogo\/producto\/broca-corta-de-acero-rapido-con-revestimiento-de-titanio-y-punta-de-oro\/","title":{"rendered":"Broca Corta de Acero R\u00e1pido con Revestimiento de Titanio y Punta de Oro"},"content":{"rendered":"<p><strong>HERRAMIENTA ESTANDAR<br \/>\nNorma:\u00a0<\/strong>DIN 338 NR<\/p>\n<p><strong>Materia Prima: acero r\u00e1pido AISI M2 recubierto TIN.<br \/>\nTerminaci\u00f3n Superficial:<\/strong>\u00a0Rectificada recubierta<br \/>\n<strong>Canal:<\/strong>\u00a0Brillante + dorado<br \/>\n<strong>Dorsal:<\/strong>\u00a0Brillante + dorado<br \/>\n<strong>V\u00e1stago:<\/strong>\u00a0Brillante<br \/>\n<strong>Detalles del V\u00e1stago:<\/strong>\u00a0Cil\u00edndrico<br \/>\n<strong>Faceta:<\/strong>\u00a0Unica dorada<br \/>\n<strong>Punta:<\/strong>\u00a0Doble Split Point<\/p>\n<p><strong>Revestimiento:<\/strong>\u00a0Punta recubierta con Nitruro de Titanio<br \/>\n<strong>\u00c1ngulo de afilado<\/strong>: Doble \u2013 Split Point.<br \/>\n<strong>Corte:<\/strong>\u00a0Derecha<br \/>\n<strong>Geometr\u00eda:<\/strong>\u00a0Perfil normal N<br \/>\n<strong>\u00c1ngulo de h\u00e9lice:<\/strong>\u00a028\/30\u00b0<br \/>\n<strong>Tolerancia:<\/strong>\u00a0h8<\/p>\n<p><strong>PROFUNDIDAD DE PERFORADO:<\/strong>\u00a04 x D (menor a 5 veces el di\u00e1metro)<\/p>\n<p><strong>RANGO DE PRODUCCI\u00d3N:<\/strong>\u00a0Di\u00e1metros\u00a01,00 mm \u2013\u00a013,00 mm<\/p>\n<p><strong>APLICACI\u00d3N<\/strong><br \/>\nPara perforado de metales gen\u00e9ricos, aleaciones especiales, sint\u00e9ticos, aceros duros y inoxidables, etc. El revestimiento de titanio le confiere propiedades anti-desgaste.<br \/>\nUso: en taladros manuales, de banco, tornos, CNC.<\/p>\n<p><strong><br \/>\nPRESENTACION<br \/>\nTubo pl\u00e1stico 10 unidades:\u00a0<\/strong>Di\u00e1metros 1,00 \u2013 8,00 mm<strong><br \/>\nTubo pl\u00e1stico 5 unidades:\u00a0<\/strong>Di\u00e1metros 8,50 \u2013 13,00 mm<\/p>\n<p><strong>PRESENTACIONES EN SETS<\/strong><\/p>\n","protected":false},"excerpt":{"rendered":"<p>L\u00ednea de rendimiento superior para uso industrial en metales gen\u00e9ricos y acero con resistencia hasta 1200 N\/mm2. El recubrimiento TIN entrega un rendimiento hasta tres veces m\u00e1s que la broca base, \u00f3 duplicar la velocidad de corte para perforar aleaciones especiales, inoxidables, sint\u00e9ticos, etc.<br \/>\nUso: en herramientas el\u00e9ctricas, taladros manuales y de banco, tornos, CNC.<\/p>\n","protected":false},"featured_media":3850,"template":"","meta":{"_joinchat":[]},"product_cat":[775],"product_tag":[780],"class_list":{"0":"post-3846","1":"product","2":"type-product","3":"status-publish","4":"has-post-thumbnail","6":"product_cat-metales-en-general","7":"product_tag-broca-con-recubrimiento-de-titanio","9":"first","10":"instock","11":"taxable","12":"shipping-taxable","13":"product-type-simple"},"_links":{"self":[{"href":"https:\/\/lidertecsa.com.ar\/catalogo\/wp-json\/wp\/v2\/product\/3846"}],"collection":[{"href":"https:\/\/lidertecsa.com.ar\/catalogo\/wp-json\/wp\/v2\/product"}],"about":[{"href":"https:\/\/lidertecsa.com.ar\/catalogo\/wp-json\/wp\/v2\/types\/product"}],"wp:featuredmedia":[{"embeddable":true,"href":"https:\/\/lidertecsa.com.ar\/catalogo\/wp-json\/wp\/v2\/media\/3850"}],"wp:attachment":[{"href":"https:\/\/lidertecsa.com.ar\/catalogo\/wp-json\/wp\/v2\/media?parent=3846"}],"wp:term":[{"taxonomy":"product_cat","embeddable":true,"href":"https:\/\/lidertecsa.com.ar\/catalogo\/wp-json\/wp\/v2\/product_cat?post=3846"},{"taxonomy":"product_tag","embeddable":true,"href":"https:\/\/lidertecsa.com.ar\/catalogo\/wp-json\/wp\/v2\/product_tag?post=3846"}],"curies":[{"name":"wp","href":"https:\/\/api.w.org\/{rel}","templated":true}]}}