{"id":3831,"date":"2023-07-25T14:04:29","date_gmt":"2023-07-25T17:04:29","guid":{"rendered":"https:\/\/lidertecsa.com.ar\/catalogo\/?post_type=product&#038;p=3831"},"modified":"2024-12-13T16:35:12","modified_gmt":"2024-12-13T19:35:12","slug":"broca-conica-larga","status":"publish","type":"product","link":"https:\/\/lidertecsa.com.ar\/catalogo\/producto\/broca-conica-larga\/","title":{"rendered":"Broca C\u00f3nica Larga"},"content":{"rendered":"<p><strong>HERRAMIENTA SEMI-ESTANDAR<br \/>\nNorma:\u00a0<\/strong>DIN 341<\/p>\n<p><strong>Materia prima:<\/strong>\u00a0HSS-Acero r\u00e1pido M2<br \/>\n<strong>Terminaci\u00f3n superficial:<\/strong>\u00a0Brillante \u00d8 5,00 \u2013 16,00 \u2013 Metal \u00d8 16,50 \u2013 50,00<br \/>\n<strong>\u00c1ngulo de afilado:<\/strong>\u00a0118\u00ba<br \/>\n<strong>Corte:<\/strong>\u00a0Derecha<br \/>\n<strong>Geometr\u00eda:<\/strong>\u00a0Perfil Normal<br \/>\n<strong>V\u00e1stago:<\/strong>\u00a0C\u00f3nico<br \/>\n<strong>Angulo de H\u00e9lice:<\/strong>\u00a020\/30\u00ba<br \/>\n<strong>Tolerancia:\u00a0<\/strong>h8<br \/>\n<strong>Dureza:<\/strong>\u00a063-65 HRc<\/p>\n<p><strong>PROFUNDIDAD DE PERFORADO:<\/strong>\u00a06 x D (6 veces el di\u00e1metro)<\/p>\n<p><strong>RANGO DE PRODUCCI\u00d3N:<\/strong>\u00a0Di\u00e1metros 5,00 mm \u2013 50,00 mm<br \/>\nConsultar por medidas superiores<\/p>\n<p><strong>APLICACI\u00d3N<\/strong><br \/>\nPara perforado de aceros, fundici\u00f3n, no ferrosos, etc.<br \/>\nUso: En agujereadoras de banco, tornos, CNC.<\/p>\n<p><strong>SEGURIDAD:<\/strong><\/p>\n<p><img decoding=\"async\" class=\"alignnone wp-image-4032 \" src=\"https:\/\/www.ezeta.com\/wp-content\/uploads\/2023\/04\/seguridad-1.jpg\" alt=\"\" width=\"244\" height=\"75\" \/><\/p>\n<p>Use protecci\u00f3n ocular, auditiva, m\u00e1scara, guantes y casco.<\/p>\n<p><strong>PRESENTACION<\/strong><br \/>\nPaquete Unitario<\/p>\n","protected":false},"excerpt":{"rendered":"<div class=\"woocommerce-product-details__short-description\">\n<p>Broca cabo c\u00f3nico morse, h\u00e9lice derecha, afilado std. 118\u00ba, tolerancia \u00f8: h8, perfil normal. Dureza 63-65 HRc. Construcci\u00f3n seg\u00fan DIN 1414.<br \/>\nBroca para uso industrial en instalaciones fijas, de construcci\u00f3n s\u00f3lida y alto rendimiento. Para perforar en amplio rango de materiales: aceros y fundici\u00f3n de dureza hasta 1100 N\/mm2.<\/p>\n<\/div>\n","protected":false},"featured_media":3832,"template":"","meta":{"_joinchat":[]},"product_cat":[775],"product_tag":[776],"class_list":{"0":"post-3831","1":"product","2":"type-product","3":"status-publish","4":"has-post-thumbnail","6":"product_cat-metales-en-general","7":"product_tag-broca-de-acero-rapido","9":"first","10":"instock","11":"taxable","12":"shipping-taxable","13":"product-type-simple"},"_links":{"self":[{"href":"https:\/\/lidertecsa.com.ar\/catalogo\/wp-json\/wp\/v2\/product\/3831"}],"collection":[{"href":"https:\/\/lidertecsa.com.ar\/catalogo\/wp-json\/wp\/v2\/product"}],"about":[{"href":"https:\/\/lidertecsa.com.ar\/catalogo\/wp-json\/wp\/v2\/types\/product"}],"wp:featuredmedia":[{"embeddable":true,"href":"https:\/\/lidertecsa.com.ar\/catalogo\/wp-json\/wp\/v2\/media\/3832"}],"wp:attachment":[{"href":"https:\/\/lidertecsa.com.ar\/catalogo\/wp-json\/wp\/v2\/media?parent=3831"}],"wp:term":[{"taxonomy":"product_cat","embeddable":true,"href":"https:\/\/lidertecsa.com.ar\/catalogo\/wp-json\/wp\/v2\/product_cat?post=3831"},{"taxonomy":"product_tag","embeddable":true,"href":"https:\/\/lidertecsa.com.ar\/catalogo\/wp-json\/wp\/v2\/product_tag?post=3831"}],"curies":[{"name":"wp","href":"https:\/\/api.w.org\/{rel}","templated":true}]}}