{"id":383,"date":"2023-06-16T19:35:14","date_gmt":"2023-06-16T22:35:14","guid":{"rendered":"https:\/\/lidertecsa.com.ar\/catalogo\/?post_type=product&#038;p=383"},"modified":"2026-02-04T12:39:25","modified_gmt":"2026-02-04T15:39:25","slug":"ciano-2200-x-20-grs","status":"publish","type":"product","link":"https:\/\/lidertecsa.com.ar\/catalogo\/producto\/ciano-2200-x-20-grs\/","title":{"rendered":"CIANO 2200 x 20 grs"},"content":{"rendered":"<div class=\"content\">\n<div class=\"ttl-subcat-producto\">PARA GOMAS Y PL\u00c1STICOS<\/div>\n<\/div>\n<p>Para gomas, pl\u00e1sticos y sustratos d\u00edf\u00edciles como el EPDM y Santoprene\u00ae. Para pl\u00e1sticos inertes, como los polietilenos, polipropilenos (poliolefinas) previa aplicaci\u00f3n del Primer 2100<\/p>\n<ul class=\"ficha\">\n<li>Holgura m\u00e1xima diametral (mm.):\u00a00.08<\/li>\n<li>Viscosidad (mPa.s) :\u00a020<\/li>\n<li>Resistencia traccion (MPa):\u00a015-20<\/li>\n<li>Tiempo fijacion acero (Seg):\u00a0Max 6 seg<\/li>\n<li>Tiempo fijacion acrilico (Seg):\u00a0Max 6 seg<\/li>\n<li>Tiempo fijacion nitrilo (Seg):\u00a0Max 7 seg<\/li>\n<li>Tiempo fijacion madera (Seg):\u00a0&#8211;<\/li>\n<\/ul>\n","protected":false},"excerpt":{"rendered":"<div>Para superficies porosas<\/div>\n<p>Ideal para madera, moldeados de fibras vegetales cart\u00f3n, cer\u00e1mica, porcelana, etc. No requiere preparaci\u00f3n previa.<\/p>\n","protected":false},"featured_media":384,"template":"","meta":{"_joinchat":[]},"product_cat":[44],"product_tag":[136],"class_list":{"0":"post-383","1":"product","2":"type-product","3":"status-publish","4":"has-post-thumbnail","6":"product_cat-serie-2000","7":"product_tag-ciano-2200-x-20-grs","9":"first","10":"instock","11":"taxable","12":"shipping-taxable","13":"product-type-simple"},"_links":{"self":[{"href":"https:\/\/lidertecsa.com.ar\/catalogo\/wp-json\/wp\/v2\/product\/383"}],"collection":[{"href":"https:\/\/lidertecsa.com.ar\/catalogo\/wp-json\/wp\/v2\/product"}],"about":[{"href":"https:\/\/lidertecsa.com.ar\/catalogo\/wp-json\/wp\/v2\/types\/product"}],"wp:featuredmedia":[{"embeddable":true,"href":"https:\/\/lidertecsa.com.ar\/catalogo\/wp-json\/wp\/v2\/media\/384"}],"wp:attachment":[{"href":"https:\/\/lidertecsa.com.ar\/catalogo\/wp-json\/wp\/v2\/media?parent=383"}],"wp:term":[{"taxonomy":"product_cat","embeddable":true,"href":"https:\/\/lidertecsa.com.ar\/catalogo\/wp-json\/wp\/v2\/product_cat?post=383"},{"taxonomy":"product_tag","embeddable":true,"href":"https:\/\/lidertecsa.com.ar\/catalogo\/wp-json\/wp\/v2\/product_tag?post=383"}],"curies":[{"name":"wp","href":"https:\/\/api.w.org\/{rel}","templated":true}]}}