{"id":3829,"date":"2023-07-25T14:01:44","date_gmt":"2023-07-25T17:01:44","guid":{"rendered":"https:\/\/lidertecsa.com.ar\/catalogo\/?post_type=product&#038;p=3829"},"modified":"2024-12-13T16:35:12","modified_gmt":"2024-12-13T19:35:12","slug":"broca-corta-de-cabo-conico-acero-cobalto","status":"publish","type":"product","link":"https:\/\/lidertecsa.com.ar\/catalogo\/producto\/broca-corta-de-cabo-conico-acero-cobalto\/","title":{"rendered":"Broca Corta de Cabo C\u00f3nico. Acero Cobalto"},"content":{"rendered":"<p><strong>HERRAMIENTA SEMI-ESTANDAR<\/strong><strong><br \/>\n<\/strong><strong>Norma:\u00a0<\/strong>DIN 345 NR \/ IRAM 5076<\/p>\n<p><strong>Materia prima:<\/strong>\u00a0HSSE Co5% \u2013 Acero r\u00e1pido AISI M35<br \/>\n<strong><br \/>\nTerminaci\u00f3n superficial:<\/strong>\u00a0 rectificada \u00d8 13,50\u201316,00mm \/ Metal \u00d8 16,25\u201332,00mm<br \/>\n<strong>Canal:<\/strong>\u00a0Brillante \/ gris metal<br \/>\n<strong>Dorsal:<\/strong>\u00a0Brillante \/ gris metal<br \/>\n<strong>V\u00e1stago:<\/strong>\u00a0Brillante<br \/>\n<strong>Detalles del V\u00e1stago:<\/strong>\u00a0C\u00f3nico Morse<br \/>\n<strong>Faceta:<\/strong>\u00a0Unica \u2013 brillante<br \/>\n<strong>Punta:<\/strong>\u00a0 Simple<\/p>\n<p><strong>\u00c1ngulo de afilado:<\/strong>\u00a0118\u00ba<br \/>\n<strong>Corte:<\/strong>\u00a0Derecha<br \/>\n<strong>Geometr\u00eda:<\/strong>\u00a0Perfil Normal N<br \/>\n<strong>V\u00e1stago:<\/strong>\u00a0c\u00f3nico morse<br \/>\n<strong>Angulo de H\u00e9lice:<\/strong>\u00a028\/30\u00ba<br \/>\n<strong>Tolerancia:\u00a0<\/strong>h8<br \/>\n<strong>Dureza:<\/strong>\u00a063-66 HRc<\/p>\n<p><strong>PROFUNDIDAD DE PERFORADO:<\/strong>\u00a04 x D (menor 5 veces el di\u00e1metro)<\/p>\n<p><strong>RANGO DE PRODUCCI\u00d3N:<\/strong>\u00a0Di\u00e1metros 13,50 mm -32,00 mm \u2013 (consultar por el resto de los di\u00e1metros)<\/p>\n<p><strong>APLICACI\u00d3N:\u00a0<\/strong>Perforado de aceros duros, inoxidables, fundici\u00f3n, metales no ferrosos, en taladros de banco, tornos, CNC.<\/p>\n<p><strong>SEGURIDAD:<\/strong><\/p>\n<p><img decoding=\"async\" class=\"alignnone wp-image-4032\" src=\"https:\/\/www.ezeta.com\/wp-content\/uploads\/2023\/04\/seguridad-1.jpg\" alt=\"\" width=\"244\" height=\"75\" \/><\/p>\n<p>Use protecci\u00f3n ocular, auditiva, m\u00e1scara, guantes y casco.<\/p>\n<div class=\"row-fluid\"><\/div>\n<p><strong>PRESENTACIONES<br \/>\n<\/strong><\/p>\n<div id=\"gallery-1\" class=\"gallery galleryid-1937 gallery-columns-4 gallery-size-thumbnail\">\n<figure class=\"gallery-item\">\n<div class=\"gallery-icon landscape\"><a class=\"custom-link no-lightbox\" title=\"1500 Blister Unitario\" href=\"https:\/\/www.ezeta.com\/wp-content\/uploads\/2020\/10\/1500-presentacion.jpg\" target=\"_blank\" rel=\"noopener\"><img decoding=\"async\" class=\"attachment-thumbnail size-thumbnail\" src=\"https:\/\/www.ezeta.com\/wp-content\/uploads\/2020\/10\/1500-presentacion-150x150.jpg\" alt=\"1500 Blister Unitario\" width=\"150\" height=\"150\" aria-describedby=\"gallery-1-697\" \/><\/a><\/div><figcaption id=\"gallery-1-697\" class=\"wp-caption-text gallery-caption\">Tubo pl\u00e1stico Unitario<\/figcaption><\/figure>\n<\/div>\n","protected":false},"excerpt":{"rendered":"<div class=\"woocommerce-product-details__short-description\">\n<p>Broca v\u00e1stago c\u00f3nico morse, h\u00e9lice derecha, afilado std. 118\u00ba, tolerancia \u00f8: h8, perfil normal N, dureza 63-66 HRc de construcci\u00f3n s\u00f3lida y alto rendimiento, para perforar aceros duros, inoxidables y fundici\u00f3n con resistencia hasta 1400 N\/mm2 en equipos industriales fijos.<\/p>\n<\/div>\n","protected":false},"featured_media":3830,"template":"","meta":{"_joinchat":[]},"product_cat":[775],"product_tag":[777],"class_list":{"0":"post-3829","1":"product","2":"type-product","3":"status-publish","4":"has-post-thumbnail","6":"product_cat-metales-en-general","7":"product_tag-broca-de-acero-cobalto","9":"first","10":"instock","11":"taxable","12":"shipping-taxable","13":"product-type-simple"},"_links":{"self":[{"href":"https:\/\/lidertecsa.com.ar\/catalogo\/wp-json\/wp\/v2\/product\/3829"}],"collection":[{"href":"https:\/\/lidertecsa.com.ar\/catalogo\/wp-json\/wp\/v2\/product"}],"about":[{"href":"https:\/\/lidertecsa.com.ar\/catalogo\/wp-json\/wp\/v2\/types\/product"}],"wp:featuredmedia":[{"embeddable":true,"href":"https:\/\/lidertecsa.com.ar\/catalogo\/wp-json\/wp\/v2\/media\/3830"}],"wp:attachment":[{"href":"https:\/\/lidertecsa.com.ar\/catalogo\/wp-json\/wp\/v2\/media?parent=3829"}],"wp:term":[{"taxonomy":"product_cat","embeddable":true,"href":"https:\/\/lidertecsa.com.ar\/catalogo\/wp-json\/wp\/v2\/product_cat?post=3829"},{"taxonomy":"product_tag","embeddable":true,"href":"https:\/\/lidertecsa.com.ar\/catalogo\/wp-json\/wp\/v2\/product_tag?post=3829"}],"curies":[{"name":"wp","href":"https:\/\/api.w.org\/{rel}","templated":true}]}}