{"id":3827,"date":"2023-07-25T13:49:49","date_gmt":"2023-07-25T16:49:49","guid":{"rendered":"https:\/\/lidertecsa.com.ar\/catalogo\/?post_type=product&#038;p=3827"},"modified":"2024-12-13T16:35:12","modified_gmt":"2024-12-13T19:35:12","slug":"broca-corta-de-cabo-conico-con-nitruro-de-tintanio","status":"publish","type":"product","link":"https:\/\/lidertecsa.com.ar\/catalogo\/producto\/broca-corta-de-cabo-conico-con-nitruro-de-tintanio\/","title":{"rendered":"Broca Corta de Cabo C\u00f3nico con Nitruro de Tint\u00e1nio"},"content":{"rendered":"<p><strong>HERRAMIENTA ESTANDAR<br \/>\nNorma:\u00a0<\/strong>DIN 345 NR\/ IRAM 5076<\/p>\n<p><strong>Materia prima:<\/strong>\u00a0HSS-Acero r\u00e1pido AISI M2<\/p>\n<p><strong>Terminaci\u00f3n Superficial:<\/strong>\u00a0Dorado\/Brillante<br \/>\n<strong>Canal:<\/strong>\u00a0Dorado<br \/>\n<strong>Dorsal:<\/strong>\u00a0Dorado<br \/>\n<strong>V\u00e1stago:<\/strong>\u00a0Brillante<br \/>\n<strong>Detalles del V\u00e1stago:<\/strong>\u00a0Cono morse<br \/>\n<strong>Faceta:<\/strong>\u00a0Unica<br \/>\n<strong>Punta:<\/strong>\u00a0Simple<\/p>\n<p><strong>Recubrimiento:<\/strong>\u00a0Nitruro de Titanio<br \/>\n<strong>\u00c1ngulo de afilado:<\/strong>\u00a0118\u00ba<br \/>\n<strong>Corte:<\/strong>\u00a0Derecha<br \/>\n<strong>Geometr\u00eda:<\/strong>\u00a0Perfil Normal N<br \/>\n<strong>V\u00e1stago:<\/strong>\u00a0c\u00f3nico morse<br \/>\n<strong>Angulo de H\u00e9lice:<\/strong>\u00a028\/30\u00ba<br \/>\n<strong>Tolerancia:\u00a0<\/strong>h8<br \/>\n<strong>Dureza:<\/strong>\u00a063-65HRc<\/p>\n<p><strong>PROFUNDIDAD DE PERFORADO:<\/strong>\u00a04 x D (menor 5 veces el di\u00e1metro)<\/p>\n<p><strong>RANGO DE PRODUCCI\u00d3N:<\/strong>\u00a0Di\u00e1metros 5,00 mm \u2013 51,50 mm<\/p>\n<p><strong>APLICACI\u00d3N<\/strong><br \/>\nEl revestimiento de titanio le confiere propiedades anti desgaste para un mayor rendimiento.<br \/>\nPara perforado de aceros, fundici\u00f3n, no ferrosos, etc.<br \/>\nUso: En agujereadoras de banco, tornos, CNC.<\/p>\n","protected":false},"excerpt":{"rendered":"<div class=\"woocommerce-product-details__short-description\">\n<p>Broca cabo c\u00f3nico morse, h\u00e9lice derecha, afilado std. 118\u00ba, tolerancia \u00f8: h8, dureza 63-66 HRc., perfil normal N rectificado hasta di\u00e1metro 18,00mm, luego fresado.<br \/>\nEl revestimiento de nitruro de titanio confiere propiedades anti-desgaste que triplican el rendimiento hasta el primer afilado de la broca #1500. Uso industrial en instalaciones fijas, de construcci\u00f3n s\u00f3lida y alto rendimiento para taladrar en amplio rango de metales, aceros y fundici\u00f3n con resistencia hasta 1100 N\/mm2.<\/p>\n<\/div>\n","protected":false},"featured_media":3828,"template":"","meta":{"_joinchat":[]},"product_cat":[775],"product_tag":[780],"class_list":{"0":"post-3827","1":"product","2":"type-product","3":"status-publish","4":"has-post-thumbnail","6":"product_cat-metales-en-general","7":"product_tag-broca-con-recubrimiento-de-titanio","9":"first","10":"instock","11":"taxable","12":"shipping-taxable","13":"product-type-simple"},"_links":{"self":[{"href":"https:\/\/lidertecsa.com.ar\/catalogo\/wp-json\/wp\/v2\/product\/3827"}],"collection":[{"href":"https:\/\/lidertecsa.com.ar\/catalogo\/wp-json\/wp\/v2\/product"}],"about":[{"href":"https:\/\/lidertecsa.com.ar\/catalogo\/wp-json\/wp\/v2\/types\/product"}],"wp:featuredmedia":[{"embeddable":true,"href":"https:\/\/lidertecsa.com.ar\/catalogo\/wp-json\/wp\/v2\/media\/3828"}],"wp:attachment":[{"href":"https:\/\/lidertecsa.com.ar\/catalogo\/wp-json\/wp\/v2\/media?parent=3827"}],"wp:term":[{"taxonomy":"product_cat","embeddable":true,"href":"https:\/\/lidertecsa.com.ar\/catalogo\/wp-json\/wp\/v2\/product_cat?post=3827"},{"taxonomy":"product_tag","embeddable":true,"href":"https:\/\/lidertecsa.com.ar\/catalogo\/wp-json\/wp\/v2\/product_tag?post=3827"}],"curies":[{"name":"wp","href":"https:\/\/api.w.org\/{rel}","templated":true}]}}