{"id":3825,"date":"2023-07-25T13:47:27","date_gmt":"2023-07-25T16:47:27","guid":{"rendered":"https:\/\/lidertecsa.com.ar\/catalogo\/?post_type=product&#038;p=3825"},"modified":"2024-12-13T16:35:12","modified_gmt":"2024-12-13T19:35:12","slug":"broca-de-corta-con-cabo-conico-acero-rapido-copia","status":"publish","type":"product","link":"https:\/\/lidertecsa.com.ar\/catalogo\/producto\/broca-de-corta-con-cabo-conico-acero-rapido-copia\/","title":{"rendered":"Broca Corta con Cabo C\u00f3nico. Acero R\u00e1pido"},"content":{"rendered":"<p><strong>HERRAMIENTA ESTANDAR<br \/>\nNorma:\u00a0<\/strong>DIN 345 NR \/ IRAM 5076<\/p>\n<p><strong>Materia prima:<\/strong>\u00a0HSS-Acero r\u00e1pido AISI M2<\/p>\n<p><strong>Terminaci\u00f3n superficial:<\/strong>\u00a0Brillante \u00d8 5,00 \u2013 9,00 \/ Metal \u00d8 9,25 \u2013 100,00mm<\/p>\n<p><strong>Terminaci\u00f3n Superficial:<\/strong>\u00a0 Rectificada \/ fresada<br \/>\nCanal: Brillante\/gris metal<br \/>\nDorsal: Brillante\/gris metal<br \/>\nV\u00e1stago: Brillante\/brillante<br \/>\nDetalles del V\u00e1stago: Cono morse 1\/2\/3\/4<br \/>\nFaceta: Unica brillante<br \/>\nPunta: Simple 118\u00b0<\/p>\n<p><strong>\u00c1ngulo de afilado:<\/strong>\u00a0 118\u00ba<br \/>\n<strong>Corte:\u00a0<\/strong>Derecha<br \/>\n<strong>Geometr\u00eda:<\/strong>\u00a0 Perfil Normal N<br \/>\n<strong>V\u00e1stago:<\/strong>\u00a0 C\u00f3nico Morse<br \/>\n<strong>Angulo de H\u00e9lice:\u00a0<\/strong>\u00a028\/30\u00ba<br \/>\n<strong>Tolerancia:\u00a0 \u00a0<\/strong>h8<br \/>\n<strong>Dureza:<\/strong>\u00a063-65HRc<\/p>\n<p><strong>PROFUNDIDAD DE PERFORADO:<\/strong>\u00a04 x D (menos de 5 veces el di\u00e1metro)<\/p>\n<p><strong>RANGO DE PRODUCCI\u00d3N:<\/strong>\u00a0 5,00 mm \u2013 50,00mm de stock\u00a0 \/\u00a0 50,50 mm \u2013 100,00 mm semi-estandar.<\/p>\n<p><strong>APLICACI\u00d3N<\/strong><br \/>\nPara perforado de metales ferrosos, aceros, fundici\u00f3n, no ferrosos, etc.<br \/>\nUso: En taladros de banco, fresadoras, tornos.<\/p>\n<p><strong>PRESENTACION<\/strong><br \/>\nTubo pl\u00e1stico Unitario \/ caja de madera unitaria<\/p>\n","protected":false},"excerpt":{"rendered":"<div class=\"woocommerce-product-details__short-description\">\n<p>Broca cabo c\u00f3nico morse, h\u00e9lice derecha, afilado std. 118\u00ba, tolerancia \u00f8: h8, perfil normal N. Dureza 63-65 HRc. Broca para uso industrial en m\u00e1quinas fijas, de construcci\u00f3n s\u00f3lida y alto rendimiento. Para taladrar en di\u00e1metros hasta 50,00mm en stock, amplio rango de metales, aceros y fundici\u00f3n con dureza hasta 1100 N\/mm2 con lubrorefrigerante.<\/p>\n<\/div>\n","protected":false},"featured_media":3826,"template":"","meta":{"_joinchat":[]},"product_cat":[775],"product_tag":[776],"class_list":{"0":"post-3825","1":"product","2":"type-product","3":"status-publish","4":"has-post-thumbnail","6":"product_cat-metales-en-general","7":"product_tag-broca-de-acero-rapido","9":"first","10":"instock","11":"taxable","12":"shipping-taxable","13":"product-type-simple"},"_links":{"self":[{"href":"https:\/\/lidertecsa.com.ar\/catalogo\/wp-json\/wp\/v2\/product\/3825"}],"collection":[{"href":"https:\/\/lidertecsa.com.ar\/catalogo\/wp-json\/wp\/v2\/product"}],"about":[{"href":"https:\/\/lidertecsa.com.ar\/catalogo\/wp-json\/wp\/v2\/types\/product"}],"wp:featuredmedia":[{"embeddable":true,"href":"https:\/\/lidertecsa.com.ar\/catalogo\/wp-json\/wp\/v2\/media\/3826"}],"wp:attachment":[{"href":"https:\/\/lidertecsa.com.ar\/catalogo\/wp-json\/wp\/v2\/media?parent=3825"}],"wp:term":[{"taxonomy":"product_cat","embeddable":true,"href":"https:\/\/lidertecsa.com.ar\/catalogo\/wp-json\/wp\/v2\/product_cat?post=3825"},{"taxonomy":"product_tag","embeddable":true,"href":"https:\/\/lidertecsa.com.ar\/catalogo\/wp-json\/wp\/v2\/product_tag?post=3825"}],"curies":[{"name":"wp","href":"https:\/\/api.w.org\/{rel}","templated":true}]}}