{"id":3823,"date":"2023-07-25T13:45:50","date_gmt":"2023-07-25T16:45:50","guid":{"rendered":"https:\/\/lidertecsa.com.ar\/catalogo\/?post_type=product&#038;p=3823"},"modified":"2024-12-13T16:35:12","modified_gmt":"2024-12-13T19:35:12","slug":"broca-de-centrar-acero-rapido-2","status":"publish","type":"product","link":"https:\/\/lidertecsa.com.ar\/catalogo\/producto\/broca-de-centrar-acero-rapido-2\/","title":{"rendered":"Broca de Centrar. Acero R\u00e1pido"},"content":{"rendered":"<p><strong>HERRAMIENTA ESTANDAR<br \/>\nNorma DIN:\u00a0<\/strong>333 Forma B<br \/>\n<strong><br \/>\nMateria prima:<\/strong>\u00a0HSS-Acero r\u00e1pido AISI M2<\/p>\n<p><strong>Terminaci\u00f3n Superficial:<\/strong>\u00a0Rectificado<br \/>\n<strong>Canal:<\/strong>\u00a0Brillante<br \/>\n<strong>Dorsal:<\/strong>\u00a0Brillante<br \/>\n<strong>V\u00e1stago:<\/strong>\u00a0Brillante<br \/>\n<strong>Detalles del V\u00e1stago:<\/strong>\u00a0Doble<br \/>\n<strong>Faceta:<\/strong>\u00a0NO<br \/>\n<strong>Punta:\u00a0<\/strong>\u00a0Simple<\/p>\n<p><strong>\u00c1ngulo de afilado:<\/strong>\u00a0118\u00ba<br \/>\n<strong>Corte:<\/strong>\u00a0Derecha<br \/>\n<strong>Geometr\u00eda:<\/strong>\u00a0Perfil Normal \u2013 forma B (con protecci\u00f3n)<br \/>\n<strong>Dureza:<\/strong>\u00a063-65 HRc<\/p>\n<p><strong>RANGO DE PRODUCCI\u00d3N:<\/strong>\u00a0Di\u00e1metros 1,00 mm \u2013 8,00 mm<\/p>\n<p><strong>APLICACI\u00d3N<\/strong><br \/>\nPara generar agujeros de centro protegidos seg\u00fan norma DIN 333 para contrapuntas y otros usos en Taladros de banco, tornos, CNC.<br \/>\nNota: En el centrado las RPM son funci\u00f3n del di\u00e1metro exterior mientras que el avance depende del di\u00e1metro de perforado.<\/p>\n<p><strong>PRESENTACION<\/strong><\/p>\n<p><strong>Blister de 5 unidades:\u00a0<\/strong>Di\u00e1metros 1,00 \u2013 2,50 mm<strong><br \/>\nBlister de 3 unidades:\u00a0<\/strong>Di\u00e1metros 3,15 \u2013 6,30 mm<\/p>\n","protected":false},"excerpt":{"rendered":"<div class=\"woocommerce-product-details__short-description\">\n<p>Broca de centrar forma \u201cB\u201d corte derecho, afilado std. 118\u00ba. Destalonado rectificado con \u00e1ngulo de 60\u00ba, dureza 63-65 HRc. Acero r\u00e1pido M2.<\/p>\n<\/div>\n","protected":false},"featured_media":3824,"template":"","meta":{"_joinchat":[]},"product_cat":[775],"product_tag":[776],"class_list":{"0":"post-3823","1":"product","2":"type-product","3":"status-publish","4":"has-post-thumbnail","6":"product_cat-metales-en-general","7":"product_tag-broca-de-acero-rapido","9":"first","10":"instock","11":"taxable","12":"shipping-taxable","13":"product-type-simple"},"_links":{"self":[{"href":"https:\/\/lidertecsa.com.ar\/catalogo\/wp-json\/wp\/v2\/product\/3823"}],"collection":[{"href":"https:\/\/lidertecsa.com.ar\/catalogo\/wp-json\/wp\/v2\/product"}],"about":[{"href":"https:\/\/lidertecsa.com.ar\/catalogo\/wp-json\/wp\/v2\/types\/product"}],"wp:featuredmedia":[{"embeddable":true,"href":"https:\/\/lidertecsa.com.ar\/catalogo\/wp-json\/wp\/v2\/media\/3824"}],"wp:attachment":[{"href":"https:\/\/lidertecsa.com.ar\/catalogo\/wp-json\/wp\/v2\/media?parent=3823"}],"wp:term":[{"taxonomy":"product_cat","embeddable":true,"href":"https:\/\/lidertecsa.com.ar\/catalogo\/wp-json\/wp\/v2\/product_cat?post=3823"},{"taxonomy":"product_tag","embeddable":true,"href":"https:\/\/lidertecsa.com.ar\/catalogo\/wp-json\/wp\/v2\/product_tag?post=3823"}],"curies":[{"name":"wp","href":"https:\/\/api.w.org\/{rel}","templated":true}]}}