{"id":3821,"date":"2023-07-25T13:43:44","date_gmt":"2023-07-25T16:43:44","guid":{"rendered":"https:\/\/lidertecsa.com.ar\/catalogo\/?post_type=product&#038;p=3821"},"modified":"2024-12-13T16:35:12","modified_gmt":"2024-12-13T19:35:12","slug":"broca-de-centrar-acero-rapido","status":"publish","type":"product","link":"https:\/\/lidertecsa.com.ar\/catalogo\/producto\/broca-de-centrar-acero-rapido\/","title":{"rendered":"Broca de Centrar. Acero R\u00e1pido"},"content":{"rendered":"<p><strong>HERRAMIENTA ESTANDAR<br \/>\nNorma:\u00a0<\/strong>DIN 333 Forma A<\/p>\n<p><strong>Materia prima:<\/strong>\u00a0HSS-Acero r\u00e1pido AISI M2<\/p>\n<p><strong>Terminaci\u00f3n Superficial:<\/strong>\u00a0Rectificado<br \/>\n<strong>Canal:<\/strong>\u00a0Brillante<br \/>\n<strong>Dorsal:<\/strong>\u00a0Brillante<br \/>\n<strong>V\u00e1stago:<\/strong>\u00a0Brillante<br \/>\n<strong>Detalles del V\u00e1stago:<\/strong>\u00a0Doble afilado<br \/>\n<strong>Faceta:<\/strong>\u00a0NO<br \/>\n<strong>Punta:<\/strong>\u00a0Simple<\/p>\n<p><strong>\u00c1ngulo de afilado:<\/strong>\u00a0118\u00ba<br \/>\n<strong>Corte:<\/strong>\u00a0Derecha<br \/>\n<strong>Geometr\u00eda:<\/strong>\u00a0Perfil Normal \u2013 forma A (sin chafl\u00e1n de protecci\u00f3n)<br \/>\n<strong>Dureza:<\/strong>\u00a063-65 HRc<\/p>\n<p><strong>RANGO DE PRODUCCI\u00d3N:<\/strong>\u00a0Di\u00e1metros 1,00 mm \u2013\u00a06,30 mm<\/p>\n<p><strong>APLICACI\u00d3N<\/strong><br \/>\nPara generar agujeros centrados seg\u00fan norma DIN 333 para contrapuntas y otros usos. En el centrado, las RPM son funci\u00f3n del di\u00e1metro exterior mientras que el avance depende del di\u00e1metro de perforado. En taladros de banco, tornos, CNC.<\/p>\n","protected":false},"excerpt":{"rendered":"<p>Broca de centrar forma \u201cA\u201d corte derecho, afilado std. 118\u00ba. Destalonado rectificado con \u00e1ngulo de 60\u00ba, dureza 63-65 HRc. Acero r\u00e1pido M2.<br \/>\nPara centrado de metales ferrosos y no ferrosos hasta 1100 N \/ mm2.<\/p>\n","protected":false},"featured_media":3822,"template":"","meta":{"_joinchat":[]},"product_cat":[775],"product_tag":[776],"class_list":{"0":"post-3821","1":"product","2":"type-product","3":"status-publish","4":"has-post-thumbnail","6":"product_cat-metales-en-general","7":"product_tag-broca-de-acero-rapido","9":"first","10":"instock","11":"taxable","12":"shipping-taxable","13":"product-type-simple"},"_links":{"self":[{"href":"https:\/\/lidertecsa.com.ar\/catalogo\/wp-json\/wp\/v2\/product\/3821"}],"collection":[{"href":"https:\/\/lidertecsa.com.ar\/catalogo\/wp-json\/wp\/v2\/product"}],"about":[{"href":"https:\/\/lidertecsa.com.ar\/catalogo\/wp-json\/wp\/v2\/types\/product"}],"wp:featuredmedia":[{"embeddable":true,"href":"https:\/\/lidertecsa.com.ar\/catalogo\/wp-json\/wp\/v2\/media\/3822"}],"wp:attachment":[{"href":"https:\/\/lidertecsa.com.ar\/catalogo\/wp-json\/wp\/v2\/media?parent=3821"}],"wp:term":[{"taxonomy":"product_cat","embeddable":true,"href":"https:\/\/lidertecsa.com.ar\/catalogo\/wp-json\/wp\/v2\/product_cat?post=3821"},{"taxonomy":"product_tag","embeddable":true,"href":"https:\/\/lidertecsa.com.ar\/catalogo\/wp-json\/wp\/v2\/product_tag?post=3821"}],"curies":[{"name":"wp","href":"https:\/\/api.w.org\/{rel}","templated":true}]}}