{"id":3817,"date":"2023-07-25T13:38:36","date_gmt":"2023-07-25T16:38:36","guid":{"rendered":"https:\/\/lidertecsa.com.ar\/catalogo\/?post_type=product&#038;p=3817"},"modified":"2024-12-13T16:35:11","modified_gmt":"2024-12-13T19:35:11","slug":"broca-extracorta-de-acero-rapido","status":"publish","type":"product","link":"https:\/\/lidertecsa.com.ar\/catalogo\/producto\/broca-extracorta-de-acero-rapido\/","title":{"rendered":"Broca Extracorta de Acero R\u00e1pido"},"content":{"rendered":"<p><strong>HERRAMIENTA ESTANDAR<br \/>\nNorma:\u00a0<\/strong>DIN 1897 \/ IRAM 5091<\/p>\n<p><strong>Materia prima:<\/strong>\u00a0HSS-Acero r\u00e1pido AISI M2<\/p>\n<p><strong>Terminaci\u00f3n Superficial:<\/strong>\u00a0Rectificada<br \/>\n<strong>Canal:<\/strong>\u00a0Brillante<br \/>\n<strong>Dorsal:<\/strong>\u00a0Brillante<br \/>\n<strong>V\u00e1stago:<\/strong>\u00a0Brillante<br \/>\n<strong>Detalles del V\u00e1stago:<\/strong>\u00a0 Cil\u00edndrico<br \/>\n<strong>Faceta:<\/strong>\u00a0Unica<br \/>\n<strong>Punta:<\/strong>\u00a0Simple<\/p>\n<p><strong>\u00c1ngulo de afilado:<\/strong>\u00a0118\u00ba<br \/>\n<strong>Corte:\u00a0<\/strong>Derecha<br \/>\n<strong>Geometr\u00eda:<\/strong>\u00a0Perfil Normal N<br \/>\n<strong>\u00c1ngulo de H\u00e9lice:<\/strong>\u00a028\u00ba\/30\u00ba<br \/>\n<strong>Profundidad de perforado:<\/strong>\u00a02 x D (menor a 3 x D)<br \/>\n<strong>Tolerancia:<\/strong>\u00a0h8<br \/>\n<strong>Dureza:<\/strong>\u00a063-65 HRc<\/p>\n<p><strong>RANGO DE PRODUCCI\u00d3N:<\/strong>\u00a0Di\u00e1metros 2,00 mm \u2013 32,00 mm<\/p>\n<p><strong>APLICACI\u00d3N<\/strong><br \/>\nPara perforado de aceros, aluminio, chapa, sint\u00e9ticos, no ferrosos, aleaciones especiales, etc. en uso en carrocer\u00edas.<br \/>\nUso: en taladros manuales, de banco, tornos, CNC.<\/p>\n<p><strong>PRESENTACION<\/strong><\/p>\n<p><strong>Sobre PVC de 5 unidades:<\/strong>\u00a0Di\u00e1metros 2,00 \u2013 13,00 mm<br \/>\n<strong>Tubo pl\u00e1stico unitario:<\/strong>\u00a0Di\u00e1metros 13,50 \u2013 32,00 mm<\/p>\n","protected":false},"excerpt":{"rendered":"<p>Broca cil\u00edndrica extra corta, h\u00e9lice derecha, tolerancia \u00f8: h8, dureza 63-65 HRc.<br \/>\nGeometr\u00eda de gran solidez para perforado materiales de dureza menores que 1100 N\/mm2 en altas series, con taladros manuales y tornos autom\u00e1ticos y revolver.<\/p>\n","protected":false},"featured_media":3818,"template":"","meta":{"_joinchat":[]},"product_cat":[775],"product_tag":[776],"class_list":{"0":"post-3817","1":"product","2":"type-product","3":"status-publish","4":"has-post-thumbnail","6":"product_cat-metales-en-general","7":"product_tag-broca-de-acero-rapido","9":"first","10":"instock","11":"taxable","12":"shipping-taxable","13":"product-type-simple"},"_links":{"self":[{"href":"https:\/\/lidertecsa.com.ar\/catalogo\/wp-json\/wp\/v2\/product\/3817"}],"collection":[{"href":"https:\/\/lidertecsa.com.ar\/catalogo\/wp-json\/wp\/v2\/product"}],"about":[{"href":"https:\/\/lidertecsa.com.ar\/catalogo\/wp-json\/wp\/v2\/types\/product"}],"wp:featuredmedia":[{"embeddable":true,"href":"https:\/\/lidertecsa.com.ar\/catalogo\/wp-json\/wp\/v2\/media\/3818"}],"wp:attachment":[{"href":"https:\/\/lidertecsa.com.ar\/catalogo\/wp-json\/wp\/v2\/media?parent=3817"}],"wp:term":[{"taxonomy":"product_cat","embeddable":true,"href":"https:\/\/lidertecsa.com.ar\/catalogo\/wp-json\/wp\/v2\/product_cat?post=3817"},{"taxonomy":"product_tag","embeddable":true,"href":"https:\/\/lidertecsa.com.ar\/catalogo\/wp-json\/wp\/v2\/product_tag?post=3817"}],"curies":[{"name":"wp","href":"https:\/\/api.w.org\/{rel}","templated":true}]}}