{"id":3786,"date":"2023-07-25T13:00:03","date_gmt":"2023-07-25T16:00:03","guid":{"rendered":"https:\/\/lidertecsa.com.ar\/catalogo\/?post_type=product&#038;p=3786"},"modified":"2024-12-13T16:46:06","modified_gmt":"2024-12-13T19:46:06","slug":"broca-corta-de-acero-rapido","status":"publish","type":"product","link":"https:\/\/lidertecsa.com.ar\/catalogo\/producto\/broca-corta-de-acero-rapido\/","title":{"rendered":"Broca Corta de Acero R\u00e1pido"},"content":{"rendered":"<p><strong>HERRAMIENTA ESTANDAR<br \/>\nNorma:<\/strong>\u00a0DIN 338 NR\/ IRAM 5072<\/p>\n<p><strong>Materia prima:<\/strong>\u00a0HSS \u2013 Acero r\u00e1pido AISI-M2<br \/>\n<strong>Terminaci\u00f3n Superficial:\u00a0<\/strong>Rectificada<br \/>\n<strong>Canal:\u00a0<\/strong>Brillante<br \/>\n<strong>Dorsal:<\/strong>\u00a0Brillante<br \/>\n<strong>V\u00e1stago:<\/strong>\u00a0Brillante<br \/>\n<strong>Detalles del V\u00e1stago:<\/strong>\u00a0Cil\u00edndrico<br \/>\n<strong>Faceta:\u00a0<\/strong>Unica brillante<br \/>\n<strong>Punta:<\/strong>\u00a0Simple 118\u00b0<\/p>\n<p><strong>Angulo de afilado:<\/strong>\u00a0118\u00b0<br \/>\n<strong>Corte:<\/strong>\u00a0Derecha<br \/>\n<strong>Geometr\u00eda:<\/strong>\u00a0Perfil normal N<br \/>\n<strong>Angulo de h\u00e9lice:<\/strong>\u00a028\/30\u00b0<br \/>\n<strong>V\u00e1stago:<\/strong>\u00a0Simple cil\u00edndrico<br \/>\n<strong>Tolerancia:<\/strong>\u00a0h8<br \/>\n<strong>Dureza:\u00a0<\/strong>63-65HRc.<\/p>\n<p><strong>PROFUNDIDAD DE PERFORADO:<\/strong>\u00a04 x D (menor a 5 veces el di\u00e1metro)<\/p>\n<p><strong>RANGO DE PRODUCCI\u00d3N:<\/strong>\u00a0Di\u00e1metros 0,20 mm \u2013 25,40 mm<\/p>\n<p><strong>APLICACI\u00d3N<br \/>\n<\/strong>Para perforado de metales y aceros blandos y semi-duros.<br \/>\nPara uso industrial, en taladros autom\u00e1ticos y manuales.<br \/>\nPara utilizar en materiales de resistencia hasta 900 N\/mm2.<\/p>\n<p><strong>PRESENTACIONES<br \/>\n<\/strong>Paquete 10 unidades: Di\u00e1metros 0,20 a 8,75 mm<br \/>\nPaquete 5 unidades: Di\u00e1metros 9,00 a 13,00 mm<br \/>\nPaquete x unidad: Di\u00e1metros 13,10 a 25,40 mm<\/p>\n","protected":false},"excerpt":{"rendered":"<p>L\u00ednea cl\u00e1sica EZETA para uso industrial gen\u00e9rico en acero y metales con resistencia hasta 900 N\/mm2. Su gran resistencia al desgaste y la calidad siempre constante definen su preferencia.<\/p>\n","protected":false},"featured_media":3796,"template":"","meta":{"_joinchat":[]},"product_cat":[775],"product_tag":[776],"class_list":{"0":"post-3786","1":"product","2":"type-product","3":"status-publish","4":"has-post-thumbnail","6":"product_cat-metales-en-general","7":"product_tag-broca-de-acero-rapido","9":"first","10":"instock","11":"taxable","12":"shipping-taxable","13":"product-type-variable"},"_links":{"self":[{"href":"https:\/\/lidertecsa.com.ar\/catalogo\/wp-json\/wp\/v2\/product\/3786"}],"collection":[{"href":"https:\/\/lidertecsa.com.ar\/catalogo\/wp-json\/wp\/v2\/product"}],"about":[{"href":"https:\/\/lidertecsa.com.ar\/catalogo\/wp-json\/wp\/v2\/types\/product"}],"wp:featuredmedia":[{"embeddable":true,"href":"https:\/\/lidertecsa.com.ar\/catalogo\/wp-json\/wp\/v2\/media\/3796"}],"wp:attachment":[{"href":"https:\/\/lidertecsa.com.ar\/catalogo\/wp-json\/wp\/v2\/media?parent=3786"}],"wp:term":[{"taxonomy":"product_cat","embeddable":true,"href":"https:\/\/lidertecsa.com.ar\/catalogo\/wp-json\/wp\/v2\/product_cat?post=3786"},{"taxonomy":"product_tag","embeddable":true,"href":"https:\/\/lidertecsa.com.ar\/catalogo\/wp-json\/wp\/v2\/product_tag?post=3786"}],"curies":[{"name":"wp","href":"https:\/\/api.w.org\/{rel}","templated":true}]}}