{"id":3774,"date":"2023-07-25T11:29:06","date_gmt":"2023-07-25T14:29:06","guid":{"rendered":"https:\/\/lidertecsa.com.ar\/catalogo\/?post_type=product&#038;p=3774"},"modified":"2024-12-13T16:35:08","modified_gmt":"2024-12-13T19:35:08","slug":"bolsas-filtro-aspiradora-seco-humedo-x-5-unidades-15-litros","status":"publish","type":"product","link":"https:\/\/lidertecsa.com.ar\/catalogo\/producto\/bolsas-filtro-aspiradora-seco-humedo-x-5-unidades-15-litros\/","title":{"rendered":"Bolsas Filtro Aspiradora Seco Humedo X 5 Unidades 15 Litros"},"content":{"rendered":"<p>BOLSA EINHEL PARA ASPIRADORAS TC-VC 1815 18\/15 Bolsa de papel x 5 unidades \/ 15 Litros. Adecuado para TC-VC 1815 S TH-VC 18\/15<\/p>\n<p>ENTRADA DE 38 MM ,<\/p>\n<p>El aspirador seco y h\u00famedo TC-VC 1815 es un aparato compacto, potente y sumamente vers\u00e1til para las tareas de limpieza sencillas, que no debe faltar en ning\u00fan hogar. En su dep\u00f3sito de pl\u00e1stico de 15 l de capacidad desaparece tanto suciedad gruesa como fina, en seco o en mojado, e incluso l\u00edquidos. DEBE RETIRARSE LA BOLSA AL MOMENTO DE ASPIRAR LIQUIDOS<\/p>\n","protected":false},"excerpt":{"rendered":"<p class=\"ui-pdp-family--REGULAR ui-pdp-list__text\"><span class=\"ui-pdp-color--BLACK ui-pdp-size--XSMALL ui-pdp-family--BOLD\">Unidades por envase<\/span>: 5<\/p>\n<p class=\"ui-pdp-family--REGULAR ui-pdp-list__text\"><span class=\"ui-pdp-color--BLACK ui-pdp-size--XSMALL ui-pdp-family--BOLD\">Formato de venta<\/span>: Unidad<\/p>\n<p class=\"ui-pdp-family--REGULAR ui-pdp-list__text\"><span class=\"ui-pdp-color--BLACK ui-pdp-size--XSMALL ui-pdp-family--BOLD\">Unidades por pack<\/span>: 1<\/p>\n<p class=\"ui-pdp-family--REGULAR ui-pdp-list__text\"><span class=\"ui-pdp-color--BLACK ui-pdp-size--XSMALL ui-pdp-family--BOLD\">Incluye filtro<\/span>: No<\/p>\n<p class=\"ui-pdp-family--REGULAR ui-pdp-list__text\"><span class=\"ui-pdp-color--BLACK ui-pdp-size--XSMALL ui-pdp-family--BOLD\">Es descartable<\/span>: S\u00ed<\/p>\n","protected":false},"featured_media":10509,"template":"","meta":{"_joinchat":[]},"product_cat":[736],"product_tag":[761],"class_list":{"0":"post-3774","1":"product","2":"type-product","3":"status-publish","4":"has-post-thumbnail","6":"product_cat-accesorios-varios","7":"product_tag-bolsa-para-aspiradora","9":"first","10":"instock","11":"product-type-simple"},"_links":{"self":[{"href":"https:\/\/lidertecsa.com.ar\/catalogo\/wp-json\/wp\/v2\/product\/3774"}],"collection":[{"href":"https:\/\/lidertecsa.com.ar\/catalogo\/wp-json\/wp\/v2\/product"}],"about":[{"href":"https:\/\/lidertecsa.com.ar\/catalogo\/wp-json\/wp\/v2\/types\/product"}],"wp:featuredmedia":[{"embeddable":true,"href":"https:\/\/lidertecsa.com.ar\/catalogo\/wp-json\/wp\/v2\/media\/10509"}],"wp:attachment":[{"href":"https:\/\/lidertecsa.com.ar\/catalogo\/wp-json\/wp\/v2\/media?parent=3774"}],"wp:term":[{"taxonomy":"product_cat","embeddable":true,"href":"https:\/\/lidertecsa.com.ar\/catalogo\/wp-json\/wp\/v2\/product_cat?post=3774"},{"taxonomy":"product_tag","embeddable":true,"href":"https:\/\/lidertecsa.com.ar\/catalogo\/wp-json\/wp\/v2\/product_tag?post=3774"}],"curies":[{"name":"wp","href":"https:\/\/api.w.org\/{rel}","templated":true}]}}