{"id":3746,"date":"2023-07-24T16:19:43","date_gmt":"2023-07-24T19:19:43","guid":{"rendered":"https:\/\/lidertecsa.com.ar\/catalogo\/?post_type=product&#038;p=3746"},"modified":"2024-12-13T16:35:06","modified_gmt":"2024-12-13T19:35:06","slug":"kit-de-lijas-para-tc-os-18-187-li","status":"publish","type":"product","link":"https:\/\/lidertecsa.com.ar\/catalogo\/producto\/kit-de-lijas-para-tc-os-18-187-li\/","title":{"rendered":"Kit de Lijas para TC-OS 18\/187 Li"},"content":{"rendered":"<p>Tiras abrasivas, MADERA Y METAL, 93 x 186 mm, corind\u00f3n puro, revestido de \u00f3xido de aluminio, ligado con resina sint\u00e9tica maciza, material de soporte reforzado, con dorso de terciopelo, perforado. Para lijadoras orbitales con plato de apoyo de adherencia velcro y sistema de extracci\u00f3n. Para el lijado de metal y madera, pintura, laca, masilla, piedra y pl\u00e1stico.<\/p>\n<p>Tama\u00f1o: 93 x 186 mm<br \/>\nCantidad: 10<\/p>\n<p>Lijas x Grano:<\/p>\n<p>3 x G40<\/p>\n<p>4 x G80<\/p>\n<p>3 xG 240<\/p>\n","protected":false},"excerpt":{"rendered":"<p>Lijas para\u00a0 MADERA Y METAL\u00a0 93 x 186 mm,<\/p>\n","protected":false},"featured_media":3752,"template":"","meta":{"_joinchat":[]},"product_cat":[736],"product_tag":[754],"class_list":{"0":"post-3746","1":"product","2":"type-product","3":"status-publish","4":"has-post-thumbnail","6":"product_cat-accesorios-varios","7":"product_tag-lijas","9":"first","10":"instock","11":"taxable","12":"shipping-taxable","13":"product-type-simple"},"_links":{"self":[{"href":"https:\/\/lidertecsa.com.ar\/catalogo\/wp-json\/wp\/v2\/product\/3746"}],"collection":[{"href":"https:\/\/lidertecsa.com.ar\/catalogo\/wp-json\/wp\/v2\/product"}],"about":[{"href":"https:\/\/lidertecsa.com.ar\/catalogo\/wp-json\/wp\/v2\/types\/product"}],"wp:featuredmedia":[{"embeddable":true,"href":"https:\/\/lidertecsa.com.ar\/catalogo\/wp-json\/wp\/v2\/media\/3752"}],"wp:attachment":[{"href":"https:\/\/lidertecsa.com.ar\/catalogo\/wp-json\/wp\/v2\/media?parent=3746"}],"wp:term":[{"taxonomy":"product_cat","embeddable":true,"href":"https:\/\/lidertecsa.com.ar\/catalogo\/wp-json\/wp\/v2\/product_cat?post=3746"},{"taxonomy":"product_tag","embeddable":true,"href":"https:\/\/lidertecsa.com.ar\/catalogo\/wp-json\/wp\/v2\/product_tag?post=3746"}],"curies":[{"name":"wp","href":"https:\/\/api.w.org\/{rel}","templated":true}]}}