{"id":3737,"date":"2023-07-24T16:14:41","date_gmt":"2023-07-24T19:14:41","guid":{"rendered":"https:\/\/lidertecsa.com.ar\/catalogo\/?post_type=product&#038;p=3737"},"modified":"2024-12-13T16:35:05","modified_gmt":"2024-12-13T19:35:05","slug":"kit-de-mini-hojas-para-sierra-circular","status":"publish","type":"product","link":"https:\/\/lidertecsa.com.ar\/catalogo\/producto\/kit-de-mini-hojas-para-sierra-circular\/","title":{"rendered":"KIT DE MINI HOJAS PARA SIERRA CIRCULAR"},"content":{"rendered":"<p>El kit de 3 hojas mini para sierra circular ofrece una hoja HSS, de 85 x 10\u00a0mm, con un m\u00e1ximo de 4000 rpm para trabajar con madera. Adem\u00e1s, el kit tambi\u00e9n incluye una hoja de sierra HM, de 85 x 10\u00a0mm, con un m\u00e1ximo de 8000 rpm para trabajar con pl\u00e1stico y madera, as\u00ed como una hoja de sierra de diamante, de 85 x 10\u00a0mm, con un m\u00e1ximo de 8000 rpm para trabajar con piedra, baldosas y azulejos de 5\u00a0mm. Como dispositivo auxiliar encontrar\u00e1 en el kit de mini sierras circulares una llave de pipa y una arandela.<\/p>\n<table width=\"294\">\n<tbody>\n<tr>\n<td width=\"80\" data-attr=\"STAERKE\"><\/td>\n<td width=\"214\">Di\u00e1metro x Di\u00e1metro de Inserci\u00f3n<\/td>\n<\/tr>\n<tr>\n<td rowspan=\"3\" width=\"80\">575905<\/td>\n<td width=\"214\" data-attr=\"DMXAUFNAHMEDM\">1 x HSS 85 x 10 mm<\/td>\n<\/tr>\n<tr>\n<td width=\"214\" data-attr=\"ZAEHNE\">1 x HM 85 x 10 mm<\/td>\n<\/tr>\n<tr>\n<td width=\"214\">1 x Diamant 85 x 10 mm<\/td>\n<\/tr>\n<\/tbody>\n<\/table>\n","protected":false},"excerpt":{"rendered":"<p>El kit de 3 hojas mini para sierra circular ofrece una hoja HSS, una hoja de sierra HM, una hoja de sierra de diamante<\/p>\n","protected":false},"featured_media":3741,"template":"","meta":{"_joinchat":[]},"product_cat":[736],"product_tag":[769],"class_list":{"0":"post-3737","1":"product","2":"type-product","3":"status-publish","4":"has-post-thumbnail","6":"product_cat-accesorios-varios","7":"product_tag-discos-para-mini-sierra","9":"first","10":"instock","11":"taxable","12":"shipping-taxable","13":"product-type-simple"},"_links":{"self":[{"href":"https:\/\/lidertecsa.com.ar\/catalogo\/wp-json\/wp\/v2\/product\/3737"}],"collection":[{"href":"https:\/\/lidertecsa.com.ar\/catalogo\/wp-json\/wp\/v2\/product"}],"about":[{"href":"https:\/\/lidertecsa.com.ar\/catalogo\/wp-json\/wp\/v2\/types\/product"}],"wp:featuredmedia":[{"embeddable":true,"href":"https:\/\/lidertecsa.com.ar\/catalogo\/wp-json\/wp\/v2\/media\/3741"}],"wp:attachment":[{"href":"https:\/\/lidertecsa.com.ar\/catalogo\/wp-json\/wp\/v2\/media?parent=3737"}],"wp:term":[{"taxonomy":"product_cat","embeddable":true,"href":"https:\/\/lidertecsa.com.ar\/catalogo\/wp-json\/wp\/v2\/product_cat?post=3737"},{"taxonomy":"product_tag","embeddable":true,"href":"https:\/\/lidertecsa.com.ar\/catalogo\/wp-json\/wp\/v2\/product_tag?post=3737"}],"curies":[{"name":"wp","href":"https:\/\/api.w.org\/{rel}","templated":true}]}}