{"id":3713,"date":"2023-07-24T15:42:55","date_gmt":"2023-07-24T18:42:55","guid":{"rendered":"https:\/\/lidertecsa.com.ar\/catalogo\/?post_type=product&#038;p=3713"},"modified":"2024-12-13T16:35:03","modified_gmt":"2024-12-13T19:35:03","slug":"barredora-inalambrica-escoba-einhell-te-sw-18-610-li-solo","status":"publish","type":"product","link":"https:\/\/lidertecsa.com.ar\/catalogo\/producto\/barredora-inalambrica-escoba-einhell-te-sw-18-610-li-solo\/","title":{"rendered":"Barredora Inal\u00e1mbrica Escoba Einhell TE-SW 18\/610 Li Solo"},"content":{"rendered":"<p>La barredora mec\u00e1nica inal\u00e1mbrica Einhell TE-SW 18\/610 Li-Solo, como miembro de la familia flexible Power X-Change, es potente, confiable y flexible. Todas las bater\u00edas recargables PXC de alta calidad de la serie se pueden combinar con todos los dispositivos del sistema. La bater\u00eda recargable y el cargador est\u00e1n disponibles por separado, por ejemplo, como un pr\u00e1ctico set de iniciaci\u00f3n. La barredora mec\u00e1nica inal\u00e1mbrica necesita una bater\u00eda recargable de 18 V para su funcionamiento. Barrer el camino y el camino puede ser un esfuerzo, pero no tiene por qu\u00e9 serlo. La barredora mec\u00e1nica inal\u00e1mbrica ayuda en el trabajo de barrido, lo que le permite barrer sin esfuerzo ni esfuerzo utilizando un accionamiento asistido por bater\u00eda de los cepillos y el motor. Especialmente para barrer grandes superficies a una velocidad de hasta 1.800 m\u00b2 por hora gracias a la anchura de barrido de 610 mm, facilita el trabajo de mantener ordenados los grandes patios. La barredora mec\u00e1nica inal\u00e1mbrica permite alcanzar todos los bordes con el cepillo colocado en el lateral. Para barrer zonas muy irregulares, el labio es extra\u00edble. El interruptor de encendido \/ apagado es de f\u00e1cil acceso ya que se encuentra en el mango. Los rodillos giratorios garantizan un f\u00e1cil manejo sea cual sea la superficie. Con ruedas grandes y forma ergon\u00f3mica, la barredora mec\u00e1nica inal\u00e1mbrica es f\u00e1cil de transportar. La barredora mec\u00e1nica inal\u00e1mbrica tiene un \u00e1rea de base y una gu\u00eda ajustable para un f\u00e1cil almacenamiento. Completo con un dep\u00f3sito de suciedad de 20 litros de alta calidad que se puede depositar de forma segura. Se suministra sin bater\u00eda recargable PXC ni cargador. Los rodillos giratorios garantizan un f\u00e1cil manejo sea cual sea la superficie. Con ruedas grandes y forma ergon\u00f3mica, la barredora mec\u00e1nica inal\u00e1mbrica es f\u00e1cil de transportar. La barredora mec\u00e1nica inal\u00e1mbrica tiene un \u00e1rea de base y una gu\u00eda ajustable para un f\u00e1cil almacenamiento. Completo con un dep\u00f3sito de suciedad de 20 litros de alta calidad que se puede depositar de forma segura. Se suministra sin bater\u00eda recargable PXC ni cargador. Los rodillos giratorios garantizan un f\u00e1cil manejo sea cual sea la superficie. Con ruedas grandes y forma ergon\u00f3mica, la barredora mec\u00e1nica inal\u00e1mbrica es f\u00e1cil de transportar. La barredora mec\u00e1nica inal\u00e1mbrica tiene un \u00e1rea de base y una gu\u00eda ajustable para un f\u00e1cil almacenamiento. Completo con un dep\u00f3sito de suciedad de 20 litros de alta calidad que se puede depositar de forma segura. Se suministra sin bater\u00eda recargable PXC ni cargador.<\/p>\n<table width=\"451\">\n<tbody>\n<tr>\n<td colspan=\"2\" width=\"451\">Especificaciones t\u00e9cnicas<\/td>\n<\/tr>\n<tr>\n<td width=\"274\">tensi\u00f3n<\/td>\n<td width=\"177\">18 V<\/td>\n<\/tr>\n<tr>\n<td width=\"274\">Colector de suciedad volum\u00e9trico<\/td>\n<td width=\"177\">20 litros<\/td>\n<\/tr>\n<tr>\n<td width=\"274\">Rendimiento arrollador<\/td>\n<td width=\"177\">1800 m\u00b2 \/ h<\/td>\n<\/tr>\n<tr>\n<td width=\"274\">Anchura de trabajo<\/td>\n<td width=\"177\">610 mil\u00edmetros<\/td>\n<\/tr>\n<\/tbody>\n<\/table>\n<p>&nbsp;<\/p>\n","protected":false},"excerpt":{"rendered":"<ul>\n<li>Miembro de la familia Power X-Change, necesita 1 bater\u00eda de 18V<\/li>\n<li>Barrer sin esfuerzo ni trabajo con accionamiento y motor asistidos por bater\u00eda<\/li>\n<li>Limpieza de gran superficie de 1800 m\u00b2\/h gracias al ancho de barrido de 610 mm<\/li>\n<li>Llega a todas las esquinas con las escobas posicionadas lateralmente<\/li>\n<li>Incl. contenedor de suciedad de 20 l de alta calidad y seguro de colocar<\/li>\n<li>Superficie de colocaci\u00f3n y manillar regulable para guardarla de forma sencilla<\/li>\n<li>Labio desmontable para barrer zonas muy desiguales<\/li>\n<li>Aplicaci\u00f3n c\u00f3moda con interruptor de encendido y apagado en la empu\u00f1adura<\/li>\n<li>Ruedecillas dirigibles para un manejo sencillo en todas las superficies<\/li>\n<li>Transporte c\u00f3modo con grandes ruedas y forma ergon\u00f3mica<\/li>\n<li>Se entrega sin bater\u00eda ni cargador (se puede adquirir por separado)<\/li>\n<\/ul>\n","protected":false},"featured_media":3714,"template":"","meta":{"_joinchat":[]},"product_cat":[50],"product_tag":[768],"class_list":{"0":"post-3713","1":"product","2":"type-product","3":"status-publish","4":"has-post-thumbnail","6":"product_cat-herramientas-a-bateria","7":"product_tag-barredora-inalambrica","9":"first","10":"instock","11":"product-type-simple"},"_links":{"self":[{"href":"https:\/\/lidertecsa.com.ar\/catalogo\/wp-json\/wp\/v2\/product\/3713"}],"collection":[{"href":"https:\/\/lidertecsa.com.ar\/catalogo\/wp-json\/wp\/v2\/product"}],"about":[{"href":"https:\/\/lidertecsa.com.ar\/catalogo\/wp-json\/wp\/v2\/types\/product"}],"wp:featuredmedia":[{"embeddable":true,"href":"https:\/\/lidertecsa.com.ar\/catalogo\/wp-json\/wp\/v2\/media\/3714"}],"wp:attachment":[{"href":"https:\/\/lidertecsa.com.ar\/catalogo\/wp-json\/wp\/v2\/media?parent=3713"}],"wp:term":[{"taxonomy":"product_cat","embeddable":true,"href":"https:\/\/lidertecsa.com.ar\/catalogo\/wp-json\/wp\/v2\/product_cat?post=3713"},{"taxonomy":"product_tag","embeddable":true,"href":"https:\/\/lidertecsa.com.ar\/catalogo\/wp-json\/wp\/v2\/product_tag?post=3713"}],"curies":[{"name":"wp","href":"https:\/\/api.w.org\/{rel}","templated":true}]}}